{"id":25,"date":"2014-12-05T15:07:03","date_gmt":"2014-12-05T15:07:03","guid":{"rendered":"http:\/\/gi.hoamhost.com\/?page_id=25"},"modified":"2016-09-30T18:05:00","modified_gmt":"2016-09-30T18:05:00","slug":"about-us","status":"publish","type":"page","link":"https:\/\/gateindustries.com\/es\/about-us\/","title":{"rendered":"About Us"},"content":{"rendered":"<div id=\"about\" class=\"topbox\">\n<h1><span>SOBRE NOSOTROS<\/span><\/h1>\n<\/div>\n<p>Gate Industries es una empresa de finanzas y consultor\u00eda multinacional con sede en Carolina del Sur, especializada en proporcionar y facilitar una variedad de opciones fin\u00e1nciales, incluyendo oferta de financiaci\u00f3n privada a trav\u00e9s de extranjeros (inversiones EB-5) y financiaci\u00f3n nacional privada. Nuestra empresa es un Centro Regional establecido con una red de afiliados de costa a costa y amplia experiencia en la orientaci\u00f3n y prestaci\u00f3n de servicios completos desde la fase inicial de planificaci\u00f3n de un proyecto EB -5 a la financiaci\u00f3n final.<\/p>\n<p>Gate Industries se dedica a ayudar extranjeros y sus familias a asegurar la residencia permanente en los Estados Unidos (EE.UU.) a trav\u00e9s del programa EB-5, proporcionando ofertas acreditadas de inversi\u00f3n y en pleno cumplimiento, as\u00ed como el acceso a las conecciones de alta especializaci\u00f3n en la industria, incluyendo:<\/p>\n<ul>\n<li>Acceso a oficinas de inmigraci\u00f3n de alto est\u00e1ndar,<\/li>\n<li>Asociaciones con los principales agentes de migraci\u00f3n, economistas y agentes comerciales<\/li>\n<li>Equipo interno de cumplimiento legal,<\/li>\n<li>Proyectos pre-aprobados por USCIS en todo los EE.UU.<\/li>\n<\/ul>\n<p>Como una empresa de consultor\u00eda l\u00edder en EB-5 y Centros Regionales, Gate Industries ha recaudado m\u00e1s de US$600 millones en capital hasta hoy y aplicado con \u00e9xito, m\u00e1s de 18 proyectos en todo el pa\u00eds. Nuestro \u00e9xito se basa en nuestro compromiso con una estrategia individualizada para cada cliente, asegurando \u00e9xito y lucratividad.<\/p>\n<p>Compuesto por l\u00edderes reconocidos en la comunidad EB-5, el equipo de Gate Industries son regularmente invitados para presentar en conferencias EB-5, tanto en los EE.UU. como en el extranjero. Nuestro equipo de expertos est\u00e1 compuesto por militares, contratistas de la industria de defensa, abogados, agentes de patentes, estudiantes de doctorado, analistas financieros y antiguos gestores de fondos Hedge, promotores inmobiliarios, expertos en el sector de la energ\u00eda, productores, ejecutivos del entretenimiento y economistas expertos en EB-5.<\/p>\n<p>Gate Industries tiene un personal diverso y multiling\u00fce, con fluidez en mandar\u00edn, ruso, franc\u00e9s, espa\u00f1ol y portugu\u00e9s. Considerando que varios miembros de nuestro equipo son inmigrantes, Gate Industries est\u00e1 familiarizada con el complejo proceso de inmigraci\u00f3n de los EE.UU. Con alta conectividad a oficinas en los EE.UU. y en el extranjero, Gate Industries est\u00e1 ventajosamente colocada para asistir a inversores extranjeros acreditados, ayud\u00e1ndolos a alcanzar sus objetivos de inversi\u00f3n e inmigraci\u00f3n, as\u00ed como, asistir a desarrolladores de negocios locales.<\/p>\n<p style=\"text-align: center; clear: both; padding-top: 30px; margin-bottom: -10px;\"><a href=\"http:\/\/www.iiusa.org\/\" target=\"_blank\"><img loading=\"lazy\" decoding=\"async\" class=\"aligncenter size-full wp-image-252\" src=\"https:\/\/gateindustries.com\/wp-content\/uploads\/2014\/12\/presidents.png\" alt=\"presidents\" width=\"150\" height=\"178\" \/><\/a><\/p>\n","protected":false},"excerpt":{"rendered":"<p>SOBRE NOSOTROS Gate Industries es una empresa de finanzas y consultor\u00eda multinacional con sede en Carolina del Sur, especializada en proporcionar y facilitar una variedad de opciones fin\u00e1nciales, incluyendo oferta de financiaci\u00f3n privada a trav\u00e9s de extranjeros (inversiones EB-5) y financiaci\u00f3n nacional privada. Nuestra empresa es un Centro Regional establecido con una red de afiliados [&hellip;]<\/p>\n","protected":false},"author":3,"featured_media":0,"parent":0,"menu_order":0,"comment_status":"open","ping_status":"open","template":"","meta":{"footnotes":""},"class_list":["post-25","page","type-page","status-publish","hentry"],"yoast_head":"<!-- This site is optimized with the Yoast SEO plugin v17.0 - https:\/\/yoast.com\/wordpress\/plugins\/seo\/ -->\n<meta name=\"description\" content=\"Gate Industries is a multifaceted Greenville, South Carolina-based finance and consulting firm.\" \/>\n<meta name=\"robots\" content=\"index, follow, max-snippet:-1, max-image-preview:large, max-video-preview:-1\" \/>\n<link rel=\"canonical\" href=\"https:\/\/gateindustries.com\/es\/about-us\/\" \/>\n<meta property=\"og:locale\" content=\"en_US\" \/>\n<meta property=\"og:type\" content=\"article\" \/>\n<meta property=\"og:title\" content=\"About Gate Industries\" \/>\n<meta property=\"og:description\" content=\"Gate Industries is a multifaceted Greenville, South Carolina-based finance and consulting firm.\" \/>\n<meta property=\"og:url\" content=\"https:\/\/gateindustries.com\/es\/about-us\/\" \/>\n<meta property=\"og:site_name\" content=\"Navigation\" \/>\n<meta property=\"article:modified_time\" content=\"2016-09-30T18:05:00+00:00\" \/>\n<meta property=\"og:image\" content=\"https:\/\/gateindustries.com\/wp-content\/uploads\/2014\/12\/presidents.png\" \/>\n<meta name=\"twitter:label1\" content=\"Est. reading time\" \/>\n\t<meta name=\"twitter:data1\" content=\"2 minutes\" \/>\n<script type=\"application\/ld+json\" class=\"yoast-schema-graph\">{\"@context\":\"https:\/\/schema.org\",\"@graph\":[{\"@type\":\"WebSite\",\"@id\":\"https:\/\/gateindustries.com\/es\/#website\",\"url\":\"https:\/\/gateindustries.com\/es\/\",\"name\":\"Navigation\",\"description\":\"\",\"potentialAction\":[{\"@type\":\"SearchAction\",\"target\":{\"@type\":\"EntryPoint\",\"urlTemplate\":\"https:\/\/gateindustries.com\/es\/?s={search_term_string}\"},\"query-input\":\"required name=search_term_string\"}],\"inLanguage\":\"en-US\"},{\"@type\":\"ImageObject\",\"@id\":\"https:\/\/gateindustries.com\/es\/about-us\/#primaryimage\",\"inLanguage\":\"en-US\",\"url\":\"https:\/\/gateindustries.com\/wp-content\/uploads\/2014\/12\/presidents.png\",\"contentUrl\":\"https:\/\/gateindustries.com\/wp-content\/uploads\/2014\/12\/presidents.png\"},{\"@type\":\"WebPage\",\"@id\":\"https:\/\/gateindustries.com\/es\/about-us\/#webpage\",\"url\":\"https:\/\/gateindustries.com\/es\/about-us\/\",\"name\":\"About Gate Industries\",\"isPartOf\":{\"@id\":\"https:\/\/gateindustries.com\/es\/#website\"},\"primaryImageOfPage\":{\"@id\":\"https:\/\/gateindustries.com\/es\/about-us\/#primaryimage\"},\"datePublished\":\"2014-12-05T15:07:03+00:00\",\"dateModified\":\"2016-09-30T18:05:00+00:00\",\"description\":\"Gate Industries is a multifaceted Greenville, South Carolina-based finance and consulting firm.\",\"breadcrumb\":{\"@id\":\"https:\/\/gateindustries.com\/es\/about-us\/#breadcrumb\"},\"inLanguage\":\"en-US\",\"potentialAction\":[{\"@type\":\"ReadAction\",\"target\":[\"https:\/\/gateindustries.com\/es\/about-us\/\"]}]},{\"@type\":\"BreadcrumbList\",\"@id\":\"https:\/\/gateindustries.com\/es\/about-us\/#breadcrumb\",\"itemListElement\":[{\"@type\":\"ListItem\",\"position\":1,\"name\":\"Home\",\"item\":\"https:\/\/gateindustries.com\/es\/\"},{\"@type\":\"ListItem\",\"position\":2,\"name\":\"About Us\"}]}]}<\/script>\n<!-- \/ Yoast SEO plugin. -->","yoast_head_json":{"description":"Gate Industries is a multifaceted Greenville, South Carolina-based finance and consulting firm.","robots":{"index":"index","follow":"follow","max-snippet":"max-snippet:-1","max-image-preview":"max-image-preview:large","max-video-preview":"max-video-preview:-1"},"canonical":"https:\/\/gateindustries.com\/es\/about-us\/","og_locale":"en_US","og_type":"article","og_title":"About Gate Industries","og_description":"Gate Industries is a multifaceted Greenville, South Carolina-based finance and consulting firm.","og_url":"https:\/\/gateindustries.com\/es\/about-us\/","og_site_name":"Navigation","article_modified_time":"2016-09-30T18:05:00+00:00","og_image":[{"url":"https:\/\/gateindustries.com\/wp-content\/uploads\/2014\/12\/presidents.png"}],"twitter_misc":{"Est. reading time":"2 minutes"},"schema":{"@context":"https:\/\/schema.org","@graph":[{"@type":"WebSite","@id":"https:\/\/gateindustries.com\/es\/#website","url":"https:\/\/gateindustries.com\/es\/","name":"Navigation","description":"","potentialAction":[{"@type":"SearchAction","target":{"@type":"EntryPoint","urlTemplate":"https:\/\/gateindustries.com\/es\/?s={search_term_string}"},"query-input":"required name=search_term_string"}],"inLanguage":"en-US"},{"@type":"ImageObject","@id":"https:\/\/gateindustries.com\/es\/about-us\/#primaryimage","inLanguage":"en-US","url":"https:\/\/gateindustries.com\/wp-content\/uploads\/2014\/12\/presidents.png","contentUrl":"https:\/\/gateindustries.com\/wp-content\/uploads\/2014\/12\/presidents.png"},{"@type":"WebPage","@id":"https:\/\/gateindustries.com\/es\/about-us\/#webpage","url":"https:\/\/gateindustries.com\/es\/about-us\/","name":"About Gate Industries","isPartOf":{"@id":"https:\/\/gateindustries.com\/es\/#website"},"primaryImageOfPage":{"@id":"https:\/\/gateindustries.com\/es\/about-us\/#primaryimage"},"datePublished":"2014-12-05T15:07:03+00:00","dateModified":"2016-09-30T18:05:00+00:00","description":"Gate Industries is a multifaceted Greenville, South Carolina-based finance and consulting firm.","breadcrumb":{"@id":"https:\/\/gateindustries.com\/es\/about-us\/#breadcrumb"},"inLanguage":"en-US","potentialAction":[{"@type":"ReadAction","target":["https:\/\/gateindustries.com\/es\/about-us\/"]}]},{"@type":"BreadcrumbList","@id":"https:\/\/gateindustries.com\/es\/about-us\/#breadcrumb","itemListElement":[{"@type":"ListItem","position":1,"name":"Home","item":"https:\/\/gateindustries.com\/es\/"},{"@type":"ListItem","position":2,"name":"About Us"}]}]}},"_links":{"self":[{"href":"https:\/\/gateindustries.com\/es\/wp-json\/wp\/v2\/pages\/25","targetHints":{"allow":["GET"]}}],"collection":[{"href":"https:\/\/gateindustries.com\/es\/wp-json\/wp\/v2\/pages"}],"about":[{"href":"https:\/\/gateindustries.com\/es\/wp-json\/wp\/v2\/types\/page"}],"author":[{"embeddable":true,"href":"https:\/\/gateindustries.com\/es\/wp-json\/wp\/v2\/users\/3"}],"replies":[{"embeddable":true,"href":"https:\/\/gateindustries.com\/es\/wp-json\/wp\/v2\/comments?post=25"}],"version-history":[{"count":15,"href":"https:\/\/gateindustries.com\/es\/wp-json\/wp\/v2\/pages\/25\/revisions"}],"predecessor-version":[{"id":431,"href":"https:\/\/gateindustries.com\/es\/wp-json\/wp\/v2\/pages\/25\/revisions\/431"}],"wp:attachment":[{"href":"https:\/\/gateindustries.com\/es\/wp-json\/wp\/v2\/media?parent=25"}],"curies":[{"name":"wp","href":"https:\/\/api.w.org\/{rel}","templated":true}]}}