{"id":31,"date":"2014-12-05T16:28:16","date_gmt":"2014-12-05T16:28:16","guid":{"rendered":"http:\/\/gi.hoamhost.com\/?page_id=31"},"modified":"2016-09-30T19:07:49","modified_gmt":"2016-09-30T19:07:49","slug":"the-eb-5-program","status":"publish","type":"page","link":"https:\/\/gateindustries.com\/es\/the-eb-5-program\/","title":{"rendered":"The EB-5 Program"},"content":{"rendered":"<div id=\"eb5\" class=\"topbox\">\n<h1><span>EL PROGRAMA EB-5<\/span><\/h1>\n<\/div>\n<h2>Sinopsis del Programa EB-5<\/h2>\n<ul>\n<li>El Congreso de los EE.UU. cre\u00f3 el Programa para Inmigrantes Inversionistas (EB-5) en 1990 para extranjeros calificados que deseen invertir en un negocio en los Estados Unidos que beneficiar\u00e1 a la econom\u00eda local y crear\u00e1 o mantendr\u00e1 al menos 10 puestos de trabajo a tiempo completo para trabajadores estadounidenses.<\/li>\n<li>El monto base requerido para invertir es de US$1 mill\u00f3n, aunque dicha cantidad podr\u00e1  reducirse a US$500,000 si la inversi\u00f3n se realiza en un \u00e1rea rural o de elevada tasa de desempleo previamente establecida por el gobierno del estado en cuesti\u00f3n como Zona de Empleo \u2013 Target Employment Area (por sus siglas en Ingl\u00e9s, TEA).<\/li>\n<li>De los 10,000 EB-5 Green Cards (tarjetas de residencia) disponibles anualmente, 3,000 est\u00e1n reservados para los extranjeros que invierten a trav\u00e9s de un Centro Regional. El Servicio de Inmigraci\u00f3n y Ciudadan\u00eda de los Estados Unidos (por sus siglas en ingl\u00e9s, USCIS) estima que aproximadamente m\u00e1s del 90% de las visas EB-5 se basan en la inversi\u00f3n a trav\u00e9s de Centro Regional.<\/li>\n<li>La inversi\u00f3n extranjera a trav\u00e9s del programa EB-5 promueve el crecimiento econ\u00f3mico generalizado y la creaci\u00f3n de numerosos puestos de trabajo. Todos los inversores deben cumplir con los estrictos requisitos y procesos de evaluaci\u00f3n requeridos por el USCIS.<\/li>\n<\/ul>\n<h3>Beneficios a los inversores<\/h3>\n<ul>\n<li><strong>Familia<\/strong>: El programa EB-5 permite que los inversores extranjeros y sus familiares directos (c\u00f3nyuge y todos los hijos solteros menores de 21 a\u00f1os de edad) puedan emigrar a los EE.UU. y obtener una tarjeta de residente (Green Card), y luego proceder a la ciudadan\u00eda y los beneficios de un pasaporte americano, mientras invierten su dinero en un proyecto de su elecci\u00f3n.<\/li>\n<li><strong>Ventaja de un Centro Regional<\/strong>: El Programa de Inversi\u00f3n por Centro Regional ayuda a los inversores extranjeros con la direcci\u00f3n y gesti\u00f3n profesional de la inversi\u00f3n dentro del negocio designado y del enfoque geogr\u00e1fico del Centro Regional.<\/li>\n<li><strong>Conveniencia<\/strong>: La obtenci\u00f3n de la ciudadan\u00eda a trav\u00e9s de una inversi\u00f3n EB-5 es considerablemente m\u00e1s r\u00e1pida que otros m\u00e9todos tradicionales de inmigraci\u00f3n, algunos de los cuales pueden tardar hasta diez a\u00f1os o m\u00e1s. A trav\u00e9s de una inversi\u00f3n EB-5, los inversores pueden obtener la residencia permanente t\u00edpicamente dentro de 3-5 a\u00f1os.<\/li>\n<li><strong>Libertad Personal y Profesional<\/strong>: La libertad para vivir, trabajar, y retirarse en cualquier lugar de los EE.UU.<\/li>\n<li><strong>Conveniencia<\/strong>: No hay requisitos patrocinador para el visado <\/li>\n<li><strong>Educaci\u00f3n para menores<\/strong>: El acceso a las escuelas p\u00fablicas primarias, intermedias y escuelas secundarias y la matr\u00edcula estatal en las universidades p\u00fablicas<\/li>\n<\/ul>\n<h3>La econom\u00eda del EB-5<\/h3>\n<ul>\n<li>Los gastos asociados con los inversores EB-5 contribuyeron US$3.4 millones para el PIB de los EE.UU. y promovieron m\u00e1s de 42,000 puestos de trabajo en 2012.<\/li>\n<li>El gasto de los inversores EB-5 tambi\u00e9n contribuyeran con US$448 millones a los ingresos de impuestos federales y US$265 millones a los ingresos de impuestos estatales y locales.<\/li>\n<\/ul>\n<h3>Preguntas frecuentes<\/h3>\n<div class=\"su-accordion su-u-trim\">\n<div class=\"su-spoiler su-spoiler-style-fancy su-spoiler-icon-plus su-spoiler-closed\" data-scroll-offset=\"0\" data-anchor-in-url=\"no\"><div class=\"su-spoiler-title\" tabindex=\"0\" role=\"button\"><span class=\"su-spoiler-icon\"><\/span>\u00bfQu\u00e9 es un Centro Regional EB-5?<\/div><div class=\"su-spoiler-content su-u-clearfix su-u-trim\">Un Centro Regional EB-5 es una organizaci\u00f3n, designada y regulada por el Servicio de Inmigraci\u00f3n y Ciudadan\u00eda de los Estados Unidos (siglas en ingl\u00e9s, USCIS), que facilita la inversi\u00f3n en proyectos de desarrollo econ\u00f3mico de creaci\u00f3n de empleo mediante la agrupaci\u00f3n de los capitales obtenidos bajo el programa EB-5 de inversionistas inmigrantes. Los Centros Regionales pueden ser de propiedad p\u00fablica (por ejemplo, por una ciudad, estado o agencia de desarrollo econ\u00f3mico regional), de propiedad privada, o ser una asociaci\u00f3n p\u00fablico-privada.<\/div><\/div>\n<div class=\"su-spoiler su-spoiler-style-fancy su-spoiler-icon-plus su-spoiler-closed\" data-scroll-offset=\"0\" data-anchor-in-url=\"no\"><div class=\"su-spoiler-title\" tabindex=\"0\" role=\"button\"><span class=\"su-spoiler-icon\"><\/span>\u00bfQu\u00e9 hacen los Centros Regionales?<\/div><div class=\"su-spoiler-content su-u-clearfix su-u-trim\"> Identifican oportunidades de inversi\u00f3n que crearan puestos de trabajo en las comunidades locales, a menudo en asociaci\u00f3n con los organismos de desarrollo econ\u00f3mico. Ayudan en la promoci\u00f3n de oportunidades de inversi\u00f3n para los inversores de todo el mundo. Aseguran de que la oferta de inversi\u00f3n cumple con las leyes y regulaciones federales y estatales de la Comisi\u00f3n Nacional del Mercado de Valores (Security and Exchange Commission, SEC), as\u00ed como con los requisitos espec\u00edficos del programa EB-5.<\/div><\/div>\n<div class=\"su-spoiler su-spoiler-style-fancy su-spoiler-icon-plus su-spoiler-closed\" data-scroll-offset=\"0\" data-anchor-in-url=\"no\"><div class=\"su-spoiler-title\" tabindex=\"0\" role=\"button\"><span class=\"su-spoiler-icon\"><\/span>\u00bfC\u00f3mo se estructuran las inversiones EB-5 afiliadas a los Centros Regionales?<\/div><div class=\"su-spoiler-content su-u-clearfix su-u-trim\"> Las inversiones EB-5 afiliados a Centros Regionales se realizan a trav\u00e9s de colocaciones privadas &#8211; venta de valores a un n\u00famero relativamente peque\u00f1o de inversores seleccionados. Como todas las colocaciones privadas utilizadas por las empresas para obtener capital en varios contextos, colocaciones privadas de EB-5 se rigen por las leyes federales y estatales de Valores y reglamentos.<\/div><\/div>\n<div class=\"su-spoiler su-spoiler-style-fancy su-spoiler-icon-plus su-spoiler-closed\" data-scroll-offset=\"0\" data-anchor-in-url=\"no\"><div class=\"su-spoiler-title\" tabindex=\"0\" role=\"button\"><span class=\"su-spoiler-icon\"><\/span>\u00bfSon las opciones de financiaci\u00f3n de los Centros Regionales EB-5 m\u00e1s baratas para las empresas que otras fuentes de capital?<\/div><div class=\"su-spoiler-content su-u-clearfix su-u-trim\">S\u00ed. En muchos casos, EB-5 es una forma de financiaci\u00f3n de menor costo de capital que otras alternativas, porque la demanda de los inversores por retorno de su inversi\u00f3n es frecuentemente menor para capital EB-5 que otras fuentes de capital. Adem\u00e1s, asegurar  capital EB-5 aumenta la liquidez global de un negocio o proyecto que, por su vez, reduce el costo de adquisici\u00f3n de capital de otras fuentes.<\/div><\/div>\n<div class=\"su-spoiler su-spoiler-style-fancy su-spoiler-icon-plus su-spoiler-closed\" data-scroll-offset=\"0\" data-anchor-in-url=\"no\"><div class=\"su-spoiler-title\" tabindex=\"0\" role=\"button\"><span class=\"su-spoiler-icon\"><\/span>\u00bfCu\u00e1les son los riesgos que enfrentan los inversionistas con la inversi\u00f3n EB-5 del Centro Regional?<\/div><div class=\"su-spoiler-content su-u-clearfix su-u-trim\"> Por ley, inversiones EB-5 deben estar &#8220;en riesgo&#8221; de la misma manera que cualquier equidad, valores u otro tipo de inversi\u00f3n implican un riesgo inherente. Los Centros Regionales, al igual que otras entidades que comercializan las oportunidades de inversi\u00f3n, no pueden garantizar un retorno de la inversi\u00f3n. Los Centros Regionales tambi\u00e9n no pueden garantizar el retorno del capital de inversi\u00f3n para el inversor. <\/div><\/div>\n<div class=\"su-spoiler su-spoiler-style-fancy su-spoiler-icon-plus su-spoiler-closed\" data-scroll-offset=\"0\" data-anchor-in-url=\"no\"><div class=\"su-spoiler-title\" tabindex=\"0\" role=\"button\"><span class=\"su-spoiler-icon\"><\/span>\u00bfQu\u00e9 tipo de compromiso financiero hacen los inversionistas EB5?<\/div><div class=\"su-spoiler-content su-u-clearfix su-u-trim\"> Por ley, se requiere que un inversionista EB-5 invierta un m\u00ednimo de US$1 mill\u00f3n, a menos que la inversi\u00f3n se encuentre en una zona de empleo conocida como Target Employment Area (por sus siglas en ingl\u00e9s, TEA) \u2013 o sea, en una \u00e1rea rural o \u00e1rea de alto desempleo designada por el Servicio de Inmigraci\u00f3n y Ciudadan\u00eda de los EE.UU. (USCIS). Los proyectos de financiaci\u00f3n de Centro Regionales en zonas de empleo TEA pueden aceptar un m\u00ednimo de US$500,000 de cada inversionista EB-5.<\/div><\/div>\n<div class=\"su-spoiler su-spoiler-style-fancy su-spoiler-icon-plus su-spoiler-closed\" data-scroll-offset=\"0\" data-anchor-in-url=\"no\"><div class=\"su-spoiler-title\" tabindex=\"0\" role=\"button\"><span class=\"su-spoiler-icon\"><\/span>\u00bfCu\u00e1les son los riesgos de que las empresas tienen en aceptar la inversi\u00f3n EB-5?<\/div><div class=\"su-spoiler-content su-u-clearfix su-u-trim\">Las empresas no tienen ning\u00fan riesgo adicional en aceptar la inversi\u00f3n EB-5. Interact\u00faan con el dinero como con cualquier otra fuente de financiaci\u00f3n o de inversi\u00f3n, aunque a un costo muchas veces menor. <\/div><\/div>\n<div class=\"su-spoiler su-spoiler-style-fancy su-spoiler-icon-plus su-spoiler-closed\" data-scroll-offset=\"0\" data-anchor-in-url=\"no\"><div class=\"su-spoiler-title\" tabindex=\"0\" role=\"button\"><span class=\"su-spoiler-icon\"><\/span>\u00bfC\u00f3mo los Centros Regionales EB-5 ayudan a las comunidades?<\/div><div class=\"su-spoiler-content su-u-clearfix su-u-trim\">\u00a0Centros Regionales EB-5 facilitan la inversi\u00f3n directa en proyectos que cumplen con los objetivos de creaci\u00f3n de empleo y de desarrollo econ\u00f3mico de las zonas geogr\u00e1ficas designadas. Centros Regionales re\u00fanen recursos de inversi\u00f3n de m\u00faltiples inversionistas EB-5 e implementan proyectos de gran escala, a menudo en coordinaci\u00f3n con las agencias regionales de desarrollo econ\u00f3mico.<\/div><\/div><\/div>\n<p style=\"text-align:center; clear:both; padding-top:30px; margin-bottom:-10px;\"><a href=\"http:\/\/www.iiusa.org\/\" target=\"_blank\"><img loading=\"lazy\" decoding=\"async\" src=\"https:\/\/gateindustries.com\/wp-content\/uploads\/2014\/12\/presidents.png\" alt=\"presidents\" width=\"150\" height=\"178\" class=\"aligncenter size-full wp-image-252\" \/><\/a><\/p>\n","protected":false},"excerpt":{"rendered":"<p>EL PROGRAMA EB-5 Sinopsis del Programa EB-5 El Congreso de los EE.UU. cre\u00f3 el Programa para Inmigrantes Inversionistas (EB-5) en 1990 para extranjeros calificados que deseen invertir en un negocio en los Estados Unidos que beneficiar\u00e1 a la econom\u00eda local y crear\u00e1 o mantendr\u00e1 al menos 10 puestos de trabajo a tiempo completo para trabajadores [&hellip;]<\/p>\n","protected":false},"author":3,"featured_media":0,"parent":0,"menu_order":0,"comment_status":"open","ping_status":"open","template":"","meta":{"footnotes":""},"class_list":["post-31","page","type-page","status-publish","hentry"],"yoast_head":"<!-- This site is optimized with the Yoast SEO plugin v17.0 - https:\/\/yoast.com\/wordpress\/plugins\/seo\/ -->\n<meta name=\"description\" content=\"General information about the EB-5 program and Frequently asked question to help your company understand the benefits of using it.\" \/>\n<meta name=\"robots\" content=\"index, follow, max-snippet:-1, max-image-preview:large, max-video-preview:-1\" \/>\n<link rel=\"canonical\" href=\"https:\/\/gateindustries.com\/es\/the-eb-5-program\/\" \/>\n<meta property=\"og:locale\" content=\"en_US\" \/>\n<meta property=\"og:type\" content=\"article\" \/>\n<meta property=\"og:title\" content=\"The EB-5 Program | Gate Industries\" \/>\n<meta property=\"og:description\" content=\"General information about the EB-5 program and Frequently asked question to help your company understand the benefits of using it.\" \/>\n<meta property=\"og:url\" content=\"https:\/\/gateindustries.com\/es\/the-eb-5-program\/\" \/>\n<meta property=\"og:site_name\" content=\"Navigation\" \/>\n<meta property=\"article:modified_time\" content=\"2016-09-30T19:07:49+00:00\" \/>\n<meta property=\"og:image\" content=\"https:\/\/gateindustries.com\/wp-content\/uploads\/2014\/12\/presidents.png\" \/>\n<meta name=\"twitter:label1\" content=\"Est. reading time\" \/>\n\t<meta name=\"twitter:data1\" content=\"6 minutes\" \/>\n<script type=\"application\/ld+json\" class=\"yoast-schema-graph\">{\"@context\":\"https:\/\/schema.org\",\"@graph\":[{\"@type\":\"WebSite\",\"@id\":\"https:\/\/gateindustries.com\/es\/#website\",\"url\":\"https:\/\/gateindustries.com\/es\/\",\"name\":\"Navigation\",\"description\":\"\",\"potentialAction\":[{\"@type\":\"SearchAction\",\"target\":{\"@type\":\"EntryPoint\",\"urlTemplate\":\"https:\/\/gateindustries.com\/es\/?s={search_term_string}\"},\"query-input\":\"required name=search_term_string\"}],\"inLanguage\":\"en-US\"},{\"@type\":\"ImageObject\",\"@id\":\"https:\/\/gateindustries.com\/es\/the-eb-5-program\/#primaryimage\",\"inLanguage\":\"en-US\",\"url\":\"https:\/\/gateindustries.com\/wp-content\/uploads\/2014\/12\/presidents.png\",\"contentUrl\":\"https:\/\/gateindustries.com\/wp-content\/uploads\/2014\/12\/presidents.png\"},{\"@type\":\"WebPage\",\"@id\":\"https:\/\/gateindustries.com\/es\/the-eb-5-program\/#webpage\",\"url\":\"https:\/\/gateindustries.com\/es\/the-eb-5-program\/\",\"name\":\"The EB-5 Program | Gate Industries\",\"isPartOf\":{\"@id\":\"https:\/\/gateindustries.com\/es\/#website\"},\"primaryImageOfPage\":{\"@id\":\"https:\/\/gateindustries.com\/es\/the-eb-5-program\/#primaryimage\"},\"datePublished\":\"2014-12-05T16:28:16+00:00\",\"dateModified\":\"2016-09-30T19:07:49+00:00\",\"description\":\"General information about the EB-5 program and Frequently asked question to help your company understand the benefits of using it.\",\"breadcrumb\":{\"@id\":\"https:\/\/gateindustries.com\/es\/the-eb-5-program\/#breadcrumb\"},\"inLanguage\":\"en-US\",\"potentialAction\":[{\"@type\":\"ReadAction\",\"target\":[\"https:\/\/gateindustries.com\/es\/the-eb-5-program\/\"]}]},{\"@type\":\"BreadcrumbList\",\"@id\":\"https:\/\/gateindustries.com\/es\/the-eb-5-program\/#breadcrumb\",\"itemListElement\":[{\"@type\":\"ListItem\",\"position\":1,\"name\":\"Home\",\"item\":\"https:\/\/gateindustries.com\/es\/\"},{\"@type\":\"ListItem\",\"position\":2,\"name\":\"The EB-5 Program\"}]}]}<\/script>\n<!-- \/ Yoast SEO plugin. -->","yoast_head_json":{"description":"General information about the EB-5 program and Frequently asked question to help your company understand the benefits of using it.","robots":{"index":"index","follow":"follow","max-snippet":"max-snippet:-1","max-image-preview":"max-image-preview:large","max-video-preview":"max-video-preview:-1"},"canonical":"https:\/\/gateindustries.com\/es\/the-eb-5-program\/","og_locale":"en_US","og_type":"article","og_title":"The EB-5 Program | Gate Industries","og_description":"General information about the EB-5 program and Frequently asked question to help your company understand the benefits of using it.","og_url":"https:\/\/gateindustries.com\/es\/the-eb-5-program\/","og_site_name":"Navigation","article_modified_time":"2016-09-30T19:07:49+00:00","og_image":[{"url":"https:\/\/gateindustries.com\/wp-content\/uploads\/2014\/12\/presidents.png"}],"twitter_misc":{"Est. reading time":"6 minutes"},"schema":{"@context":"https:\/\/schema.org","@graph":[{"@type":"WebSite","@id":"https:\/\/gateindustries.com\/es\/#website","url":"https:\/\/gateindustries.com\/es\/","name":"Navigation","description":"","potentialAction":[{"@type":"SearchAction","target":{"@type":"EntryPoint","urlTemplate":"https:\/\/gateindustries.com\/es\/?s={search_term_string}"},"query-input":"required name=search_term_string"}],"inLanguage":"en-US"},{"@type":"ImageObject","@id":"https:\/\/gateindustries.com\/es\/the-eb-5-program\/#primaryimage","inLanguage":"en-US","url":"https:\/\/gateindustries.com\/wp-content\/uploads\/2014\/12\/presidents.png","contentUrl":"https:\/\/gateindustries.com\/wp-content\/uploads\/2014\/12\/presidents.png"},{"@type":"WebPage","@id":"https:\/\/gateindustries.com\/es\/the-eb-5-program\/#webpage","url":"https:\/\/gateindustries.com\/es\/the-eb-5-program\/","name":"The EB-5 Program | Gate Industries","isPartOf":{"@id":"https:\/\/gateindustries.com\/es\/#website"},"primaryImageOfPage":{"@id":"https:\/\/gateindustries.com\/es\/the-eb-5-program\/#primaryimage"},"datePublished":"2014-12-05T16:28:16+00:00","dateModified":"2016-09-30T19:07:49+00:00","description":"General information about the EB-5 program and Frequently asked question to help your company understand the benefits of using it.","breadcrumb":{"@id":"https:\/\/gateindustries.com\/es\/the-eb-5-program\/#breadcrumb"},"inLanguage":"en-US","potentialAction":[{"@type":"ReadAction","target":["https:\/\/gateindustries.com\/es\/the-eb-5-program\/"]}]},{"@type":"BreadcrumbList","@id":"https:\/\/gateindustries.com\/es\/the-eb-5-program\/#breadcrumb","itemListElement":[{"@type":"ListItem","position":1,"name":"Home","item":"https:\/\/gateindustries.com\/es\/"},{"@type":"ListItem","position":2,"name":"The EB-5 Program"}]}]}},"_links":{"self":[{"href":"https:\/\/gateindustries.com\/es\/wp-json\/wp\/v2\/pages\/31","targetHints":{"allow":["GET"]}}],"collection":[{"href":"https:\/\/gateindustries.com\/es\/wp-json\/wp\/v2\/pages"}],"about":[{"href":"https:\/\/gateindustries.com\/es\/wp-json\/wp\/v2\/types\/page"}],"author":[{"embeddable":true,"href":"https:\/\/gateindustries.com\/es\/wp-json\/wp\/v2\/users\/3"}],"replies":[{"embeddable":true,"href":"https:\/\/gateindustries.com\/es\/wp-json\/wp\/v2\/comments?post=31"}],"version-history":[{"count":30,"href":"https:\/\/gateindustries.com\/es\/wp-json\/wp\/v2\/pages\/31\/revisions"}],"predecessor-version":[{"id":452,"href":"https:\/\/gateindustries.com\/es\/wp-json\/wp\/v2\/pages\/31\/revisions\/452"}],"wp:attachment":[{"href":"https:\/\/gateindustries.com\/es\/wp-json\/wp\/v2\/media?parent=31"}],"curies":[{"name":"wp","href":"https:\/\/api.w.org\/{rel}","templated":true}]}}