{"id":332,"date":"2015-10-28T19:55:29","date_gmt":"2015-10-28T19:55:29","guid":{"rendered":"https:\/\/gateindustries.com\/?page_id=332"},"modified":"2016-10-03T20:56:08","modified_gmt":"2016-10-03T20:56:08","slug":"concierge-services","status":"publish","type":"page","link":"https:\/\/gateindustries.com\/es\/concierge-services\/","title":{"rendered":"Concierge Services"},"content":{"rendered":"<div id=\"concie\" class=\"topbox\">\n<h1><span>Servicios de conserjer\u00eda<\/span><\/h1>\n<\/div>\n<p>Nuestra firma ofrece una variedad de servicios personalizados y asistencia profesional para apoyar a individuos de alto patrimonio, inversores internacionales, y empresarios que buscan emigrar a los Estados Unidos. Nuestros servicios de conserjer\u00eda especializados incluyen pero no se limitan a:<\/p>\n<h2>Servicios inmobiliarios<\/h2>\n<ul>\n<li>Si usted est\u00e1 buscando comprar la casa de sus sue\u00f1os, renovar, o simplemente alquilar una propiedad, Gate Industries est\u00e1 preparada para ayudarle con todas sus necesidades inmobiliarias.<\/li>\n<\/ul>\n<h2>Servicios de Educaci\u00f3n<\/h2>\n<ul>\n<li>Gate Industries est\u00e1 conectada a una amplia red de consultores en educaci\u00f3n altamente cualificados para ayudar a nuestros clientes y sus familias en determinar las mejores opciones educativas disponibles, incluyendo informaci\u00f3n sobre escuelas primarias privadas y p\u00fablicas, escuelas secundarias, colegios y universidades, con un enfoque en Ivy League y otras instituciones de primera categor\u00eda.<\/li>\n<li>Gate Industries tambi\u00e9n proporciona asistencia con visitas escolares, aplicaciones, opciones de alojamiento y profesores particulares.<\/li>\n<\/ul>\n<h2>P\u00f3lizas de seguro<\/h2>\n<ul>\n<li>Si usted est\u00e1 buscando seguro salud, seguro de vida oseguro general, Gate Industriesest\u00e1 disponible para ayudarle a tomar ladecisi\u00f3n correcta.<\/li>\n<\/ul>\n<h2>Servicios de Contabilidad e Impuestos <\/h2>\n<ul>\n<li>Serviciosde Contabilidad CPA<\/li>\n<li>Servicios de abogado fiscal<\/li>\n<li>Asistencia en la creaci\u00f3n decuentas fiduciarias<\/li>\n<\/ul>\n<h2>Consultor\u00eda Empresarial<\/h2>\n<ul>\n<li>Gate Industries sirve como el punto de contacto principal para ayudar a sus clientes a navegar por los canales apropiados en el mundo de los negocios, facilitar el di\u00e1logo con los contactos clave dentro de la comunidad empresarial y consultar sobre una amplia gama de temas de negocios. Ll\u00e1menos para mejorar la eficiencia de su negocio, estar en conformidad y maximizar sus ingresos.<\/li>\n<\/ul>\n<p style=\"text-align: center; clear: both; padding-top: 30px; margin-bottom: -10px;\"><a href=\"http:\/\/www.iiusa.org\/\" target=\"_blank\"><img loading=\"lazy\" decoding=\"async\" class=\"aligncenter size-full wp-image-252\" src=\"https:\/\/gateindustries.com\/wp-content\/uploads\/2014\/12\/presidents.png\" alt=\"presidents\" width=\"150\" height=\"178\" \/><\/a><\/p>\n","protected":false},"excerpt":{"rendered":"<p>Servicios de conserjer\u00eda Nuestra firma ofrece una variedad de servicios personalizados y asistencia profesional para apoyar a individuos de alto patrimonio, inversores internacionales, y empresarios que buscan emigrar a los Estados Unidos. Nuestros servicios de conserjer\u00eda especializados incluyen pero no se limitan a: Servicios inmobiliarios Si usted est\u00e1 buscando comprar la casa de sus sue\u00f1os, [&hellip;]<\/p>\n","protected":false},"author":3,"featured_media":0,"parent":0,"menu_order":0,"comment_status":"closed","ping_status":"closed","template":"","meta":{"footnotes":""},"class_list":["post-332","page","type-page","status-publish","hentry"],"yoast_head":"<!-- This site is optimized with the Yoast SEO plugin v17.0 - https:\/\/yoast.com\/wordpress\/plugins\/seo\/ -->\n<meta name=\"robots\" content=\"index, follow, max-snippet:-1, max-image-preview:large, max-video-preview:-1\" \/>\n<link rel=\"canonical\" href=\"https:\/\/gateindustries.com\/es\/concierge-services\/\" \/>\n<meta property=\"og:locale\" content=\"en_US\" \/>\n<meta property=\"og:type\" content=\"article\" \/>\n<meta property=\"og:title\" content=\"Concierge Services - Navigation\" \/>\n<meta property=\"og:description\" content=\"Servicios de conserjer\u00eda Nuestra firma ofrece una variedad de servicios personalizados y asistencia profesional para apoyar a individuos de alto patrimonio, inversores internacionales, y empresarios que buscan emigrar a los Estados Unidos. Nuestros servicios de conserjer\u00eda especializados incluyen pero no se limitan a: Servicios inmobiliarios Si usted est\u00e1 buscando comprar la casa de sus sue\u00f1os, [&hellip;]\" \/>\n<meta property=\"og:url\" content=\"https:\/\/gateindustries.com\/es\/concierge-services\/\" \/>\n<meta property=\"og:site_name\" content=\"Navigation\" \/>\n<meta property=\"article:modified_time\" content=\"2016-10-03T20:56:08+00:00\" \/>\n<meta property=\"og:image\" content=\"https:\/\/gateindustries.com\/wp-content\/uploads\/2014\/12\/presidents.png\" \/>\n<meta name=\"twitter:label1\" content=\"Est. reading time\" \/>\n\t<meta name=\"twitter:data1\" content=\"1 minute\" \/>\n<script type=\"application\/ld+json\" class=\"yoast-schema-graph\">{\"@context\":\"https:\/\/schema.org\",\"@graph\":[{\"@type\":\"WebSite\",\"@id\":\"https:\/\/gateindustries.com\/es\/#website\",\"url\":\"https:\/\/gateindustries.com\/es\/\",\"name\":\"Navigation\",\"description\":\"\",\"potentialAction\":[{\"@type\":\"SearchAction\",\"target\":{\"@type\":\"EntryPoint\",\"urlTemplate\":\"https:\/\/gateindustries.com\/es\/?s={search_term_string}\"},\"query-input\":\"required name=search_term_string\"}],\"inLanguage\":\"en-US\"},{\"@type\":\"ImageObject\",\"@id\":\"https:\/\/gateindustries.com\/es\/concierge-services\/#primaryimage\",\"inLanguage\":\"en-US\",\"url\":\"https:\/\/gateindustries.com\/wp-content\/uploads\/2014\/12\/presidents.png\",\"contentUrl\":\"https:\/\/gateindustries.com\/wp-content\/uploads\/2014\/12\/presidents.png\"},{\"@type\":\"WebPage\",\"@id\":\"https:\/\/gateindustries.com\/es\/concierge-services\/#webpage\",\"url\":\"https:\/\/gateindustries.com\/es\/concierge-services\/\",\"name\":\"Concierge Services - Navigation\",\"isPartOf\":{\"@id\":\"https:\/\/gateindustries.com\/es\/#website\"},\"primaryImageOfPage\":{\"@id\":\"https:\/\/gateindustries.com\/es\/concierge-services\/#primaryimage\"},\"datePublished\":\"2015-10-28T19:55:29+00:00\",\"dateModified\":\"2016-10-03T20:56:08+00:00\",\"breadcrumb\":{\"@id\":\"https:\/\/gateindustries.com\/es\/concierge-services\/#breadcrumb\"},\"inLanguage\":\"en-US\",\"potentialAction\":[{\"@type\":\"ReadAction\",\"target\":[\"https:\/\/gateindustries.com\/es\/concierge-services\/\"]}]},{\"@type\":\"BreadcrumbList\",\"@id\":\"https:\/\/gateindustries.com\/es\/concierge-services\/#breadcrumb\",\"itemListElement\":[{\"@type\":\"ListItem\",\"position\":1,\"name\":\"Home\",\"item\":\"https:\/\/gateindustries.com\/es\/\"},{\"@type\":\"ListItem\",\"position\":2,\"name\":\"Concierge Services\"}]}]}<\/script>\n<!-- \/ Yoast SEO plugin. -->","yoast_head_json":{"robots":{"index":"index","follow":"follow","max-snippet":"max-snippet:-1","max-image-preview":"max-image-preview:large","max-video-preview":"max-video-preview:-1"},"canonical":"https:\/\/gateindustries.com\/es\/concierge-services\/","og_locale":"en_US","og_type":"article","og_title":"Concierge Services - Navigation","og_description":"Servicios de conserjer\u00eda Nuestra firma ofrece una variedad de servicios personalizados y asistencia profesional para apoyar a individuos de alto patrimonio, inversores internacionales, y empresarios que buscan emigrar a los Estados Unidos. Nuestros servicios de conserjer\u00eda especializados incluyen pero no se limitan a: Servicios inmobiliarios Si usted est\u00e1 buscando comprar la casa de sus sue\u00f1os, [&hellip;]","og_url":"https:\/\/gateindustries.com\/es\/concierge-services\/","og_site_name":"Navigation","article_modified_time":"2016-10-03T20:56:08+00:00","og_image":[{"url":"https:\/\/gateindustries.com\/wp-content\/uploads\/2014\/12\/presidents.png"}],"twitter_misc":{"Est. reading time":"1 minute"},"schema":{"@context":"https:\/\/schema.org","@graph":[{"@type":"WebSite","@id":"https:\/\/gateindustries.com\/es\/#website","url":"https:\/\/gateindustries.com\/es\/","name":"Navigation","description":"","potentialAction":[{"@type":"SearchAction","target":{"@type":"EntryPoint","urlTemplate":"https:\/\/gateindustries.com\/es\/?s={search_term_string}"},"query-input":"required name=search_term_string"}],"inLanguage":"en-US"},{"@type":"ImageObject","@id":"https:\/\/gateindustries.com\/es\/concierge-services\/#primaryimage","inLanguage":"en-US","url":"https:\/\/gateindustries.com\/wp-content\/uploads\/2014\/12\/presidents.png","contentUrl":"https:\/\/gateindustries.com\/wp-content\/uploads\/2014\/12\/presidents.png"},{"@type":"WebPage","@id":"https:\/\/gateindustries.com\/es\/concierge-services\/#webpage","url":"https:\/\/gateindustries.com\/es\/concierge-services\/","name":"Concierge Services - Navigation","isPartOf":{"@id":"https:\/\/gateindustries.com\/es\/#website"},"primaryImageOfPage":{"@id":"https:\/\/gateindustries.com\/es\/concierge-services\/#primaryimage"},"datePublished":"2015-10-28T19:55:29+00:00","dateModified":"2016-10-03T20:56:08+00:00","breadcrumb":{"@id":"https:\/\/gateindustries.com\/es\/concierge-services\/#breadcrumb"},"inLanguage":"en-US","potentialAction":[{"@type":"ReadAction","target":["https:\/\/gateindustries.com\/es\/concierge-services\/"]}]},{"@type":"BreadcrumbList","@id":"https:\/\/gateindustries.com\/es\/concierge-services\/#breadcrumb","itemListElement":[{"@type":"ListItem","position":1,"name":"Home","item":"https:\/\/gateindustries.com\/es\/"},{"@type":"ListItem","position":2,"name":"Concierge Services"}]}]}},"_links":{"self":[{"href":"https:\/\/gateindustries.com\/es\/wp-json\/wp\/v2\/pages\/332","targetHints":{"allow":["GET"]}}],"collection":[{"href":"https:\/\/gateindustries.com\/es\/wp-json\/wp\/v2\/pages"}],"about":[{"href":"https:\/\/gateindustries.com\/es\/wp-json\/wp\/v2\/types\/page"}],"author":[{"embeddable":true,"href":"https:\/\/gateindustries.com\/es\/wp-json\/wp\/v2\/users\/3"}],"replies":[{"embeddable":true,"href":"https:\/\/gateindustries.com\/es\/wp-json\/wp\/v2\/comments?post=332"}],"version-history":[{"count":15,"href":"https:\/\/gateindustries.com\/es\/wp-json\/wp\/v2\/pages\/332\/revisions"}],"predecessor-version":[{"id":453,"href":"https:\/\/gateindustries.com\/es\/wp-json\/wp\/v2\/pages\/332\/revisions\/453"}],"wp:attachment":[{"href":"https:\/\/gateindustries.com\/es\/wp-json\/wp\/v2\/media?parent=332"}],"curies":[{"name":"wp","href":"https:\/\/api.w.org\/{rel}","templated":true}]}}