{"id":336,"date":"2015-10-28T20:07:16","date_gmt":"2015-10-28T20:07:16","guid":{"rendered":"https:\/\/gateindustries.com\/?page_id=336"},"modified":"2016-09-30T18:57:40","modified_gmt":"2016-09-30T18:57:40","slug":"patent-and-trademark-services","status":"publish","type":"page","link":"https:\/\/gateindustries.com\/es\/patent-and-trademark-services\/","title":{"rendered":"Patent and Trademark Services"},"content":{"rendered":"<div id=\"copyright\" class=\"topbox\">\n<h1><span>SERVICIOS DE MARCAS Y PATENTES<\/span><\/h1>\n<\/div>\n<h2>Gate Industries Servicios de Marcas y Patentes<\/h2>\n<p>Gate Industries se dedica a ayudar a sus clientes a adquirir, proteger y mantener sus derechos de propiedad intelectual a trav\u00e9s de patentes y marcas comerciales. Mantenemos relaciones estrat\u00e9gicas con las principales firmas de abogados y agentes de patentes para apoyar las necesidades de propiedad intelectual de nuestros respectivos clientes, corporaciones multinacionales y los empresarios individuales.<\/p>\n<p>Nuestros expertos en marcas y patentes tienen amplia experiencia en Derecho de Propiedad Intelectual y pueden aconsejar sobre una amplia gama de \u00e1reas t\u00e9cnicas.<br \/>\nNuestros servicios de patentes incluyen:<\/p>\n<ul>\n<li>Preparaci\u00f3n, presentaci\u00f3n y seguimiento de registro de patentes <\/li>\n<li>Arbitraje y resoluci\u00f3n de conflictos<\/li>\n<li>Adquisici\u00f3n y transferencia de derechos de patentes y dise\u00f1o<\/li>\n<li>Cambios en la estructura corporativa relativas a los derechos de patentes y dise\u00f1o<\/li>\n<li>Diligencia relativa a los derechos de patente y de dise\u00f1o<\/li>\n<li>Registro de patentes GCC y seguimiento<\/li>\n<li>Infracciones y acciones de cumplimiento y otras cuestiones relativas a los derechos de patente y de dise\u00f1o<\/li>\n<li>Investigaci\u00f3n y monitoreo<\/li>\n<li>Concesi\u00f3n de licencias depatentes y derechos de dise\u00f1o<\/li>\n<li>B\u00fasquedas de patentes y dise\u00f1o<\/li>\n<li>Registro y monitoreo de patentes y dise\u00f1o<\/li>\n<\/ul>\n<p>Nuestros servicios de marcas incluyen:<\/p>\n<ul>\n<li>Licencia y cesi\u00f3n de derechos de marca<\/li>\n<li>Acciones de violaci\u00f3n, litigios y lucha contra la falsificaci\u00f3n<\/li>\n<li>Arbitraje y resoluci\u00f3n de conflictos<\/li>\n<li>Cambios en la estructura corporativa relacionados con las cuestiones de marcas<\/li>\n<li>Disputas sobre nombres de dominio relacionados con la marca comercial<\/li>\n<li>Diligencia de los derechos de marca<\/li>\n<li>Cuestiones relacionadas con el comercio electr\u00f3nico (e-commerce)<\/li>\n<li>Franquicias y Licencias<\/li>\n<li>Gesti\u00f3n de Cartera<\/li>\n<li>B\u00fasqueda de marcas comerciales y liquidaci\u00f3n<\/li>\n<\/ul>\n<h2>Servicios de Registro de Patentes<\/h2>\n<p>Preguntas frecuentes:<br \/>\n<div class=\"su-accordion su-u-trim\">\n<div class=\"su-spoiler su-spoiler-style-fancy su-spoiler-icon-plus su-spoiler-closed\" data-scroll-offset=\"0\" data-anchor-in-url=\"no\"><div class=\"su-spoiler-title\" tabindex=\"0\" role=\"button\"><span class=\"su-spoiler-icon\"><\/span>\u00bfQu\u00e9 es una patente? <\/div><div class=\"su-spoiler-content su-u-clearfix su-u-trim\">Una patente es un derecho de propiedad intelectual otorgado por la Oficina de Patentes y Marcas de los Estados Unidos (USPTO) que le da al inventor el derecho de impedir que otros fabriquen, usen, vendan o importen la invenci\u00f3n en los EE.UU.<\/div><\/div>\n<div class=\"su-spoiler su-spoiler-style-fancy su-spoiler-icon-plus su-spoiler-closed\" data-scroll-offset=\"0\" data-anchor-in-url=\"no\"><div class=\"su-spoiler-title\" tabindex=\"0\" role=\"button\"><span class=\"su-spoiler-icon\"><\/span>\u00bfHay diferentes tipos de patentes? <\/div><div class=\"su-spoiler-content su-u-clearfix su-u-trim\"><strong>Patente de Utilidad<\/strong> cubre cualquier nuevo y \u00fatil proceso, m\u00e1quina, art\u00edculo de fabricaci\u00f3n, o composici\u00f3n de materia, o cualquier mejora nueva y \u00fatil de los mismos.<br \/>\nEjemplo: un aparato mec\u00e1nico tal como una cortadora de c\u00e9sped.<\/p>\n<p><strong>Patente de Planta<\/strong> cubre plantas \u00fanicas y reci\u00e9n inventadas capaces de reproducci\u00f3n asexuada.<br \/>\nEjemplo: una nueva y distinta variedad de plantas tales como la planta de Jaccart Rose.<\/p>\n<p><strong>Patente de Dise\u00f1o<\/strong> cubre la apariencia o dise\u00f1o ornamental de un art\u00edculo de fabricaci\u00f3n<br \/>\nEjemplo: un dise\u00f1o ornamental como por ejemplo un vaso de vidrio decorativo.<br \/>\n<\/div><\/div>\n<div class=\"su-spoiler su-spoiler-style-fancy su-spoiler-icon-plus su-spoiler-closed\" data-scroll-offset=\"0\" data-anchor-in-url=\"no\"><div class=\"su-spoiler-title\" tabindex=\"0\" role=\"button\"><span class=\"su-spoiler-icon\"><\/span>\u00bfPor cu\u00e1nto tiempo una patente proporciona protecci\u00f3n? <\/div><div class=\"su-spoiler-content su-u-clearfix su-u-trim\">Patentes de Utilidad y Patentes de Planta expiran 20 a\u00f1os despu\u00e9s de la fecha de presentaci\u00f3n o de prioridad. Patentes de Dise\u00f1o expiran 14 a\u00f1os despu\u00e9s de la fecha de concesi\u00f3n de la patente expedida por el USPTO.<\/div><\/div>\n<div class=\"su-spoiler su-spoiler-style-fancy su-spoiler-icon-plus su-spoiler-closed\" data-scroll-offset=\"0\" data-anchor-in-url=\"no\"><div class=\"su-spoiler-title\" tabindex=\"0\" role=\"button\"><span class=\"su-spoiler-icon\"><\/span>\u00bfCu\u00e1l es el costo de una solicitud de patente?<\/div><div class=\"su-spoiler-content su-u-clearfix su-u-trim\">Las tarifas var\u00edan seg\u00fan la complejidad de la invenci\u00f3n. Por favor, p\u00f3ngase en contacto con nosotros para una cotizaci\u00f3n y estipulaci\u00f3n de honorarios.<\/div><\/div>\n<div class=\"su-spoiler su-spoiler-style-fancy su-spoiler-icon-plus su-spoiler-closed\" data-scroll-offset=\"0\" data-anchor-in-url=\"no\"><div class=\"su-spoiler-title\" tabindex=\"0\" role=\"button\"><span class=\"su-spoiler-icon\"><\/span>\u00bfCu\u00e1l es el proceso de patente y cu\u00e1nto tiempo se tarda? <\/div><div class=\"su-spoiler-content su-u-clearfix su-u-trim\">\n1. Se recomienda una b\u00fasqueda para determinar si su invenci\u00f3n es patentable. El tiempo requerido para llevar a cabo la b\u00fasqueda puede variar desde unos pocos d\u00edas a unas pocas semanas.<br \/>\n2. Una solicitud de patente ser\u00e1 preparada por nuestro equipo, y despu\u00e9s de la revisi\u00f3n y aprobaci\u00f3n por parte del cliente, luego se presentar\u00e1 al USPTO. El proceso de preparaci\u00f3n y aplicaci\u00f3n pueden tomar de una semana a un mes dependiendo de la complejidad de la invenci\u00f3n y de la cantidad de investigaci\u00f3n y dibujos necesarios.<br \/>\n3. Una vez presentada, se le asignar\u00e1 la solicitud a un examinador en el USPTO.<br \/>\n4. El examinador normalmente emitir\u00e1 una acci\u00f3n oficial permitiendo o rechazando algunas o todas las reivindicaciones de la solicitud. Este proceso puede tardar desde unos pocos meses a dos a\u00f1os.<br \/>\n5. Si se rechazan las alegaciones de la solicitud, el  demandante, abogado o agente pueden responder a esta acci\u00f3n oficial mediante una enmienda y \/ o pueden argumentar a favor de las reivindicaciones.<br \/>\n6. Si las modificaciones o argumentos no satisfacen al USPTO, acciones oficiales adicionales pueden ser emitidas por el examinador, que requerir\u00e1 respuestas adicionales en nombre del inventor.<br \/>\n7. Si las modificaciones o argumentos a favor de las reivindicaciones son convincentes al examinador, entonces la patente emitir\u00e1 despu\u00e9s del pago de la tasa de expedici\u00f3n.<br \/>\n<\/div><\/div>\n<div class=\"su-spoiler su-spoiler-style-fancy su-spoiler-icon-plus su-spoiler-closed\" data-scroll-offset=\"0\" data-anchor-in-url=\"no\"><div class=\"su-spoiler-title\" tabindex=\"0\" role=\"button\"><span class=\"su-spoiler-icon\"><\/span>Ya he vendiendo mi invenci\u00f3n durante dos a\u00f1os; \u00bftodav\u00eda puedo obtener una patente?<\/div><div class=\"su-spoiler-content su-u-clearfix su-u-trim\">No, usted debe presentar una patente para registro en el plazo de un a\u00f1o de cualquier divulgaci\u00f3n p\u00fablica u oferta de venta. Formas de divulgaci\u00f3n p\u00fablica pueden incluir ferias, presentaciones, websites, folletos, etc. Si usted est\u00e1 buscando la protecci\u00f3n de un registro de patente, es muy importante consultar con un especialista en propiedad intelectual, antes de cualquier divulgaci\u00f3n u oferta de venta. Estas situaciones tienden a basarse en hechos concretos, por esto, si usted no est\u00e1 seguro si su invenci\u00f3n fue divulgada p\u00fablicamente, por favor, p\u00f3ngase en contacto con nosotros para un an\u00e1lisis preliminar de sus derechos.<\/div><\/div>\n<\/div>\n<h2>Servicios de Registro de Marcas<\/h2>\n<p>Preguntas frecuentes<br \/>\n<div class=\"su-accordion su-u-trim\">\n<div class=\"su-spoiler su-spoiler-style-fancy su-spoiler-icon-plus su-spoiler-closed\" data-scroll-offset=\"0\" data-anchor-in-url=\"no\"><div class=\"su-spoiler-title\" tabindex=\"0\" role=\"button\"><span class=\"su-spoiler-icon\"><\/span>\u00bfQu\u00e9 es un registro de marca?<\/div><div class=\"su-spoiler-content su-u-clearfix su-u-trim\">Un registro de marca es el nombre de la marca. El registro de marca o servicio de marca incluye cualquier palabra, nombre, s\u00edmbolo, dispositivo o combinaci\u00f3n, utilizados o que se utilizar\u00e1 para identificar y distinguir bienes \/ servicios de un vendedor o el proveedor para los dem\u00e1s y para indicar el origen de los productos \/ servicios.<\/div><\/div>\n<div class=\"su-spoiler su-spoiler-style-fancy su-spoiler-icon-plus su-spoiler-closed\" data-scroll-offset=\"0\" data-anchor-in-url=\"no\"><div class=\"su-spoiler-title\" tabindex=\"0\" role=\"button\"><span class=\"su-spoiler-icon\"><\/span>\u00bfDebo registrar mi marca? <\/div><div class=\"su-spoiler-content su-u-clearfix su-u-trim\">Aunque el registro federal de una marca no es obligatorio, tiene varias ventajas, incluyendo la notificaci\u00f3n p\u00fablica de la reivindicaci\u00f3n del solicitante sobre la titularidad de la marca, la presunci\u00f3n legal de propiedad en todo el pa\u00eds, y el derecho exclusivo a utilizar la marca sobre o en relaci\u00f3n con los productos \/ servicios enumerados en el registro. Tambi\u00e9n es posible recibir un registro de marca estadual en el estado en que se hace negocios.<\/div><\/div>\n<div class=\"su-spoiler su-spoiler-style-fancy su-spoiler-icon-plus su-spoiler-closed\" data-scroll-offset=\"0\" data-anchor-in-url=\"no\"><div class=\"su-spoiler-title\" tabindex=\"0\" role=\"button\"><span class=\"su-spoiler-icon\"><\/span>\u00bfCu\u00e1l es el proceso para la obtenci\u00f3n de un registro de marca? <\/div><div class=\"su-spoiler-content su-u-clearfix su-u-trim\">Normalmente recomendamos una b\u00fasqueda de marca como un primer paso en el proceso, con el fin de asegurarse de que la marca propuesta no es muy similar a otra pendiente o marca registrada o con registro pendiente. Si no hay otras marcas conflictivas identificadas en la b\u00fasqueda, el paso siguiente es preparar y presentar la solicitud de marca en la Oficina de Patentes y Marcas de EE.UU. Un examinador de marcas revisar\u00e1 la solicitud para consecuentemente autorizar a la publicaci\u00f3n o generar una acci\u00f3n oficial requiriendo una respuesta del solicitante. Es posible que sea necesario presentar argumentos que su marca es diferente y distinguible sobre la marca registrada citada por el examinador. Este proceso puede durar entre 6 meses a un a\u00f1o (o, en algunos casos, m\u00e1s tiempo). Es posible utilizar la marca durante este proceso, y se incentiva a hacerlo.<\/div><\/div>\n<div class=\"su-spoiler su-spoiler-style-fancy su-spoiler-icon-plus su-spoiler-closed\" data-scroll-offset=\"0\" data-anchor-in-url=\"no\"><div class=\"su-spoiler-title\" tabindex=\"0\" role=\"button\"><span class=\"su-spoiler-icon\"><\/span>\u00bfCu\u00e1l es el costo para la obtenci\u00f3n de un registro de marca? <\/div><div class=\"su-spoiler-content su-u-clearfix su-u-trim\">Las tasas de presentaci\u00f3n de la Oficina de Patentes y Marcas de Estados Unidos dependen del n\u00famero de diferentes productos y servicios enumerados en la solicitud de marca. Los honorarios legales se establecen normalmente por adelantado, en una disposici\u00f3n de cuota fija. Podemos ofrecer descuentos para el registro de varias marcas a la vez.<\/div><\/div>\n<div class=\"su-spoiler su-spoiler-style-fancy su-spoiler-icon-plus su-spoiler-closed\" data-scroll-offset=\"0\" data-anchor-in-url=\"no\"><div class=\"su-spoiler-title\" tabindex=\"0\" role=\"button\"><span class=\"su-spoiler-icon\"><\/span>\u00bfQu\u00e9 debo hacer si alguien infringir a mi marca? <\/div><div class=\"su-spoiler-content su-u-clearfix su-u-trim\">Por favor, p\u00f3ngase en contacto con nosotros. Estaremos a disposici\u00f3n para escuchar a su situaci\u00f3n y ofrecer soluciones. A menudo, el env\u00edo de una carta de &#8220;cesar y desistir&#8221; para el a la parte infractora puede resolver el problema. Si no, podemos examinar otras opciones legales disponibles bajo el pedido del cliente.<\/div><\/div>\n<\/div>\n<p style=\"text-align: center; clear: both; padding-top: 30px; margin-bottom: -10px;\"><a href=\"http:\/\/www.iiusa.org\/\" target=\"_blank\"><img loading=\"lazy\" decoding=\"async\" class=\"aligncenter size-full wp-image-252\" src=\"https:\/\/gateindustries.com\/wp-content\/uploads\/2014\/12\/presidents.png\" alt=\"presidents\" width=\"150\" height=\"178\" \/><\/a><\/p>\n","protected":false},"excerpt":{"rendered":"<p>SERVICIOS DE MARCAS Y PATENTES Gate Industries Servicios de Marcas y Patentes Gate Industries se dedica a ayudar a sus clientes a adquirir, proteger y mantener sus derechos de propiedad intelectual a trav\u00e9s de patentes y marcas comerciales. Mantenemos relaciones estrat\u00e9gicas con las principales firmas de abogados y agentes de patentes para apoyar las necesidades [&hellip;]<\/p>\n","protected":false},"author":3,"featured_media":0,"parent":0,"menu_order":0,"comment_status":"closed","ping_status":"closed","template":"","meta":{"footnotes":""},"class_list":["post-336","page","type-page","status-publish","hentry"],"yoast_head":"<!-- This site is optimized with the Yoast SEO plugin v17.0 - https:\/\/yoast.com\/wordpress\/plugins\/seo\/ -->\n<meta name=\"robots\" content=\"index, follow, max-snippet:-1, max-image-preview:large, max-video-preview:-1\" \/>\n<link rel=\"canonical\" href=\"https:\/\/gateindustries.com\/es\/patent-and-trademark-services\/\" \/>\n<meta property=\"og:locale\" content=\"en_US\" \/>\n<meta property=\"og:type\" content=\"article\" \/>\n<meta property=\"og:title\" content=\"Patent and Trademark Services - Navigation\" \/>\n<meta property=\"og:description\" content=\"SERVICIOS DE MARCAS Y PATENTES Gate Industries Servicios de Marcas y Patentes Gate Industries se dedica a ayudar a sus clientes a adquirir, proteger y mantener sus derechos de propiedad intelectual a trav\u00e9s de patentes y marcas comerciales. Mantenemos relaciones estrat\u00e9gicas con las principales firmas de abogados y agentes de patentes para apoyar las necesidades [&hellip;]\" \/>\n<meta property=\"og:url\" content=\"https:\/\/gateindustries.com\/es\/patent-and-trademark-services\/\" \/>\n<meta property=\"og:site_name\" content=\"Navigation\" \/>\n<meta property=\"article:modified_time\" content=\"2016-09-30T18:57:40+00:00\" \/>\n<meta property=\"og:image\" content=\"https:\/\/gateindustries.com\/wp-content\/uploads\/2014\/12\/presidents.png\" \/>\n<meta name=\"twitter:label1\" content=\"Est. reading time\" \/>\n\t<meta name=\"twitter:data1\" content=\"7 minutes\" \/>\n<script type=\"application\/ld+json\" class=\"yoast-schema-graph\">{\"@context\":\"https:\/\/schema.org\",\"@graph\":[{\"@type\":\"WebSite\",\"@id\":\"https:\/\/gateindustries.com\/es\/#website\",\"url\":\"https:\/\/gateindustries.com\/es\/\",\"name\":\"Navigation\",\"description\":\"\",\"potentialAction\":[{\"@type\":\"SearchAction\",\"target\":{\"@type\":\"EntryPoint\",\"urlTemplate\":\"https:\/\/gateindustries.com\/es\/?s={search_term_string}\"},\"query-input\":\"required name=search_term_string\"}],\"inLanguage\":\"en-US\"},{\"@type\":\"ImageObject\",\"@id\":\"https:\/\/gateindustries.com\/es\/patent-and-trademark-services\/#primaryimage\",\"inLanguage\":\"en-US\",\"url\":\"https:\/\/gateindustries.com\/wp-content\/uploads\/2014\/12\/presidents.png\",\"contentUrl\":\"https:\/\/gateindustries.com\/wp-content\/uploads\/2014\/12\/presidents.png\"},{\"@type\":\"WebPage\",\"@id\":\"https:\/\/gateindustries.com\/es\/patent-and-trademark-services\/#webpage\",\"url\":\"https:\/\/gateindustries.com\/es\/patent-and-trademark-services\/\",\"name\":\"Patent and Trademark Services - Navigation\",\"isPartOf\":{\"@id\":\"https:\/\/gateindustries.com\/es\/#website\"},\"primaryImageOfPage\":{\"@id\":\"https:\/\/gateindustries.com\/es\/patent-and-trademark-services\/#primaryimage\"},\"datePublished\":\"2015-10-28T20:07:16+00:00\",\"dateModified\":\"2016-09-30T18:57:40+00:00\",\"breadcrumb\":{\"@id\":\"https:\/\/gateindustries.com\/es\/patent-and-trademark-services\/#breadcrumb\"},\"inLanguage\":\"en-US\",\"potentialAction\":[{\"@type\":\"ReadAction\",\"target\":[\"https:\/\/gateindustries.com\/es\/patent-and-trademark-services\/\"]}]},{\"@type\":\"BreadcrumbList\",\"@id\":\"https:\/\/gateindustries.com\/es\/patent-and-trademark-services\/#breadcrumb\",\"itemListElement\":[{\"@type\":\"ListItem\",\"position\":1,\"name\":\"Home\",\"item\":\"https:\/\/gateindustries.com\/es\/\"},{\"@type\":\"ListItem\",\"position\":2,\"name\":\"Patent and Trademark Services\"}]}]}<\/script>\n<!-- \/ Yoast SEO plugin. -->","yoast_head_json":{"robots":{"index":"index","follow":"follow","max-snippet":"max-snippet:-1","max-image-preview":"max-image-preview:large","max-video-preview":"max-video-preview:-1"},"canonical":"https:\/\/gateindustries.com\/es\/patent-and-trademark-services\/","og_locale":"en_US","og_type":"article","og_title":"Patent and Trademark Services - Navigation","og_description":"SERVICIOS DE MARCAS Y PATENTES Gate Industries Servicios de Marcas y Patentes Gate Industries se dedica a ayudar a sus clientes a adquirir, proteger y mantener sus derechos de propiedad intelectual a trav\u00e9s de patentes y marcas comerciales. Mantenemos relaciones estrat\u00e9gicas con las principales firmas de abogados y agentes de patentes para apoyar las necesidades [&hellip;]","og_url":"https:\/\/gateindustries.com\/es\/patent-and-trademark-services\/","og_site_name":"Navigation","article_modified_time":"2016-09-30T18:57:40+00:00","og_image":[{"url":"https:\/\/gateindustries.com\/wp-content\/uploads\/2014\/12\/presidents.png"}],"twitter_misc":{"Est. reading time":"7 minutes"},"schema":{"@context":"https:\/\/schema.org","@graph":[{"@type":"WebSite","@id":"https:\/\/gateindustries.com\/es\/#website","url":"https:\/\/gateindustries.com\/es\/","name":"Navigation","description":"","potentialAction":[{"@type":"SearchAction","target":{"@type":"EntryPoint","urlTemplate":"https:\/\/gateindustries.com\/es\/?s={search_term_string}"},"query-input":"required name=search_term_string"}],"inLanguage":"en-US"},{"@type":"ImageObject","@id":"https:\/\/gateindustries.com\/es\/patent-and-trademark-services\/#primaryimage","inLanguage":"en-US","url":"https:\/\/gateindustries.com\/wp-content\/uploads\/2014\/12\/presidents.png","contentUrl":"https:\/\/gateindustries.com\/wp-content\/uploads\/2014\/12\/presidents.png"},{"@type":"WebPage","@id":"https:\/\/gateindustries.com\/es\/patent-and-trademark-services\/#webpage","url":"https:\/\/gateindustries.com\/es\/patent-and-trademark-services\/","name":"Patent and Trademark Services - Navigation","isPartOf":{"@id":"https:\/\/gateindustries.com\/es\/#website"},"primaryImageOfPage":{"@id":"https:\/\/gateindustries.com\/es\/patent-and-trademark-services\/#primaryimage"},"datePublished":"2015-10-28T20:07:16+00:00","dateModified":"2016-09-30T18:57:40+00:00","breadcrumb":{"@id":"https:\/\/gateindustries.com\/es\/patent-and-trademark-services\/#breadcrumb"},"inLanguage":"en-US","potentialAction":[{"@type":"ReadAction","target":["https:\/\/gateindustries.com\/es\/patent-and-trademark-services\/"]}]},{"@type":"BreadcrumbList","@id":"https:\/\/gateindustries.com\/es\/patent-and-trademark-services\/#breadcrumb","itemListElement":[{"@type":"ListItem","position":1,"name":"Home","item":"https:\/\/gateindustries.com\/es\/"},{"@type":"ListItem","position":2,"name":"Patent and Trademark Services"}]}]}},"_links":{"self":[{"href":"https:\/\/gateindustries.com\/es\/wp-json\/wp\/v2\/pages\/336","targetHints":{"allow":["GET"]}}],"collection":[{"href":"https:\/\/gateindustries.com\/es\/wp-json\/wp\/v2\/pages"}],"about":[{"href":"https:\/\/gateindustries.com\/es\/wp-json\/wp\/v2\/types\/page"}],"author":[{"embeddable":true,"href":"https:\/\/gateindustries.com\/es\/wp-json\/wp\/v2\/users\/3"}],"replies":[{"embeddable":true,"href":"https:\/\/gateindustries.com\/es\/wp-json\/wp\/v2\/comments?post=336"}],"version-history":[{"count":13,"href":"https:\/\/gateindustries.com\/es\/wp-json\/wp\/v2\/pages\/336\/revisions"}],"predecessor-version":[{"id":447,"href":"https:\/\/gateindustries.com\/es\/wp-json\/wp\/v2\/pages\/336\/revisions\/447"}],"wp:attachment":[{"href":"https:\/\/gateindustries.com\/es\/wp-json\/wp\/v2\/media?parent=336"}],"curies":[{"name":"wp","href":"https:\/\/api.w.org\/{rel}","templated":true}]}}