{"id":34,"date":"2014-12-05T17:01:54","date_gmt":"2014-12-05T17:01:54","guid":{"rendered":"http:\/\/gi.hoamhost.com\/?page_id=34"},"modified":"2016-09-30T18:14:19","modified_gmt":"2016-09-30T18:14:19","slug":"consulting-and-financial-services","status":"publish","type":"page","link":"https:\/\/gateindustries.com\/es\/consulting-and-financial-services\/","title":{"rendered":"Consulting and Financial Services"},"content":{"rendered":"<div id=\"service\" class=\"topbox\">\n<h1><span>CONSULTOR\u00cdA Y FINANZAS<\/span>h1>\n<\/div>\n<p>Gate Industries ofrece an\u00e1lisis de proyecto con Regional Capital Group y Regional Capital EB-5 Alliance. Nuestro equipo est\u00e1 comprometido en resolver problemas y ayudar a las empresas con sus necesidades financieras, ofreci\u00e9ndoles los siguientes <strong>servicios financieros y de consultor\u00eda<\/strong>:<\/p>\n<ul>\n<li>Selecci\u00f3n de proyectos, modelos financieros y selecci\u00f3n de sitio <\/li>\n<li>Creaci\u00f3n de capital social o modelo financiero con diversas formas de capital, incluyendo fondo discrecional<\/li>\n<li>Evaluaci\u00f3n, estructuraci\u00f3n y coordinaci\u00f3n de financiaci\u00f3n p\u00fablica para proyectos en conjunto con EB-5 y otras formas de capital<\/li>\n<\/ul>\n<p>Con nuestro enfoque \u00fanico de negocios, nuestros clientes e inversores pueden contar con <strong>servicios personalizados de apoyo al inversionista EB-5:<\/strong><\/p>\n<ul>\n<li>Elaboraci\u00f3n de un plan de inversi\u00f3n que se adapta a las necesidades de los inversores y del negocio<\/li>\n<li>Creaci\u00f3n de estrategias de inversi\u00f3n a largo plazo f\u00e1ciles de entender para ayudar a mantener todo en buen camino<\/li>\n<li>Asistencia en facilitar y crear servicios de monitoreo y auditor\u00eda de proyectos.<\/li>\n<li>Transparencia de informaci\u00f3n para asegurar el \u00e9xito en la obtenci\u00f3n de la ciudadan\u00eda de nuestros inversores<\/li>\n<\/ul>\n<p style=\"text-align: center; clear: both; padding-top: 30px; margin-bottom: -10px;\"><a href=\"http:\/\/www.iiusa.org\/\" target=\"_blank\"><img loading=\"lazy\" decoding=\"async\" class=\"aligncenter size-full wp-image-252\" src=\"https:\/\/gateindustries.com\/wp-content\/uploads\/2014\/12\/presidents.png\" alt=\"presidents\" width=\"150\" height=\"178\" \/><\/a><\/p>\n","protected":false},"excerpt":{"rendered":"<p>CONSULTOR\u00cdA Y FINANZASh1> Gate Industries ofrece an\u00e1lisis de proyecto con Regional Capital Group y Regional Capital EB-5 Alliance. Nuestro equipo est\u00e1 comprometido en resolver problemas y ayudar a las empresas con sus necesidades financieras, ofreci\u00e9ndoles los siguientes servicios financieros y de consultor\u00eda: Selecci\u00f3n de proyectos, modelos financieros y selecci\u00f3n de sitio Creaci\u00f3n de capital social [&hellip;]<\/p>\n","protected":false},"author":3,"featured_media":0,"parent":0,"menu_order":0,"comment_status":"open","ping_status":"open","template":"","meta":{"footnotes":""},"class_list":["post-34","page","type-page","status-publish","hentry"],"yoast_head":"<!-- This site is optimized with the Yoast SEO plugin v17.0 - https:\/\/yoast.com\/wordpress\/plugins\/seo\/ -->\n<meta name=\"description\" content=\"Gate Industries offers project analysis with Regional Capital Group and Regional Capital EB-5 Alliance.\" \/>\n<meta name=\"robots\" content=\"index, follow, max-snippet:-1, max-image-preview:large, max-video-preview:-1\" \/>\n<link rel=\"canonical\" href=\"https:\/\/gateindustries.com\/es\/consulting-and-financial-services\/\" \/>\n<meta property=\"og:locale\" content=\"en_US\" \/>\n<meta property=\"og:type\" content=\"article\" \/>\n<meta property=\"og:title\" content=\"Consulting and Financial Services | Gate Industries\" \/>\n<meta property=\"og:description\" content=\"Gate Industries offers project analysis with Regional Capital Group and Regional Capital EB-5 Alliance.\" \/>\n<meta property=\"og:url\" content=\"https:\/\/gateindustries.com\/es\/consulting-and-financial-services\/\" \/>\n<meta property=\"og:site_name\" content=\"Navigation\" \/>\n<meta property=\"article:modified_time\" content=\"2016-09-30T18:14:19+00:00\" \/>\n<meta property=\"og:image\" content=\"https:\/\/gateindustries.com\/wp-content\/uploads\/2014\/12\/presidents.png\" \/>\n<meta name=\"twitter:label1\" content=\"Est. reading time\" \/>\n\t<meta name=\"twitter:data1\" content=\"1 minute\" \/>\n<script type=\"application\/ld+json\" class=\"yoast-schema-graph\">{\"@context\":\"https:\/\/schema.org\",\"@graph\":[{\"@type\":\"WebSite\",\"@id\":\"https:\/\/gateindustries.com\/es\/#website\",\"url\":\"https:\/\/gateindustries.com\/es\/\",\"name\":\"Navigation\",\"description\":\"\",\"potentialAction\":[{\"@type\":\"SearchAction\",\"target\":{\"@type\":\"EntryPoint\",\"urlTemplate\":\"https:\/\/gateindustries.com\/es\/?s={search_term_string}\"},\"query-input\":\"required name=search_term_string\"}],\"inLanguage\":\"en-US\"},{\"@type\":\"ImageObject\",\"@id\":\"https:\/\/gateindustries.com\/es\/consulting-and-financial-services\/#primaryimage\",\"inLanguage\":\"en-US\",\"url\":\"https:\/\/gateindustries.com\/wp-content\/uploads\/2014\/12\/presidents.png\",\"contentUrl\":\"https:\/\/gateindustries.com\/wp-content\/uploads\/2014\/12\/presidents.png\"},{\"@type\":\"WebPage\",\"@id\":\"https:\/\/gateindustries.com\/es\/consulting-and-financial-services\/#webpage\",\"url\":\"https:\/\/gateindustries.com\/es\/consulting-and-financial-services\/\",\"name\":\"Consulting and Financial Services | Gate Industries\",\"isPartOf\":{\"@id\":\"https:\/\/gateindustries.com\/es\/#website\"},\"primaryImageOfPage\":{\"@id\":\"https:\/\/gateindustries.com\/es\/consulting-and-financial-services\/#primaryimage\"},\"datePublished\":\"2014-12-05T17:01:54+00:00\",\"dateModified\":\"2016-09-30T18:14:19+00:00\",\"description\":\"Gate Industries offers project analysis with Regional Capital Group and Regional Capital EB-5 Alliance.\",\"breadcrumb\":{\"@id\":\"https:\/\/gateindustries.com\/es\/consulting-and-financial-services\/#breadcrumb\"},\"inLanguage\":\"en-US\",\"potentialAction\":[{\"@type\":\"ReadAction\",\"target\":[\"https:\/\/gateindustries.com\/es\/consulting-and-financial-services\/\"]}]},{\"@type\":\"BreadcrumbList\",\"@id\":\"https:\/\/gateindustries.com\/es\/consulting-and-financial-services\/#breadcrumb\",\"itemListElement\":[{\"@type\":\"ListItem\",\"position\":1,\"name\":\"Home\",\"item\":\"https:\/\/gateindustries.com\/es\/\"},{\"@type\":\"ListItem\",\"position\":2,\"name\":\"Consulting and Financial Services\"}]}]}<\/script>\n<!-- \/ Yoast SEO plugin. -->","yoast_head_json":{"description":"Gate Industries offers project analysis with Regional Capital Group and Regional Capital EB-5 Alliance.","robots":{"index":"index","follow":"follow","max-snippet":"max-snippet:-1","max-image-preview":"max-image-preview:large","max-video-preview":"max-video-preview:-1"},"canonical":"https:\/\/gateindustries.com\/es\/consulting-and-financial-services\/","og_locale":"en_US","og_type":"article","og_title":"Consulting and Financial Services | Gate Industries","og_description":"Gate Industries offers project analysis with Regional Capital Group and Regional Capital EB-5 Alliance.","og_url":"https:\/\/gateindustries.com\/es\/consulting-and-financial-services\/","og_site_name":"Navigation","article_modified_time":"2016-09-30T18:14:19+00:00","og_image":[{"url":"https:\/\/gateindustries.com\/wp-content\/uploads\/2014\/12\/presidents.png"}],"twitter_misc":{"Est. reading time":"1 minute"},"schema":{"@context":"https:\/\/schema.org","@graph":[{"@type":"WebSite","@id":"https:\/\/gateindustries.com\/es\/#website","url":"https:\/\/gateindustries.com\/es\/","name":"Navigation","description":"","potentialAction":[{"@type":"SearchAction","target":{"@type":"EntryPoint","urlTemplate":"https:\/\/gateindustries.com\/es\/?s={search_term_string}"},"query-input":"required name=search_term_string"}],"inLanguage":"en-US"},{"@type":"ImageObject","@id":"https:\/\/gateindustries.com\/es\/consulting-and-financial-services\/#primaryimage","inLanguage":"en-US","url":"https:\/\/gateindustries.com\/wp-content\/uploads\/2014\/12\/presidents.png","contentUrl":"https:\/\/gateindustries.com\/wp-content\/uploads\/2014\/12\/presidents.png"},{"@type":"WebPage","@id":"https:\/\/gateindustries.com\/es\/consulting-and-financial-services\/#webpage","url":"https:\/\/gateindustries.com\/es\/consulting-and-financial-services\/","name":"Consulting and Financial Services | Gate Industries","isPartOf":{"@id":"https:\/\/gateindustries.com\/es\/#website"},"primaryImageOfPage":{"@id":"https:\/\/gateindustries.com\/es\/consulting-and-financial-services\/#primaryimage"},"datePublished":"2014-12-05T17:01:54+00:00","dateModified":"2016-09-30T18:14:19+00:00","description":"Gate Industries offers project analysis with Regional Capital Group and Regional Capital EB-5 Alliance.","breadcrumb":{"@id":"https:\/\/gateindustries.com\/es\/consulting-and-financial-services\/#breadcrumb"},"inLanguage":"en-US","potentialAction":[{"@type":"ReadAction","target":["https:\/\/gateindustries.com\/es\/consulting-and-financial-services\/"]}]},{"@type":"BreadcrumbList","@id":"https:\/\/gateindustries.com\/es\/consulting-and-financial-services\/#breadcrumb","itemListElement":[{"@type":"ListItem","position":1,"name":"Home","item":"https:\/\/gateindustries.com\/es\/"},{"@type":"ListItem","position":2,"name":"Consulting and Financial Services"}]}]}},"_links":{"self":[{"href":"https:\/\/gateindustries.com\/es\/wp-json\/wp\/v2\/pages\/34","targetHints":{"allow":["GET"]}}],"collection":[{"href":"https:\/\/gateindustries.com\/es\/wp-json\/wp\/v2\/pages"}],"about":[{"href":"https:\/\/gateindustries.com\/es\/wp-json\/wp\/v2\/types\/page"}],"author":[{"embeddable":true,"href":"https:\/\/gateindustries.com\/es\/wp-json\/wp\/v2\/users\/3"}],"replies":[{"embeddable":true,"href":"https:\/\/gateindustries.com\/es\/wp-json\/wp\/v2\/comments?post=34"}],"version-history":[{"count":23,"href":"https:\/\/gateindustries.com\/es\/wp-json\/wp\/v2\/pages\/34\/revisions"}],"predecessor-version":[{"id":444,"href":"https:\/\/gateindustries.com\/es\/wp-json\/wp\/v2\/pages\/34\/revisions\/444"}],"wp:attachment":[{"href":"https:\/\/gateindustries.com\/es\/wp-json\/wp\/v2\/media?parent=34"}],"curies":[{"name":"wp","href":"https:\/\/api.w.org\/{rel}","templated":true}]}}