{"id":346,"date":"2015-11-13T15:08:49","date_gmt":"2015-11-13T15:08:49","guid":{"rendered":"https:\/\/gateindustries.com\/?page_id=346"},"modified":"2016-09-30T18:16:06","modified_gmt":"2016-09-30T18:16:06","slug":"affiliation-services","status":"publish","type":"page","link":"https:\/\/gateindustries.com\/es\/affiliation-services\/","title":{"rendered":"Affiliation Services"},"content":{"rendered":"<div id=\"affiliation\" class=\"topbox\">\n<h1><span>SERVICIOS DE AFILIACI\u00d3N<\/span><\/h1>\n<\/div>\n<p>La obtenci\u00f3n de designaci\u00f3n de Centro Regional puede ser un proceso dif\u00edcil, costoso e impredecible. Para ayudar a aliviar algunos de los inconvenientes inherentes involucrados, Gate Industries ofrece servicios de afiliaci\u00f3n a Centro Regional para los proyectistas y profesionales EB-5, sea a trav\u00e9s de arrendamiento y compra de centros regionales pre-existentes, sea a trav\u00e9s de la creaci\u00f3n de nuevos centros regionales, donde necesario. La afiliaci\u00f3n a un Centro Regional es una soluci\u00f3n lucrativa y particularmente ventajosa para aquellos que quieran iniciar un proyecto inmediatamente.<\/p>\n<p>Gate Industries cuenta con una amplia experiencia en la creaci\u00f3n y gesti\u00f3n de centros regionales EB-5 al largo de la costa este y mantiene una red de Centros Regionales afiliados, aprobados por el USCIS, en todo los EE.UU. Nuestra cobertura expansiva nos permite estar involucrados con una variedad de proyectos y una amplia gama de industrias.<\/p>\n<p><img loading=\"lazy\" decoding=\"async\" src=\"https:\/\/gateindustries.com\/es\/wp-content\/uploads\/2015\/11\/map1-1.png\" alt=\"map1\" width=\"766\" height=\"590\" class=\"aligncenter size-full wp-image-435\" srcset=\"https:\/\/gateindustries.com\/es\/wp-content\/uploads\/2015\/11\/map1-1.png 766w, https:\/\/gateindustries.com\/es\/wp-content\/uploads\/2015\/11\/map1-1-300x231.png 300w\" sizes=\"auto, (max-width: 766px) 100vw, 766px\" \/><\/p>\n<p>Como uno de los principales consultores EB-5 de Centro Regional en los Estados Unidos, Gate Industries est\u00e1 \u00edntimamente familiarizada con las particularidades del programa EB-5 y nuestro equipo de expertos estar\u00e1 encantado en hablarle acerca de oportunidades de afiliaci\u00f3n. <\/p>\n<p>Por favor, p\u00f3ngase en contacto con nosotros para iniciar un proceso de afiliaci\u00f3n.<\/p>\n<p style=\"text-align:center; clear:both; padding-top:30px; margin-bottom:-10px;\"><a href=\"http:\/\/www.iiusa.org\/\" target=\"_blank\"><img loading=\"lazy\" decoding=\"async\" src=\"https:\/\/gateindustries.com\/wp-content\/uploads\/2014\/12\/presidents.png\" alt=\"presidents\" width=\"150\" height=\"178\" class=\"aligncenter size-full wp-image-252\" \/><\/a><\/p>\n","protected":false},"excerpt":{"rendered":"<p>SERVICIOS DE AFILIACI\u00d3N La obtenci\u00f3n de designaci\u00f3n de Centro Regional puede ser un proceso dif\u00edcil, costoso e impredecible. Para ayudar a aliviar algunos de los inconvenientes inherentes involucrados, Gate Industries ofrece servicios de afiliaci\u00f3n a Centro Regional para los proyectistas y profesionales EB-5, sea a trav\u00e9s de arrendamiento y compra de centros regionales pre-existentes, sea [&hellip;]<\/p>\n","protected":false},"author":3,"featured_media":0,"parent":0,"menu_order":0,"comment_status":"closed","ping_status":"closed","template":"","meta":{"footnotes":""},"class_list":["post-346","page","type-page","status-publish","hentry"],"yoast_head":"<!-- This site is optimized with the Yoast SEO plugin v17.0 - https:\/\/yoast.com\/wordpress\/plugins\/seo\/ -->\n<meta name=\"robots\" content=\"index, follow, max-snippet:-1, max-image-preview:large, max-video-preview:-1\" \/>\n<link rel=\"canonical\" href=\"https:\/\/gateindustries.com\/es\/affiliation-services\/\" \/>\n<meta property=\"og:locale\" content=\"en_US\" \/>\n<meta property=\"og:type\" content=\"article\" \/>\n<meta property=\"og:title\" content=\"Affiliation Services - Navigation\" \/>\n<meta property=\"og:description\" content=\"SERVICIOS DE AFILIACI\u00d3N La obtenci\u00f3n de designaci\u00f3n de Centro Regional puede ser un proceso dif\u00edcil, costoso e impredecible. Para ayudar a aliviar algunos de los inconvenientes inherentes involucrados, Gate Industries ofrece servicios de afiliaci\u00f3n a Centro Regional para los proyectistas y profesionales EB-5, sea a trav\u00e9s de arrendamiento y compra de centros regionales pre-existentes, sea [&hellip;]\" \/>\n<meta property=\"og:url\" content=\"https:\/\/gateindustries.com\/es\/affiliation-services\/\" \/>\n<meta property=\"og:site_name\" content=\"Navigation\" \/>\n<meta property=\"article:modified_time\" content=\"2016-09-30T18:16:06+00:00\" \/>\n<meta property=\"og:image\" content=\"https:\/\/gateindustries.com\/es\/wp-content\/uploads\/2015\/11\/map1-1.png\" \/>\n<meta name=\"twitter:label1\" content=\"Est. reading time\" \/>\n\t<meta name=\"twitter:data1\" content=\"1 minute\" \/>\n<script type=\"application\/ld+json\" class=\"yoast-schema-graph\">{\"@context\":\"https:\/\/schema.org\",\"@graph\":[{\"@type\":\"WebSite\",\"@id\":\"https:\/\/gateindustries.com\/es\/#website\",\"url\":\"https:\/\/gateindustries.com\/es\/\",\"name\":\"Navigation\",\"description\":\"\",\"potentialAction\":[{\"@type\":\"SearchAction\",\"target\":{\"@type\":\"EntryPoint\",\"urlTemplate\":\"https:\/\/gateindustries.com\/es\/?s={search_term_string}\"},\"query-input\":\"required name=search_term_string\"}],\"inLanguage\":\"en-US\"},{\"@type\":\"ImageObject\",\"@id\":\"https:\/\/gateindustries.com\/es\/affiliation-services\/#primaryimage\",\"inLanguage\":\"en-US\",\"url\":\"https:\/\/gateindustries.com\/es\/wp-content\/uploads\/2015\/11\/map1-1.png\",\"contentUrl\":\"https:\/\/gateindustries.com\/es\/wp-content\/uploads\/2015\/11\/map1-1.png\",\"width\":766,\"height\":590},{\"@type\":\"WebPage\",\"@id\":\"https:\/\/gateindustries.com\/es\/affiliation-services\/#webpage\",\"url\":\"https:\/\/gateindustries.com\/es\/affiliation-services\/\",\"name\":\"Affiliation Services - Navigation\",\"isPartOf\":{\"@id\":\"https:\/\/gateindustries.com\/es\/#website\"},\"primaryImageOfPage\":{\"@id\":\"https:\/\/gateindustries.com\/es\/affiliation-services\/#primaryimage\"},\"datePublished\":\"2015-11-13T15:08:49+00:00\",\"dateModified\":\"2016-09-30T18:16:06+00:00\",\"breadcrumb\":{\"@id\":\"https:\/\/gateindustries.com\/es\/affiliation-services\/#breadcrumb\"},\"inLanguage\":\"en-US\",\"potentialAction\":[{\"@type\":\"ReadAction\",\"target\":[\"https:\/\/gateindustries.com\/es\/affiliation-services\/\"]}]},{\"@type\":\"BreadcrumbList\",\"@id\":\"https:\/\/gateindustries.com\/es\/affiliation-services\/#breadcrumb\",\"itemListElement\":[{\"@type\":\"ListItem\",\"position\":1,\"name\":\"Home\",\"item\":\"https:\/\/gateindustries.com\/es\/\"},{\"@type\":\"ListItem\",\"position\":2,\"name\":\"Affiliation Services\"}]}]}<\/script>\n<!-- \/ Yoast SEO plugin. -->","yoast_head_json":{"robots":{"index":"index","follow":"follow","max-snippet":"max-snippet:-1","max-image-preview":"max-image-preview:large","max-video-preview":"max-video-preview:-1"},"canonical":"https:\/\/gateindustries.com\/es\/affiliation-services\/","og_locale":"en_US","og_type":"article","og_title":"Affiliation Services - Navigation","og_description":"SERVICIOS DE AFILIACI\u00d3N La obtenci\u00f3n de designaci\u00f3n de Centro Regional puede ser un proceso dif\u00edcil, costoso e impredecible. Para ayudar a aliviar algunos de los inconvenientes inherentes involucrados, Gate Industries ofrece servicios de afiliaci\u00f3n a Centro Regional para los proyectistas y profesionales EB-5, sea a trav\u00e9s de arrendamiento y compra de centros regionales pre-existentes, sea [&hellip;]","og_url":"https:\/\/gateindustries.com\/es\/affiliation-services\/","og_site_name":"Navigation","article_modified_time":"2016-09-30T18:16:06+00:00","og_image":[{"url":"https:\/\/gateindustries.com\/es\/wp-content\/uploads\/2015\/11\/map1-1.png"}],"twitter_misc":{"Est. reading time":"1 minute"},"schema":{"@context":"https:\/\/schema.org","@graph":[{"@type":"WebSite","@id":"https:\/\/gateindustries.com\/es\/#website","url":"https:\/\/gateindustries.com\/es\/","name":"Navigation","description":"","potentialAction":[{"@type":"SearchAction","target":{"@type":"EntryPoint","urlTemplate":"https:\/\/gateindustries.com\/es\/?s={search_term_string}"},"query-input":"required name=search_term_string"}],"inLanguage":"en-US"},{"@type":"ImageObject","@id":"https:\/\/gateindustries.com\/es\/affiliation-services\/#primaryimage","inLanguage":"en-US","url":"https:\/\/gateindustries.com\/es\/wp-content\/uploads\/2015\/11\/map1-1.png","contentUrl":"https:\/\/gateindustries.com\/es\/wp-content\/uploads\/2015\/11\/map1-1.png","width":766,"height":590},{"@type":"WebPage","@id":"https:\/\/gateindustries.com\/es\/affiliation-services\/#webpage","url":"https:\/\/gateindustries.com\/es\/affiliation-services\/","name":"Affiliation Services - Navigation","isPartOf":{"@id":"https:\/\/gateindustries.com\/es\/#website"},"primaryImageOfPage":{"@id":"https:\/\/gateindustries.com\/es\/affiliation-services\/#primaryimage"},"datePublished":"2015-11-13T15:08:49+00:00","dateModified":"2016-09-30T18:16:06+00:00","breadcrumb":{"@id":"https:\/\/gateindustries.com\/es\/affiliation-services\/#breadcrumb"},"inLanguage":"en-US","potentialAction":[{"@type":"ReadAction","target":["https:\/\/gateindustries.com\/es\/affiliation-services\/"]}]},{"@type":"BreadcrumbList","@id":"https:\/\/gateindustries.com\/es\/affiliation-services\/#breadcrumb","itemListElement":[{"@type":"ListItem","position":1,"name":"Home","item":"https:\/\/gateindustries.com\/es\/"},{"@type":"ListItem","position":2,"name":"Affiliation Services"}]}]}},"_links":{"self":[{"href":"https:\/\/gateindustries.com\/es\/wp-json\/wp\/v2\/pages\/346","targetHints":{"allow":["GET"]}}],"collection":[{"href":"https:\/\/gateindustries.com\/es\/wp-json\/wp\/v2\/pages"}],"about":[{"href":"https:\/\/gateindustries.com\/es\/wp-json\/wp\/v2\/types\/page"}],"author":[{"embeddable":true,"href":"https:\/\/gateindustries.com\/es\/wp-json\/wp\/v2\/users\/3"}],"replies":[{"embeddable":true,"href":"https:\/\/gateindustries.com\/es\/wp-json\/wp\/v2\/comments?post=346"}],"version-history":[{"count":9,"href":"https:\/\/gateindustries.com\/es\/wp-json\/wp\/v2\/pages\/346\/revisions"}],"predecessor-version":[{"id":445,"href":"https:\/\/gateindustries.com\/es\/wp-json\/wp\/v2\/pages\/346\/revisions\/445"}],"wp:attachment":[{"href":"https:\/\/gateindustries.com\/es\/wp-json\/wp\/v2\/media?parent=346"}],"curies":[{"name":"wp","href":"https:\/\/api.w.org\/{rel}","templated":true}]}}