{"id":375,"date":"2016-03-29T19:23:26","date_gmt":"2016-03-29T19:23:26","guid":{"rendered":"https:\/\/gateindustries.com\/?page_id=375"},"modified":"2016-10-05T19:21:51","modified_gmt":"2016-10-05T19:21:51","slug":"privacy-policy","status":"publish","type":"page","link":"https:\/\/gateindustries.com\/es\/privacy-policy\/","title":{"rendered":"Privacy Policy"},"content":{"rendered":"<h2><strong>Pol\u00edtica de privacidad<\/strong><\/h2>\n<hr \/>\n<p>Es la pol\u00edtica de la Gate Industries, LLC de proteger la privacidad de los inversores en proyectos de inversi\u00f3n. Por lo tanto, Gate Industries no revelar\u00e1 los nombres de los inversores a los que est\u00e1n fuera de ese proyecto de inversi\u00f3n que cada inversor se invierte en, a menos que sea requerido por la ley. Sin embargo, cada inversor tiene el derecho legal de acceso a los nombres, informaci\u00f3n de contacto, y el porcentaje de participaci\u00f3n de los otros inversores dentro de su proyecto de inversi\u00f3n en particular. Adem\u00e1s, el inversor reconoce la informaci\u00f3n que no es p\u00fablica en relaci\u00f3n con el inversor se da a conocer por el inversor a Gate Industries u otros agentes (la &#8220;Informaci\u00f3n&#8221;) (tal como el nombre del inversor, direcci\u00f3n, n\u00famero de seguro social, los bienes y los ingresos) (i) puede ser revelada al administrador de Gate Industries, en su caso, miembro o administrador, abogados, contadores y auditores en desarrollo de negocio Gate Industries y otros proveedores de servicios, tales como agencias que pueden tener una necesidad de la informaci\u00f3n en relaci\u00f3n con la prestaci\u00f3n de servicios de gesti\u00f3n a Gate Industries, (ii) a los proveedores de servicios externos o instituciones financieras que pueden estar ofreciendo servicios de marketing a Gate Industries siempre que dichas personas deben ponerse de acuerdo para proteger la confidencialidad de la informaci\u00f3n y el uso de la informaci\u00f3n s\u00f3lo a los efectos de la prestaci\u00f3n de servicios a Gate Industries y (iii) sea requerido o permitido por la ley.<\/p>\n","protected":false},"excerpt":{"rendered":"<p>Pol\u00edtica de privacidad Es la pol\u00edtica de la Gate Industries, LLC de proteger la privacidad de los inversores en proyectos de inversi\u00f3n. Por lo tanto, Gate Industries no revelar\u00e1 los nombres de los inversores a los que est\u00e1n fuera de ese proyecto de inversi\u00f3n que cada inversor se invierte en, a menos que sea requerido [&hellip;]<\/p>\n","protected":false},"author":3,"featured_media":0,"parent":0,"menu_order":0,"comment_status":"closed","ping_status":"closed","template":"","meta":{"footnotes":""},"class_list":["post-375","page","type-page","status-publish","hentry"],"yoast_head":"<!-- This site is optimized with the Yoast SEO plugin v17.0 - https:\/\/yoast.com\/wordpress\/plugins\/seo\/ -->\n<meta name=\"robots\" content=\"index, follow, max-snippet:-1, max-image-preview:large, max-video-preview:-1\" \/>\n<link rel=\"canonical\" href=\"https:\/\/gateindustries.com\/es\/privacy-policy\/\" \/>\n<meta property=\"og:locale\" content=\"en_US\" \/>\n<meta property=\"og:type\" content=\"article\" \/>\n<meta property=\"og:title\" content=\"Privacy Policy - Navigation\" \/>\n<meta property=\"og:description\" content=\"Pol\u00edtica de privacidad Es la pol\u00edtica de la Gate Industries, LLC de proteger la privacidad de los inversores en proyectos de inversi\u00f3n. Por lo tanto, Gate Industries no revelar\u00e1 los nombres de los inversores a los que est\u00e1n fuera de ese proyecto de inversi\u00f3n que cada inversor se invierte en, a menos que sea requerido [&hellip;]\" \/>\n<meta property=\"og:url\" content=\"https:\/\/gateindustries.com\/es\/privacy-policy\/\" \/>\n<meta property=\"og:site_name\" content=\"Navigation\" \/>\n<meta property=\"article:modified_time\" content=\"2016-10-05T19:21:51+00:00\" \/>\n<meta name=\"twitter:label1\" content=\"Est. reading time\" \/>\n\t<meta name=\"twitter:data1\" content=\"1 minute\" \/>\n<script type=\"application\/ld+json\" class=\"yoast-schema-graph\">{\"@context\":\"https:\/\/schema.org\",\"@graph\":[{\"@type\":\"WebSite\",\"@id\":\"https:\/\/gateindustries.com\/es\/#website\",\"url\":\"https:\/\/gateindustries.com\/es\/\",\"name\":\"Navigation\",\"description\":\"\",\"potentialAction\":[{\"@type\":\"SearchAction\",\"target\":{\"@type\":\"EntryPoint\",\"urlTemplate\":\"https:\/\/gateindustries.com\/es\/?s={search_term_string}\"},\"query-input\":\"required name=search_term_string\"}],\"inLanguage\":\"en-US\"},{\"@type\":\"WebPage\",\"@id\":\"https:\/\/gateindustries.com\/es\/privacy-policy\/#webpage\",\"url\":\"https:\/\/gateindustries.com\/es\/privacy-policy\/\",\"name\":\"Privacy Policy - Navigation\",\"isPartOf\":{\"@id\":\"https:\/\/gateindustries.com\/es\/#website\"},\"datePublished\":\"2016-03-29T19:23:26+00:00\",\"dateModified\":\"2016-10-05T19:21:51+00:00\",\"breadcrumb\":{\"@id\":\"https:\/\/gateindustries.com\/es\/privacy-policy\/#breadcrumb\"},\"inLanguage\":\"en-US\",\"potentialAction\":[{\"@type\":\"ReadAction\",\"target\":[\"https:\/\/gateindustries.com\/es\/privacy-policy\/\"]}]},{\"@type\":\"BreadcrumbList\",\"@id\":\"https:\/\/gateindustries.com\/es\/privacy-policy\/#breadcrumb\",\"itemListElement\":[{\"@type\":\"ListItem\",\"position\":1,\"name\":\"Home\",\"item\":\"https:\/\/gateindustries.com\/es\/\"},{\"@type\":\"ListItem\",\"position\":2,\"name\":\"Privacy Policy\"}]}]}<\/script>\n<!-- \/ Yoast SEO plugin. -->","yoast_head_json":{"robots":{"index":"index","follow":"follow","max-snippet":"max-snippet:-1","max-image-preview":"max-image-preview:large","max-video-preview":"max-video-preview:-1"},"canonical":"https:\/\/gateindustries.com\/es\/privacy-policy\/","og_locale":"en_US","og_type":"article","og_title":"Privacy Policy - Navigation","og_description":"Pol\u00edtica de privacidad Es la pol\u00edtica de la Gate Industries, LLC de proteger la privacidad de los inversores en proyectos de inversi\u00f3n. Por lo tanto, Gate Industries no revelar\u00e1 los nombres de los inversores a los que est\u00e1n fuera de ese proyecto de inversi\u00f3n que cada inversor se invierte en, a menos que sea requerido [&hellip;]","og_url":"https:\/\/gateindustries.com\/es\/privacy-policy\/","og_site_name":"Navigation","article_modified_time":"2016-10-05T19:21:51+00:00","twitter_misc":{"Est. reading time":"1 minute"},"schema":{"@context":"https:\/\/schema.org","@graph":[{"@type":"WebSite","@id":"https:\/\/gateindustries.com\/es\/#website","url":"https:\/\/gateindustries.com\/es\/","name":"Navigation","description":"","potentialAction":[{"@type":"SearchAction","target":{"@type":"EntryPoint","urlTemplate":"https:\/\/gateindustries.com\/es\/?s={search_term_string}"},"query-input":"required name=search_term_string"}],"inLanguage":"en-US"},{"@type":"WebPage","@id":"https:\/\/gateindustries.com\/es\/privacy-policy\/#webpage","url":"https:\/\/gateindustries.com\/es\/privacy-policy\/","name":"Privacy Policy - Navigation","isPartOf":{"@id":"https:\/\/gateindustries.com\/es\/#website"},"datePublished":"2016-03-29T19:23:26+00:00","dateModified":"2016-10-05T19:21:51+00:00","breadcrumb":{"@id":"https:\/\/gateindustries.com\/es\/privacy-policy\/#breadcrumb"},"inLanguage":"en-US","potentialAction":[{"@type":"ReadAction","target":["https:\/\/gateindustries.com\/es\/privacy-policy\/"]}]},{"@type":"BreadcrumbList","@id":"https:\/\/gateindustries.com\/es\/privacy-policy\/#breadcrumb","itemListElement":[{"@type":"ListItem","position":1,"name":"Home","item":"https:\/\/gateindustries.com\/es\/"},{"@type":"ListItem","position":2,"name":"Privacy Policy"}]}]}},"_links":{"self":[{"href":"https:\/\/gateindustries.com\/es\/wp-json\/wp\/v2\/pages\/375","targetHints":{"allow":["GET"]}}],"collection":[{"href":"https:\/\/gateindustries.com\/es\/wp-json\/wp\/v2\/pages"}],"about":[{"href":"https:\/\/gateindustries.com\/es\/wp-json\/wp\/v2\/types\/page"}],"author":[{"embeddable":true,"href":"https:\/\/gateindustries.com\/es\/wp-json\/wp\/v2\/users\/3"}],"replies":[{"embeddable":true,"href":"https:\/\/gateindustries.com\/es\/wp-json\/wp\/v2\/comments?post=375"}],"version-history":[{"count":6,"href":"https:\/\/gateindustries.com\/es\/wp-json\/wp\/v2\/pages\/375\/revisions"}],"predecessor-version":[{"id":458,"href":"https:\/\/gateindustries.com\/es\/wp-json\/wp\/v2\/pages\/375\/revisions\/458"}],"wp:attachment":[{"href":"https:\/\/gateindustries.com\/es\/wp-json\/wp\/v2\/media?parent=375"}],"curies":[{"name":"wp","href":"https:\/\/api.w.org\/{rel}","templated":true}]}}