{"id":377,"date":"2016-03-29T19:24:50","date_gmt":"2016-03-29T19:24:50","guid":{"rendered":"https:\/\/gateindustries.com\/?page_id=377"},"modified":"2016-10-03T21:01:51","modified_gmt":"2016-10-03T21:01:51","slug":"disclaimers","status":"publish","type":"page","link":"https:\/\/gateindustries.com\/es\/disclaimers\/","title":{"rendered":"Disclaimers"},"content":{"rendered":"<h2>Limitaciones de responsabilidad<\/h2>\n<hr>\n<p>La informaci\u00f3n contenida en este sitio web no constituye ni forma parte de, y no debe interpretarse como una oferta, invitaci\u00f3n o inducci\u00f3n a la compra o suscripci\u00f3n de valores ni provocar\u00e1n o cualquier parte de ella formar la base de, o ser invocado en ella con relaci\u00f3n, cualquier contrato o compromiso alguno. La informaci\u00f3n en este sitio web no constituye ning\u00fan tipo de asesoramiento o una recomendaci\u00f3n con respecto a cualquier valor. No existen valores han sido o ser\u00e1n registradas bajo la Ley de Valores de 1933 y sus modificaciones, (la &#8220;Ley de Valores&#8221;) o con cualquier autoridad reguladora de valores de cualquier estado u otra jurisdicci\u00f3n en los Estados Unidos. No hay valores pueden ser ofrecidas o vendidas registro o una exenci\u00f3n de registro bajo la Ley de Valores. Por otra parte, ni la Comisi\u00f3n de los Estados Unidos de Bolsa y Valores ni ninguna de valores \u00f3rgano regulador de cualquier estado u otra jurisdicci\u00f3n de los Estados Unidos, ni ninguna de valores \u00f3rgano regulador de cualquier otro pa\u00eds o subdivisi\u00f3n pol\u00edtica del mismo, ha pasado en la veracidad o adecuaci\u00f3n de los contenidos de esta p\u00e1gina web. Cualquier manifestaci\u00f3n en contrario es ilegal. El uso de cualquier porci\u00f3n de este sitio web sin la autorizaci\u00f3n expresa por escrito de Gate Industries, LLC est\u00e1 estrictamente prohibido.<\/p>\n<hr>\n<p><strong>No oferta de venta de seguridad est\u00e1 compuesto por este sitio web: <\/strong><\/p>\n<p>Este sitio web no hace ninguna oferta a vender. La informaci\u00f3n en este sitio web no constituye una oferta de venta o solicitud de una oferta para comprar una participaci\u00f3n en una inversi\u00f3n o para la prestaci\u00f3n de cualquier gesti\u00f3n de inversiones o servicios de asesoramiento. Cualquier oferta o solicitud ser\u00e1n conforme a las exenciones de los requisitos de registro establecidos en las leyes de valores aplicables y hechas s\u00f3lo por medio de la entrega de un memorando confidencial oferta privada en relaci\u00f3n con una inversi\u00f3n en particular a inversores cualificados en las jurisdicciones en que lo permita la ley. Este sitio web es s\u00f3lo un resumen de algunas cuestiones importantes relacionadas con Gate Industries, LLC y est\u00e1 calificada en su totalidad por la informaci\u00f3n detallada en los materiales de oferta para determinadas inversiones. Los posibles inversores deben tomar nota de los factores de riesgo descritos en el mismo.<\/p>\n<p><strong>\u00a0<\/strong><\/p>\n<p><strong>Gate Industries no ofrece inmigraci\u00f3n consejo legal o servicios o asesoramiento de inversion:<\/strong><\/p>\n<p>Gate Industries, LLC, sus empleados y miembros, no funcionan como sus abogados de inmigraci\u00f3n o abogados y no tratan de interpretar las leyes de inmigraci\u00f3n para usted y no proporcionan o la inmigraci\u00f3n ofrecen asesoramiento legal o servicios legales en su caso. Un inversor debe buscar consejo legal de un abogado de inmigraci\u00f3n privada de su elecci\u00f3n. Gate Industries es una empresa comercial que proporciona ciertas introducciones y servicios a los potenciales inversores extranjeros, y no est\u00e1 autorizado para proporcionar asesoramiento de inversi\u00f3n. Puerta Industries no ser\u00e1 responsable del \u00e9xito o el fracaso de cualquier inversi\u00f3n que ofrece Gate Industries o cualquier ganancia o p\u00e9rdida o gasto resultante que pueda surgir directa o indirectamente de tales inversiones, independientemente de que dicha inversi\u00f3n se utiliza para prop\u00f3sitos de inmigraci\u00f3n, o para el cumplimiento con los requisitos de los Estados Unidos Servicio de Ciudadan\u00eda e Inmigraci\u00f3n.<\/p>\n<p><strong>\u00a0<\/strong><\/p>\n<p><strong>Con respecto a enlaces en este sitio:<\/strong><\/p>\n<p>Gate Industries no ha revisado los sitios no afiliados vinculados a este sitio, si lo hay, y no es responsable del contenido de las p\u00e1ginas fuera del sitio o cualquier otro sitio vinculado o enlace al sitio. Su conexi\u00f3n a cualquier p\u00e1gina fuera del sitio u otros sitios es a su propio riesgo. Gate Industries no hace ninguna declaraci\u00f3n acerca de las opiniones de terceros que aparece en un sitio vinculado, ni supervisa regularmente ni tiene control sobre el contenido de dichos sitios, y no respalda, y declina toda responsabilidad por el contenido de tales declaraciones o Web sitios.<\/p>\n","protected":false},"excerpt":{"rendered":"<p>Limitaciones de responsabilidad La informaci\u00f3n contenida en este sitio web no constituye ni forma parte de, y no debe interpretarse como una oferta, invitaci\u00f3n o inducci\u00f3n a la compra o suscripci\u00f3n de valores ni provocar\u00e1n o cualquier parte de ella formar la base de, o ser invocado en ella con relaci\u00f3n, cualquier contrato o compromiso [&hellip;]<\/p>\n","protected":false},"author":3,"featured_media":0,"parent":0,"menu_order":0,"comment_status":"closed","ping_status":"closed","template":"","meta":{"footnotes":""},"class_list":["post-377","page","type-page","status-publish","hentry"],"yoast_head":"<!-- This site is optimized with the Yoast SEO plugin v17.0 - https:\/\/yoast.com\/wordpress\/plugins\/seo\/ -->\n<meta name=\"robots\" content=\"index, follow, max-snippet:-1, max-image-preview:large, max-video-preview:-1\" \/>\n<link rel=\"canonical\" href=\"https:\/\/gateindustries.com\/es\/disclaimers\/\" \/>\n<meta property=\"og:locale\" content=\"en_US\" \/>\n<meta property=\"og:type\" content=\"article\" \/>\n<meta property=\"og:title\" content=\"Disclaimers - Navigation\" \/>\n<meta property=\"og:description\" content=\"Limitaciones de responsabilidad La informaci\u00f3n contenida en este sitio web no constituye ni forma parte de, y no debe interpretarse como una oferta, invitaci\u00f3n o inducci\u00f3n a la compra o suscripci\u00f3n de valores ni provocar\u00e1n o cualquier parte de ella formar la base de, o ser invocado en ella con relaci\u00f3n, cualquier contrato o compromiso [&hellip;]\" \/>\n<meta property=\"og:url\" content=\"https:\/\/gateindustries.com\/es\/disclaimers\/\" \/>\n<meta property=\"og:site_name\" content=\"Navigation\" \/>\n<meta property=\"article:modified_time\" content=\"2016-10-03T21:01:51+00:00\" \/>\n<meta name=\"twitter:label1\" content=\"Est. reading time\" \/>\n\t<meta name=\"twitter:data1\" content=\"3 minutes\" \/>\n<script type=\"application\/ld+json\" class=\"yoast-schema-graph\">{\"@context\":\"https:\/\/schema.org\",\"@graph\":[{\"@type\":\"WebSite\",\"@id\":\"https:\/\/gateindustries.com\/es\/#website\",\"url\":\"https:\/\/gateindustries.com\/es\/\",\"name\":\"Navigation\",\"description\":\"\",\"potentialAction\":[{\"@type\":\"SearchAction\",\"target\":{\"@type\":\"EntryPoint\",\"urlTemplate\":\"https:\/\/gateindustries.com\/es\/?s={search_term_string}\"},\"query-input\":\"required name=search_term_string\"}],\"inLanguage\":\"en-US\"},{\"@type\":\"WebPage\",\"@id\":\"https:\/\/gateindustries.com\/es\/disclaimers\/#webpage\",\"url\":\"https:\/\/gateindustries.com\/es\/disclaimers\/\",\"name\":\"Disclaimers - Navigation\",\"isPartOf\":{\"@id\":\"https:\/\/gateindustries.com\/es\/#website\"},\"datePublished\":\"2016-03-29T19:24:50+00:00\",\"dateModified\":\"2016-10-03T21:01:51+00:00\",\"breadcrumb\":{\"@id\":\"https:\/\/gateindustries.com\/es\/disclaimers\/#breadcrumb\"},\"inLanguage\":\"en-US\",\"potentialAction\":[{\"@type\":\"ReadAction\",\"target\":[\"https:\/\/gateindustries.com\/es\/disclaimers\/\"]}]},{\"@type\":\"BreadcrumbList\",\"@id\":\"https:\/\/gateindustries.com\/es\/disclaimers\/#breadcrumb\",\"itemListElement\":[{\"@type\":\"ListItem\",\"position\":1,\"name\":\"Home\",\"item\":\"https:\/\/gateindustries.com\/es\/\"},{\"@type\":\"ListItem\",\"position\":2,\"name\":\"Disclaimers\"}]}]}<\/script>\n<!-- \/ Yoast SEO plugin. -->","yoast_head_json":{"robots":{"index":"index","follow":"follow","max-snippet":"max-snippet:-1","max-image-preview":"max-image-preview:large","max-video-preview":"max-video-preview:-1"},"canonical":"https:\/\/gateindustries.com\/es\/disclaimers\/","og_locale":"en_US","og_type":"article","og_title":"Disclaimers - Navigation","og_description":"Limitaciones de responsabilidad La informaci\u00f3n contenida en este sitio web no constituye ni forma parte de, y no debe interpretarse como una oferta, invitaci\u00f3n o inducci\u00f3n a la compra o suscripci\u00f3n de valores ni provocar\u00e1n o cualquier parte de ella formar la base de, o ser invocado en ella con relaci\u00f3n, cualquier contrato o compromiso [&hellip;]","og_url":"https:\/\/gateindustries.com\/es\/disclaimers\/","og_site_name":"Navigation","article_modified_time":"2016-10-03T21:01:51+00:00","twitter_misc":{"Est. reading time":"3 minutes"},"schema":{"@context":"https:\/\/schema.org","@graph":[{"@type":"WebSite","@id":"https:\/\/gateindustries.com\/es\/#website","url":"https:\/\/gateindustries.com\/es\/","name":"Navigation","description":"","potentialAction":[{"@type":"SearchAction","target":{"@type":"EntryPoint","urlTemplate":"https:\/\/gateindustries.com\/es\/?s={search_term_string}"},"query-input":"required name=search_term_string"}],"inLanguage":"en-US"},{"@type":"WebPage","@id":"https:\/\/gateindustries.com\/es\/disclaimers\/#webpage","url":"https:\/\/gateindustries.com\/es\/disclaimers\/","name":"Disclaimers - Navigation","isPartOf":{"@id":"https:\/\/gateindustries.com\/es\/#website"},"datePublished":"2016-03-29T19:24:50+00:00","dateModified":"2016-10-03T21:01:51+00:00","breadcrumb":{"@id":"https:\/\/gateindustries.com\/es\/disclaimers\/#breadcrumb"},"inLanguage":"en-US","potentialAction":[{"@type":"ReadAction","target":["https:\/\/gateindustries.com\/es\/disclaimers\/"]}]},{"@type":"BreadcrumbList","@id":"https:\/\/gateindustries.com\/es\/disclaimers\/#breadcrumb","itemListElement":[{"@type":"ListItem","position":1,"name":"Home","item":"https:\/\/gateindustries.com\/es\/"},{"@type":"ListItem","position":2,"name":"Disclaimers"}]}]}},"_links":{"self":[{"href":"https:\/\/gateindustries.com\/es\/wp-json\/wp\/v2\/pages\/377","targetHints":{"allow":["GET"]}}],"collection":[{"href":"https:\/\/gateindustries.com\/es\/wp-json\/wp\/v2\/pages"}],"about":[{"href":"https:\/\/gateindustries.com\/es\/wp-json\/wp\/v2\/types\/page"}],"author":[{"embeddable":true,"href":"https:\/\/gateindustries.com\/es\/wp-json\/wp\/v2\/users\/3"}],"replies":[{"embeddable":true,"href":"https:\/\/gateindustries.com\/es\/wp-json\/wp\/v2\/comments?post=377"}],"version-history":[{"count":4,"href":"https:\/\/gateindustries.com\/es\/wp-json\/wp\/v2\/pages\/377\/revisions"}],"predecessor-version":[{"id":457,"href":"https:\/\/gateindustries.com\/es\/wp-json\/wp\/v2\/pages\/377\/revisions\/457"}],"wp:attachment":[{"href":"https:\/\/gateindustries.com\/es\/wp-json\/wp\/v2\/media?parent=377"}],"curies":[{"name":"wp","href":"https:\/\/api.w.org\/{rel}","templated":true}]}}