{"id":38,"date":"2014-12-05T17:10:00","date_gmt":"2014-12-05T17:10:00","guid":{"rendered":"http:\/\/gi.hoamhost.com\/?page_id=38"},"modified":"2016-10-03T20:57:13","modified_gmt":"2016-10-03T20:57:13","slug":"our-eb5-projects","status":"publish","type":"page","link":"https:\/\/gateindustries.com\/es\/our-eb5-projects\/","title":{"rendered":"Projects"},"content":{"rendered":"<div class=\"topbox\" id=\"projects\">\n<h1><span>PROYECTOS EB-5<\/span><\/h1>\n<\/div>\n<ul class=\"ihover-container\" style=\"margin-left:110px;\">\n<li class=\"hover_effects_li\">\n<div class=\"ih-item circle colored effect13 from_left_and_right\"><a href=\"#\"><\/p>\n<div class=\"spinner\"><\/div>\n<div class=\"img\"><img loading=\"lazy\" decoding=\"async\" src=\"\/wp-content\/uploads\/2014\/12\/bb.png\" alt=\"bb\" width=\"488\" height=\"270\" class=\"size-full wp-image-188\" srcset=\"https:\/\/gateindustries.com\/es\/wp-content\/uploads\/2014\/12\/bb.png 488w, https:\/\/gateindustries.com\/es\/wp-content\/uploads\/2014\/12\/bb-300x165.png 300w\" sizes=\"auto, (max-width: 488px) 100vw, 488px\" \/><\/p>\n<p class=\"pro-name\">Proyecto: Animation Slates <\/p>\n<\/div>\n<div class=\"info\">\n<div class=\"info-back\">\n<h3>Estudio de Animaci\u00f3n <\/h3>\n<p>El estudio es reconocido como l\u00edder en la producci\u00f3n de serie de comedia animada de horario estelar para difusi\u00f3n, por cable y redes digitales. El estudio est\u00e1 produciendo actualmente varios proyectos innovadores presentados en FOX, Hulu y YouTube.\n<\/p>\n<p>EB-5 fondos: US$50 millones \/ Creaci\u00f3n de empleo: 1,332<\/p>\n<\/p><\/div>\n<\/div>\n<p><\/a><\/div>\n<\/li>\n<li class=\"hover_effects_li\">\n<div class=\"ih-item circle colored effect13 from_left_and_right\"><a href=\"#\"><\/p>\n<div class=\"spinner\"><\/div>\n<div class=\"img\"><img loading=\"lazy\" decoding=\"async\" src=\"https:\/\/gateindustries.com\/wp-content\/uploads\/2014\/12\/nj.jpg\" alt=\"nj\" width=\"488\" height=\"270\" class=\"aligncenter size-full wp-image-409\" srcset=\"https:\/\/gateindustries.com\/es\/wp-content\/uploads\/2014\/12\/nj.jpg 488w, https:\/\/gateindustries.com\/es\/wp-content\/uploads\/2014\/12\/nj-300x166.jpg 300w\" sizes=\"auto, (max-width: 488px) 100vw, 488px\" \/><\/p>\n<p class=\"pro-name\">Proyecto: Desarrollo para hogar de ancianos (Hamilton, NJ) <\/p>\n<\/div>\n<div class=\"info\">\n<div class=\"info-back\">\n<h3>Desarrollo para hogar de ancianos<\/h3>\n<p>O frece una vida independiente, de estar asociado y el cuidado de Alzheimer. Convenientemente situado en el municipio de Hamilton, Nueva Jersey, la instalaci\u00f3n dispone de 195 unidades, con todas las comodidades incluyendo un estudio de ejercicio, gimnasio y centro de bienestar , un teatro , un jard\u00edn y un centro comunitario .  <\/p>\n<p>Creaci\u00f3n de empleo: 441 puestos de trabajo\n<\/p>\n<\/p><\/div>\n<\/div>\n<p><\/a><\/div>\n<\/li>\n<li class=\"hover_effects_li\">\n<div class=\"ih-item circle colored effect13 from_left_and_right\"><a href=\"#\"><\/p>\n<div class=\"spinner\"><\/div>\n<div class=\"img\"><img loading=\"lazy\" decoding=\"async\" src=\"https:\/\/gateindustries.com\/wp-content\/uploads\/2014\/12\/pharm1.jpg\" alt=\"pharm\" width=\"488\" height=\"270\" class=\"aligncenter size-full wp-image-402\" srcset=\"https:\/\/gateindustries.com\/es\/wp-content\/uploads\/2014\/12\/pharm1.jpg 488w, https:\/\/gateindustries.com\/es\/wp-content\/uploads\/2014\/12\/pharm1-300x166.jpg 300w\" sizes=\"auto, (max-width: 488px) 100vw, 488px\" \/><\/p>\n<p class=\"pro-name\">Proyecto: Instalaci\u00f3n de fabricaci\u00f3n de productos farmac\u00e9uticos<\/p>\n<\/div>\n<div class=\"info\">\n<div class=\"info-back\">\n<h3>Instalaci\u00f3n de fabricaci\u00f3n de productos farmac\u00e9uticos <\/h3>\n<p>State of the art de fabricaci\u00f3n y envasado que produce nutrac\u00e9uticos, productos farmac\u00e9uticos de venta libre, suplementos diet\u00e9ticos y bioqu\u00edmicos de la especialidad para los clientes en todo el mundo. expansiones actuales a la instalaci\u00f3n certificada por la FDA permitir\u00e1 a la compa\u00f1\u00eda para proporcionar US$600 millones de capacidad de fabricaci\u00f3n. <\/p>\n<p>EB-5 Fondos: US$27 million\/ Creaci\u00f3n de empleo: 2,475 puestos de trabajo\n<\/p>\n<\/p><\/div>\n<\/div>\n<p><\/a><\/div>\n<\/li>\n<li class=\"hover_effects_li\">\n<div class=\"ih-item circle colored effect13 from_left_and_right\"><a href=\"#\"><\/p>\n<div class=\"spinner\"><\/div>\n<div class=\"img\"><img loading=\"lazy\" decoding=\"async\" src=\"https:\/\/gateindustries.com\/wp-content\/uploads\/2014\/12\/trans.jpg\" alt=\"trans\" width=\"488\" height=\"270\" class=\"aligncenter size-full wp-image-404\" srcset=\"https:\/\/gateindustries.com\/es\/wp-content\/uploads\/2014\/12\/trans.jpg 976w, https:\/\/gateindustries.com\/es\/wp-content\/uploads\/2014\/12\/trans-300x166.jpg 300w\" sizes=\"auto, (max-width: 488px) 100vw, 488px\" \/><\/p>\n<p class=\"pro-name\">Proyecto: Transmisi\u00f3n y distribuci\u00f3n de servicios<\/p>\n<\/div>\n<div class=\"info\">\n<div class=\"info-back\">\n<h3>Transmisi\u00f3n y distribuci\u00f3n de servicios<\/h3>\n<p>Proyecto de l\u00ednea de transmisi\u00f3n concebido para modernizar la red el\u00e9ctrica del sudoeste y distribuir los recursos energ\u00e9ticos renovables de Arizona y Nuevo M\u00e9xico a los clientes y los mercados de todo el desierto del suroeste. Las dos nuevas l\u00edneas de transmisi\u00f3n y subestaciones el\u00e9ctricas ayudar\u00e1n a satisfacer la creciente demanda de energ\u00eda limpia de la naci\u00f3n al tiempo que reduce la dependencia de los combustibles f\u00f3siles. <\/p>\n<p>EB-5 Fondos: US$300 million\/ Creaci\u00f3n de empleo: 14,039 puestos de trabajo\n<\/p>\n<\/p><\/div>\n<\/div>\n<p><\/a><\/div>\n<\/li>\n<li class=\"hover_effects_li\">\n<div class=\"ih-item circle colored effect13 from_left_and_right\"><a href=\"#\"><\/p>\n<div class=\"spinner\"><\/div>\n<div class=\"img\"><img loading=\"lazy\" decoding=\"async\" src=\"https:\/\/gateindustries.com\/wp-content\/uploads\/2014\/12\/bio2.jpg\" alt=\"bio\" width=\"488\" height=\"270\" class=\"aligncenter size-full wp-image-406\" srcset=\"https:\/\/gateindustries.com\/es\/wp-content\/uploads\/2014\/12\/bio2.jpg 488w, https:\/\/gateindustries.com\/es\/wp-content\/uploads\/2014\/12\/bio2-300x166.jpg 300w\" sizes=\"auto, (max-width: 488px) 100vw, 488px\" \/><\/p>\n<p class=\"pro-name\">Proyecto: BioPlastics Facility <\/p>\n<\/div>\n<div class=\"info\">\n<div class=\"info-back\">\n<h3>Unidad de Fabricaci\u00f3n de Biopl\u00e1sticos <\/h3>\n<p>La unidad de fabricaci\u00f3n de biopl\u00e1sticos tiene un mill\u00f3n de pies cuadrados y fabrica biopl\u00e1sticos PHA a partir de recursos naturales renovables. Estos pl\u00e1sticos son 100% biodegradables y compostables y con un rendimiento igual o superior a los productos de pl\u00e1stico a base de petr\u00f3leo.<\/p>\n<p>EB-5 fondos: \u20ac134 millones de euros \/ Creaci\u00f3n de empleo: 9,276\n<\/p>\n<\/p><\/div>\n<\/div>\n<p><\/a><\/div>\n<\/li>\n<li class=\"hover_effects_li\">\n<div class=\"ih-item circle colored effect13 from_left_and_right\"><a href=\"#\"><\/p>\n<div class=\"spinner\"><\/div>\n<div class=\"img\"><img loading=\"lazy\" decoding=\"async\" src=\"https:\/\/gateindustries.com\/wp-content\/uploads\/2014\/12\/new.jpg\" alt=\"new\" width=\"488\" height=\"270\" class=\"alignnone size-full wp-image-312\" srcset=\"https:\/\/gateindustries.com\/es\/wp-content\/uploads\/2014\/12\/new.jpg 488w, https:\/\/gateindustries.com\/es\/wp-content\/uploads\/2014\/12\/new-300x166.jpg 300w\" sizes=\"auto, (max-width: 488px) 100vw, 488px\" \/><\/p>\n<p class=\"pro-name\">Blurbs Proyecto de Desarrollo Senior Living  (Tampa, FL)<\/p>\n<\/div>\n<div class=\"info\">\n<div class=\"info-back\">\n<h3>Blurbs Proyecto de Desarrollo Senior Living <\/h3>\n<p>Situado en el Golfo de la Florida, con 108 unidades, el proyecto de Senior Living y cuidados con la memoria ha sido proyectado para una poblaci\u00f3n de ingresos medios y ofrecer\u00e1 suites compartidas, estudios, unidades de uno y dos dormitorios con servicios competitivos y atractivos.<\/p>\n<p>Creaci\u00f3n de empleo: 324\n<\/p>\n<\/p><\/div>\n<\/div>\n<p><\/a><\/div>\n<\/li>\n<li class=\"hover_effects_li\">\n<div class=\"ih-item circle colored effect13 from_left_and_right\"><a href=\"#\"><\/p>\n<div class=\"spinner\"><\/div>\n<div class=\"img\"><img loading=\"lazy\" decoding=\"async\" src=\"\/wp-content\/uploads\/2014\/12\/power.jpg\" alt=\"power\" width=\"488\" height=\"270\" class=\"alignnone size-full wp-image-191\" srcset=\"https:\/\/gateindustries.com\/es\/wp-content\/uploads\/2014\/12\/power.jpg 488w, https:\/\/gateindustries.com\/es\/wp-content\/uploads\/2014\/12\/power-300x165.jpg 300w\" sizes=\"auto, (max-width: 488px) 100vw, 488px\" \/><\/p>\n<p class=\"pro-name\">Proyecto: Planta de energ\u00eda <\/p>\n<\/div>\n<div class=\"info\">\n<div class=\"info-back\">\n<h3>Planta de energ\u00eda <\/h3>\n<p>La instalaci\u00f3n generar\u00e1 32 megavatios (MW) neto de la energ\u00eda verde con la transformaci\u00f3n de  biomasa le\u00f1osa y excreci\u00f3n aves. La instalaci\u00f3n ser\u00e1 la primera de por lo menos cuatro instalaciones bajo nuestra supervisi\u00f3n que ser\u00e1n construidas para utilizar los recursos renovables en oposici\u00f3n a combustibles f\u00f3siles como el carb\u00f3n o el gas natural.<\/p>\n<p>EB-5 fondos: US$48 millones \/ Creaci\u00f3n de empleo: 2,212\n<\/p>\n<\/p><\/div>\n<\/div>\n<p><\/a><\/div>\n<\/li>\n<li class=\"hover_effects_li\">\n<div class=\"ih-item circle colored effect13 from_left_and_right\"><a href=\"#\"><\/p>\n<div class=\"spinner\"><\/div>\n<div class=\"img\"><img loading=\"lazy\" decoding=\"async\" src=\"\/wp-content\/uploads\/2014\/12\/bio1.jpg\" alt=\"bio\" width=\"488\" height=\"270\" class=\"alignnone size-full wp-image-189\" srcset=\"https:\/\/gateindustries.com\/es\/wp-content\/uploads\/2014\/12\/bio1.jpg 488w, https:\/\/gateindustries.com\/es\/wp-content\/uploads\/2014\/12\/bio1-300x165.jpg 300w\" sizes=\"auto, (max-width: 488px) 100vw, 488px\" \/><\/p>\n<p class=\"pro-name\">Proyecto: Unidad de Fabricaci\u00f3n de Biopl\u00e1sticos  <\/p>\n<\/div>\n<div class=\"info\">\n<div class=\"info-back\">\n<h3>Unidad de Fabricaci\u00f3n de Biopl\u00e1sticos <\/h3>\n<p>La unidad de fabricaci\u00f3n de biopl\u00e1sticos tiene un mill\u00f3n de pies cuadrados y fabrica biopl\u00e1sticos PHA a partir de recursos naturales renovables. Estos pl\u00e1sticos son 100% biodegradables y compostables y con un rendimiento igual o superior a los productos de pl\u00e1stico a base de petr\u00f3leo. <\/p>\n<p>EB-5 fondos: \u20ac134 millones de euros \/ Creaci\u00f3n de empleo: 9,276\n<\/p>\n<\/p><\/div>\n<\/div>\n<p><\/a><\/div>\n<\/li>\n<li class=\"hover_effects_li\">\n<div class=\"ih-item circle colored effect13 from_left_and_right\"><a href=\"#\"><\/p>\n<div class=\"spinner\"><\/div>\n<div class=\"img\"><img loading=\"lazy\" decoding=\"async\" src=\"\/wp-content\/uploads\/2014\/12\/af.jpg\" alt=\"af\" width=\"488\" height=\"270\" class=\"alignnone size-full wp-image-187\" srcset=\"https:\/\/gateindustries.com\/es\/wp-content\/uploads\/2014\/12\/af.jpg 488w, https:\/\/gateindustries.com\/es\/wp-content\/uploads\/2014\/12\/af-300x165.jpg 300w\" sizes=\"auto, (max-width: 488px) 100vw, 488px\" \/><\/p>\n<p class=\"pro-name\">Proyecto: Aqua Farm <\/p>\n<\/div>\n<div class=\"info\">\n<div class=\"info-back\">\n<h3>Aquafarm<\/h3>\n<p>La aquafarm se extiende sobre 23 acres y se compone de siete sistemas independientes de control de calidad &#8211; cada uno con acuarios de arte y tecnolog\u00eda de filtrado de \u00faltima que aseguran un ambiente de crecimiento pr\u00edstino, calibrado espec\u00edficamente para proporcionar las condiciones ideales para numerosas especies de pescados y mariscos de gran demanda.<\/p>\n<p>Creaci\u00f3n de empleo: 1,200<\/p>\n<\/p><\/div>\n<\/div>\n<p><\/a><\/div>\n<\/li>\n<li class=\"hover_effects_li\">\n<div class=\"ih-item circle colored effect13 from_left_and_right\"><a href=\"#\"><\/p>\n<div class=\"spinner\"><\/div>\n<div class=\"img\"><img loading=\"lazy\" decoding=\"async\" src=\"\/wp-content\/uploads\/2014\/12\/hotel1.jpg\" alt=\"hotel\" width=\"488\" height=\"270\" class=\"alignnone size-full wp-image-190\" srcset=\"https:\/\/gateindustries.com\/es\/wp-content\/uploads\/2014\/12\/hotel1.jpg 488w, https:\/\/gateindustries.com\/es\/wp-content\/uploads\/2014\/12\/hotel1-300x165.jpg 300w\" sizes=\"auto, (max-width: 488px) 100vw, 488px\" \/><\/p>\n<p class=\"pro-name\">Proyecto: Hotel \/ Residential  <\/p>\n<\/div>\n<div class=\"info\">\n<div class=\"info-back\">\n<h3>Hotel \/ Residencial <\/h3>\n<p>Descripci\u00f3n: Hotel de lujo operado por una experimentada marca hotelera, con 132 habitaciones de servicio completo. El hotel est\u00e1 equipado con un restaurante completo de marca exclusiva, un sal\u00f3n, una piscina, gimnasio, centro de negocios y cerca de 4,000 pies cuadrados de espacio para eventos.\n<\/p>\n<p>Creaci\u00f3n de empleo: 550<\/p>\n<\/p><\/div>\n<\/div>\n<p><\/a><\/div>\n<\/li>\n<\/ul>\n<style>\n\t\t\t\t\t.ihover-container {\n\t\t\t\t\t\t\tclear: both;\n\t\t\t\t\t\t\tdisplay: inline-block;\n\t\t\t\t\t\t\tlist-style-type: none;\n\t\t\t\t\t\t\tmargin: 0;\n\t\t\t\t\t\t\tpadding: 0;\n\t\t\t\t\t\t\tposition: relative;\n\t\t\t\t\t\t\twidth: 100%;\n\t\t\t\t\t\t}\n\t\t\t\t\t\t.ihover-container li {\n\t\t\t\t\t\t\tbackground: none repeat scroll 0 0 transparent;\n\t\t\t\t\t\t\tfloat: left;\n\t\t\t\t\t\t\tlist-style: none outside none;\n\t\t\t\t\t\t\tmargin: 0 12px 50px 0;\n\t\t\t\t\t\t\tpadding: 0;\n\t\t\t\t\t\t\twidth: 488px;\n\t\t\t\t\t\t}\n\t\t\t\t\t\t.ihover-container li img {\n\t\t\t\t\t\t\tborder-radius: 0;\n\t\t\t\t\t\t\tbox-shadow: none;\n\t\t\t\t\t\t\tdisplay: block;\n\t\t\t\t\t\t\tmargin: 0;\n\t\t\t\t\t\t\tpadding: 0;\n\t\t\t\t\t\t}\n\t\t\t\t<\/style>\n<p style=\"text-align:center; clear:both; padding-top:30px; margin-bottom:-10px;\"><a href=\"http:\/\/www.iiusa.org\/\" target=\"_blank\"><img loading=\"lazy\" decoding=\"async\" src=\"https:\/\/gateindustries.com\/wp-content\/uploads\/2014\/12\/presidents.png\" alt=\"presidents\" width=\"150\" height=\"178\" class=\"aligncenter size-full wp-image-252\" \/><\/a><\/p>\n","protected":false},"excerpt":{"rendered":"<p>PROYECTOS EB-5 Proyecto: Animation Slates Estudio de Animaci\u00f3n El estudio es reconocido como l\u00edder en la producci\u00f3n de serie de comedia animada de horario estelar para difusi\u00f3n, por cable y redes digitales. El estudio est\u00e1 produciendo actualmente varios proyectos innovadores presentados en FOX, Hulu y YouTube. EB-5 fondos: US$50 millones \/ Creaci\u00f3n de empleo: 1,332 [&hellip;]<\/p>\n","protected":false},"author":3,"featured_media":0,"parent":0,"menu_order":0,"comment_status":"open","ping_status":"open","template":"","meta":{"footnotes":""},"class_list":["post-38","page","type-page","status-publish","hentry"],"yoast_head":"<!-- This site is optimized with the Yoast SEO plugin v17.0 - https:\/\/yoast.com\/wordpress\/plugins\/seo\/ -->\n<meta name=\"description\" content=\"Projects Gate Industries have helped through their knowledge of the EB-5 program. Gate Industries have helped in creating thousands on new jobs.\" \/>\n<meta name=\"robots\" content=\"index, follow, max-snippet:-1, max-image-preview:large, max-video-preview:-1\" \/>\n<link rel=\"canonical\" href=\"https:\/\/gateindustries.com\/es\/our-eb5-projects\/\" \/>\n<meta property=\"og:locale\" content=\"en_US\" \/>\n<meta property=\"og:type\" content=\"article\" \/>\n<meta property=\"og:title\" content=\"EB-5 Projects and Job Creation Numbers | Gate Industries\" \/>\n<meta property=\"og:description\" content=\"Projects Gate Industries have helped through their knowledge of the EB-5 program. Gate Industries have helped in creating thousands on new jobs.\" \/>\n<meta property=\"og:url\" content=\"https:\/\/gateindustries.com\/es\/our-eb5-projects\/\" \/>\n<meta property=\"og:site_name\" content=\"Navigation\" \/>\n<meta property=\"article:modified_time\" content=\"2016-10-03T20:57:13+00:00\" \/>\n<meta property=\"og:image\" content=\"https:\/\/gateindustries.com\/wp-content\/uploads\/2014\/12\/bb.png\" \/>\n<meta name=\"twitter:label1\" content=\"Est. reading time\" \/>\n\t<meta name=\"twitter:data1\" content=\"4 minutes\" \/>\n<script type=\"application\/ld+json\" class=\"yoast-schema-graph\">{\"@context\":\"https:\/\/schema.org\",\"@graph\":[{\"@type\":\"WebSite\",\"@id\":\"https:\/\/gateindustries.com\/es\/#website\",\"url\":\"https:\/\/gateindustries.com\/es\/\",\"name\":\"Navigation\",\"description\":\"\",\"potentialAction\":[{\"@type\":\"SearchAction\",\"target\":{\"@type\":\"EntryPoint\",\"urlTemplate\":\"https:\/\/gateindustries.com\/es\/?s={search_term_string}\"},\"query-input\":\"required name=search_term_string\"}],\"inLanguage\":\"en-US\"},{\"@type\":\"ImageObject\",\"@id\":\"https:\/\/gateindustries.com\/es\/our-eb5-projects\/#primaryimage\",\"inLanguage\":\"en-US\",\"url\":\"\/wp-content\/uploads\/2014\/12\/bb.png\",\"contentUrl\":\"\/wp-content\/uploads\/2014\/12\/bb.png\"},{\"@type\":\"WebPage\",\"@id\":\"https:\/\/gateindustries.com\/es\/our-eb5-projects\/#webpage\",\"url\":\"https:\/\/gateindustries.com\/es\/our-eb5-projects\/\",\"name\":\"EB-5 Projects and Job Creation Numbers | Gate Industries\",\"isPartOf\":{\"@id\":\"https:\/\/gateindustries.com\/es\/#website\"},\"primaryImageOfPage\":{\"@id\":\"https:\/\/gateindustries.com\/es\/our-eb5-projects\/#primaryimage\"},\"datePublished\":\"2014-12-05T17:10:00+00:00\",\"dateModified\":\"2016-10-03T20:57:13+00:00\",\"description\":\"Projects Gate Industries have helped through their knowledge of the EB-5 program. Gate Industries have helped in creating thousands on new jobs.\",\"breadcrumb\":{\"@id\":\"https:\/\/gateindustries.com\/es\/our-eb5-projects\/#breadcrumb\"},\"inLanguage\":\"en-US\",\"potentialAction\":[{\"@type\":\"ReadAction\",\"target\":[\"https:\/\/gateindustries.com\/es\/our-eb5-projects\/\"]}]},{\"@type\":\"BreadcrumbList\",\"@id\":\"https:\/\/gateindustries.com\/es\/our-eb5-projects\/#breadcrumb\",\"itemListElement\":[{\"@type\":\"ListItem\",\"position\":1,\"name\":\"Home\",\"item\":\"https:\/\/gateindustries.com\/es\/\"},{\"@type\":\"ListItem\",\"position\":2,\"name\":\"Projects\"}]}]}<\/script>\n<!-- \/ Yoast SEO plugin. -->","yoast_head_json":{"description":"Projects Gate Industries have helped through their knowledge of the EB-5 program. Gate Industries have helped in creating thousands on new jobs.","robots":{"index":"index","follow":"follow","max-snippet":"max-snippet:-1","max-image-preview":"max-image-preview:large","max-video-preview":"max-video-preview:-1"},"canonical":"https:\/\/gateindustries.com\/es\/our-eb5-projects\/","og_locale":"en_US","og_type":"article","og_title":"EB-5 Projects and Job Creation Numbers | Gate Industries","og_description":"Projects Gate Industries have helped through their knowledge of the EB-5 program. Gate Industries have helped in creating thousands on new jobs.","og_url":"https:\/\/gateindustries.com\/es\/our-eb5-projects\/","og_site_name":"Navigation","article_modified_time":"2016-10-03T20:57:13+00:00","og_image":[{"url":"https:\/\/gateindustries.com\/wp-content\/uploads\/2014\/12\/bb.png"}],"twitter_misc":{"Est. reading time":"4 minutes"},"schema":{"@context":"https:\/\/schema.org","@graph":[{"@type":"WebSite","@id":"https:\/\/gateindustries.com\/es\/#website","url":"https:\/\/gateindustries.com\/es\/","name":"Navigation","description":"","potentialAction":[{"@type":"SearchAction","target":{"@type":"EntryPoint","urlTemplate":"https:\/\/gateindustries.com\/es\/?s={search_term_string}"},"query-input":"required name=search_term_string"}],"inLanguage":"en-US"},{"@type":"ImageObject","@id":"https:\/\/gateindustries.com\/es\/our-eb5-projects\/#primaryimage","inLanguage":"en-US","url":"\/wp-content\/uploads\/2014\/12\/bb.png","contentUrl":"\/wp-content\/uploads\/2014\/12\/bb.png"},{"@type":"WebPage","@id":"https:\/\/gateindustries.com\/es\/our-eb5-projects\/#webpage","url":"https:\/\/gateindustries.com\/es\/our-eb5-projects\/","name":"EB-5 Projects and Job Creation Numbers | Gate Industries","isPartOf":{"@id":"https:\/\/gateindustries.com\/es\/#website"},"primaryImageOfPage":{"@id":"https:\/\/gateindustries.com\/es\/our-eb5-projects\/#primaryimage"},"datePublished":"2014-12-05T17:10:00+00:00","dateModified":"2016-10-03T20:57:13+00:00","description":"Projects Gate Industries have helped through their knowledge of the EB-5 program. Gate Industries have helped in creating thousands on new jobs.","breadcrumb":{"@id":"https:\/\/gateindustries.com\/es\/our-eb5-projects\/#breadcrumb"},"inLanguage":"en-US","potentialAction":[{"@type":"ReadAction","target":["https:\/\/gateindustries.com\/es\/our-eb5-projects\/"]}]},{"@type":"BreadcrumbList","@id":"https:\/\/gateindustries.com\/es\/our-eb5-projects\/#breadcrumb","itemListElement":[{"@type":"ListItem","position":1,"name":"Home","item":"https:\/\/gateindustries.com\/es\/"},{"@type":"ListItem","position":2,"name":"Projects"}]}]}},"_links":{"self":[{"href":"https:\/\/gateindustries.com\/es\/wp-json\/wp\/v2\/pages\/38","targetHints":{"allow":["GET"]}}],"collection":[{"href":"https:\/\/gateindustries.com\/es\/wp-json\/wp\/v2\/pages"}],"about":[{"href":"https:\/\/gateindustries.com\/es\/wp-json\/wp\/v2\/types\/page"}],"author":[{"embeddable":true,"href":"https:\/\/gateindustries.com\/es\/wp-json\/wp\/v2\/users\/3"}],"replies":[{"embeddable":true,"href":"https:\/\/gateindustries.com\/es\/wp-json\/wp\/v2\/comments?post=38"}],"version-history":[{"count":70,"href":"https:\/\/gateindustries.com\/es\/wp-json\/wp\/v2\/pages\/38\/revisions"}],"predecessor-version":[{"id":455,"href":"https:\/\/gateindustries.com\/es\/wp-json\/wp\/v2\/pages\/38\/revisions\/455"}],"wp:attachment":[{"href":"https:\/\/gateindustries.com\/es\/wp-json\/wp\/v2\/media?parent=38"}],"curies":[{"name":"wp","href":"https:\/\/api.w.org\/{rel}","templated":true}]}}