{"id":25,"date":"2014-12-05T15:07:03","date_gmt":"2014-12-05T15:07:03","guid":{"rendered":"http:\/\/gi.hoamhost.com\/?page_id=25"},"modified":"2016-05-19T17:54:22","modified_gmt":"2016-05-19T17:54:22","slug":"about-us","status":"publish","type":"page","link":"https:\/\/gateindustries.com\/por\/about-us\/","title":{"rendered":"About Us"},"content":{"rendered":"<div id=\"about\" class=\"topbox\">\n<h1><span>SOBRE N\u00d3S<\/span><\/h1>\n<\/div>\n<p>Gate Industries \u00e9 uma empresa multifuncional de finan\u00e7as e consultoria com sede na Carolina do Sul, especializada no provimento e facilita\u00e7\u00e3o de uma variedade de op\u00e7\u00f5es de financiamento, incluindo oferta de financiamento privado atrav\u00e9s de estrangeiros (investimentos EB- 5) e financiamento privado nacional. Nossa empresa \u00e9 uma operadora de Centro Regional com uma rede afiliada de costa a costa e uma vasta experi\u00eancia na orienta\u00e7\u00e3o e presta\u00e7\u00e3o de servi\u00e7os abrangentes desde a fase inicial de planejamento de um projeto de EB -5 at\u00e9 o financiamento final.<br \/>\nGate Industries \u00e9 dedicada a ajudar estrangeiros e suas fam\u00edlias a fixar resid\u00eancia permanente nos Estados Unidos atrav\u00e9s do programa EB- 5, provendo ofertas de investimento conceituadas e em total conformidade, al\u00e9m de acesso a conex\u00f5es altamente especializadas no ramo, incluindo:<\/p>\n<ul>\n<li>Acesso a escrit\u00f3rios de imigra\u00e7\u00e3o de alto padr\u00e3o, <\/li>\n<li>Parcerias com os principais agentes de migra\u00e7\u00e3o, economistas e corretores<\/li>\n<li>Equipe interna de conformidade legal,<\/li>\n<li>Projectos Pr\u00e9-aprovados pelo USCIS em todos os EUA<\/li>\n<\/ul>\n<p>Como empresa de consultoria l\u00edder em EB-5 e Centros Regionais, Gate Industries levantou mais de US$ 400,000,000 em capital at\u00e9 hoje e requereu com sucesso, mais de 18 projetos em todo o pa\u00eds. Nosso sucesso se baseia em nosso compromisso com uma estrat\u00e9gia individualizada a cada cliente, assegurando sucesso e rentabilidade.<\/p>\n<p>Composta por l\u00edderes reconhecidos na comunidade EB-5, a equipe da Gate Industries \u00e9 regularmente convidada para apresentar em confer\u00eancias EB-5, tanto nos Estados Unidos como no exterior. Nossa experiente equipe \u00e9 composta por militares,  contratantes do setor de defesa, advogados, agentes de patentes, estudantes de doutoramento, analistas financeiros, al\u00e9m de ex-gerentes de fundo hedge, incorporadores imobili\u00e1rios, especialistas no setor de energia, produtores, executivos de entretenimento e economistas especialistas em EB-5.<\/p>\n<p>Gate Industries possui uma equipe diversificada e multilingue, fluente em Mandarim, Russo, Franc\u00eas, Espanhol e Portugu\u00eas. Considerando que v\u00e1rios membros de nossa equipe s\u00e3o imigrantes, Gate Industries est\u00e1 familiarizada com o complexo processo de imigra\u00e7\u00e3o dos EUA. <\/p>\n<p>Altamente conectada com escrit\u00f3rios nos EUA e no exterior, Gate Industries est\u00e1 vantajosamente posicionada para assistir a investidores estrangeiros credenciados, ajudando-os a atingir suas metas de investimento e de imigra\u00e7\u00e3o, assim como, assistir a desenvolvedores de neg\u00f3cios locais.<br \/>\n\u2003<\/p>\n<p style=\"text-align: center; clear: both; padding-top: 30px; margin-bottom: -10px;\"><a href=\"http:\/\/www.iiusa.org\/\" target=\"_blank\"><img loading=\"lazy\" decoding=\"async\" class=\"aligncenter size-full wp-image-252\" src=\"https:\/\/gateindustries.com\/wp-content\/uploads\/2014\/12\/presidents.png\" alt=\"presidents\" width=\"150\" height=\"178\" \/><\/a><\/p>\n","protected":false},"excerpt":{"rendered":"<p>SOBRE N\u00d3S Gate Industries \u00e9 uma empresa multifuncional de finan\u00e7as e consultoria com sede na Carolina do Sul, especializada no provimento e facilita\u00e7\u00e3o de uma variedade de op\u00e7\u00f5es de financiamento, incluindo oferta de financiamento privado atrav\u00e9s de estrangeiros (investimentos EB- 5) e financiamento privado nacional. Nossa empresa \u00e9 uma operadora de Centro Regional com uma [&hellip;]<\/p>\n","protected":false},"author":3,"featured_media":0,"parent":0,"menu_order":0,"comment_status":"open","ping_status":"open","template":"","meta":{"footnotes":""},"class_list":["post-25","page","type-page","status-publish","hentry"],"yoast_head":"<!-- This site is optimized with the Yoast SEO plugin v17.0 - https:\/\/yoast.com\/wordpress\/plugins\/seo\/ -->\n<meta name=\"description\" content=\"Gate Industries is a multifaceted Greenville, South Carolina-based finance and consulting firm.\" \/>\n<meta name=\"robots\" content=\"index, follow, max-snippet:-1, max-image-preview:large, max-video-preview:-1\" \/>\n<link rel=\"canonical\" href=\"https:\/\/gateindustries.com\/por\/about-us\/\" \/>\n<meta property=\"og:locale\" content=\"en_US\" \/>\n<meta property=\"og:type\" content=\"article\" \/>\n<meta property=\"og:title\" content=\"About Gate Industries\" \/>\n<meta property=\"og:description\" content=\"Gate Industries is a multifaceted Greenville, South Carolina-based finance and consulting firm.\" \/>\n<meta property=\"og:url\" content=\"https:\/\/gateindustries.com\/por\/about-us\/\" \/>\n<meta property=\"og:site_name\" content=\"Navigation\" \/>\n<meta property=\"article:modified_time\" content=\"2016-05-19T17:54:22+00:00\" \/>\n<meta property=\"og:image\" content=\"https:\/\/gateindustries.com\/wp-content\/uploads\/2014\/12\/presidents.png\" \/>\n<meta name=\"twitter:label1\" content=\"Est. reading time\" \/>\n\t<meta name=\"twitter:data1\" content=\"2 minutes\" \/>\n<script type=\"application\/ld+json\" class=\"yoast-schema-graph\">{\"@context\":\"https:\/\/schema.org\",\"@graph\":[{\"@type\":\"WebSite\",\"@id\":\"https:\/\/gateindustries.com\/por\/#website\",\"url\":\"https:\/\/gateindustries.com\/por\/\",\"name\":\"Navigation\",\"description\":\"\",\"potentialAction\":[{\"@type\":\"SearchAction\",\"target\":{\"@type\":\"EntryPoint\",\"urlTemplate\":\"https:\/\/gateindustries.com\/por\/?s={search_term_string}\"},\"query-input\":\"required name=search_term_string\"}],\"inLanguage\":\"en-US\"},{\"@type\":\"ImageObject\",\"@id\":\"https:\/\/gateindustries.com\/por\/about-us\/#primaryimage\",\"inLanguage\":\"en-US\",\"url\":\"https:\/\/gateindustries.com\/wp-content\/uploads\/2014\/12\/presidents.png\",\"contentUrl\":\"https:\/\/gateindustries.com\/wp-content\/uploads\/2014\/12\/presidents.png\"},{\"@type\":\"WebPage\",\"@id\":\"https:\/\/gateindustries.com\/por\/about-us\/#webpage\",\"url\":\"https:\/\/gateindustries.com\/por\/about-us\/\",\"name\":\"About Gate Industries\",\"isPartOf\":{\"@id\":\"https:\/\/gateindustries.com\/por\/#website\"},\"primaryImageOfPage\":{\"@id\":\"https:\/\/gateindustries.com\/por\/about-us\/#primaryimage\"},\"datePublished\":\"2014-12-05T15:07:03+00:00\",\"dateModified\":\"2016-05-19T17:54:22+00:00\",\"description\":\"Gate Industries is a multifaceted Greenville, South Carolina-based finance and consulting firm.\",\"breadcrumb\":{\"@id\":\"https:\/\/gateindustries.com\/por\/about-us\/#breadcrumb\"},\"inLanguage\":\"en-US\",\"potentialAction\":[{\"@type\":\"ReadAction\",\"target\":[\"https:\/\/gateindustries.com\/por\/about-us\/\"]}]},{\"@type\":\"BreadcrumbList\",\"@id\":\"https:\/\/gateindustries.com\/por\/about-us\/#breadcrumb\",\"itemListElement\":[{\"@type\":\"ListItem\",\"position\":1,\"name\":\"Home\",\"item\":\"https:\/\/gateindustries.com\/por\/\"},{\"@type\":\"ListItem\",\"position\":2,\"name\":\"About Us\"}]}]}<\/script>\n<!-- \/ Yoast SEO plugin. -->","yoast_head_json":{"description":"Gate Industries is a multifaceted Greenville, South Carolina-based finance and consulting firm.","robots":{"index":"index","follow":"follow","max-snippet":"max-snippet:-1","max-image-preview":"max-image-preview:large","max-video-preview":"max-video-preview:-1"},"canonical":"https:\/\/gateindustries.com\/por\/about-us\/","og_locale":"en_US","og_type":"article","og_title":"About Gate Industries","og_description":"Gate Industries is a multifaceted Greenville, South Carolina-based finance and consulting firm.","og_url":"https:\/\/gateindustries.com\/por\/about-us\/","og_site_name":"Navigation","article_modified_time":"2016-05-19T17:54:22+00:00","og_image":[{"url":"https:\/\/gateindustries.com\/wp-content\/uploads\/2014\/12\/presidents.png"}],"twitter_misc":{"Est. reading time":"2 minutes"},"schema":{"@context":"https:\/\/schema.org","@graph":[{"@type":"WebSite","@id":"https:\/\/gateindustries.com\/por\/#website","url":"https:\/\/gateindustries.com\/por\/","name":"Navigation","description":"","potentialAction":[{"@type":"SearchAction","target":{"@type":"EntryPoint","urlTemplate":"https:\/\/gateindustries.com\/por\/?s={search_term_string}"},"query-input":"required name=search_term_string"}],"inLanguage":"en-US"},{"@type":"ImageObject","@id":"https:\/\/gateindustries.com\/por\/about-us\/#primaryimage","inLanguage":"en-US","url":"https:\/\/gateindustries.com\/wp-content\/uploads\/2014\/12\/presidents.png","contentUrl":"https:\/\/gateindustries.com\/wp-content\/uploads\/2014\/12\/presidents.png"},{"@type":"WebPage","@id":"https:\/\/gateindustries.com\/por\/about-us\/#webpage","url":"https:\/\/gateindustries.com\/por\/about-us\/","name":"About Gate Industries","isPartOf":{"@id":"https:\/\/gateindustries.com\/por\/#website"},"primaryImageOfPage":{"@id":"https:\/\/gateindustries.com\/por\/about-us\/#primaryimage"},"datePublished":"2014-12-05T15:07:03+00:00","dateModified":"2016-05-19T17:54:22+00:00","description":"Gate Industries is a multifaceted Greenville, South Carolina-based finance and consulting firm.","breadcrumb":{"@id":"https:\/\/gateindustries.com\/por\/about-us\/#breadcrumb"},"inLanguage":"en-US","potentialAction":[{"@type":"ReadAction","target":["https:\/\/gateindustries.com\/por\/about-us\/"]}]},{"@type":"BreadcrumbList","@id":"https:\/\/gateindustries.com\/por\/about-us\/#breadcrumb","itemListElement":[{"@type":"ListItem","position":1,"name":"Home","item":"https:\/\/gateindustries.com\/por\/"},{"@type":"ListItem","position":2,"name":"About Us"}]}]}},"_links":{"self":[{"href":"https:\/\/gateindustries.com\/por\/wp-json\/wp\/v2\/pages\/25","targetHints":{"allow":["GET"]}}],"collection":[{"href":"https:\/\/gateindustries.com\/por\/wp-json\/wp\/v2\/pages"}],"about":[{"href":"https:\/\/gateindustries.com\/por\/wp-json\/wp\/v2\/types\/page"}],"author":[{"embeddable":true,"href":"https:\/\/gateindustries.com\/por\/wp-json\/wp\/v2\/users\/3"}],"replies":[{"embeddable":true,"href":"https:\/\/gateindustries.com\/por\/wp-json\/wp\/v2\/comments?post=25"}],"version-history":[{"count":15,"href":"https:\/\/gateindustries.com\/por\/wp-json\/wp\/v2\/pages\/25\/revisions"}],"predecessor-version":[{"id":415,"href":"https:\/\/gateindustries.com\/por\/wp-json\/wp\/v2\/pages\/25\/revisions\/415"}],"wp:attachment":[{"href":"https:\/\/gateindustries.com\/por\/wp-json\/wp\/v2\/media?parent=25"}],"curies":[{"name":"wp","href":"https:\/\/api.w.org\/{rel}","templated":true}]}}