{"id":31,"date":"2014-12-05T16:28:16","date_gmt":"2014-12-05T16:28:16","guid":{"rendered":"http:\/\/gi.hoamhost.com\/?page_id=31"},"modified":"2016-04-05T13:16:25","modified_gmt":"2016-04-05T13:16:25","slug":"the-eb-5-program","status":"publish","type":"page","link":"https:\/\/gateindustries.com\/por\/the-eb-5-program\/","title":{"rendered":"The EB-5 Program"},"content":{"rendered":"<div id=\"eb5\" class=\"topbox\">\n<h1><span>O PROGRAMA EB-5<\/span><\/h1>\n<\/div>\n<h2>Sinopse do Programa EB-5<\/h2>\n<ul>\n<li>O Congresso Americano criou o Programa de Imigrante Investidor (EB-5) em 1990 para estrangeiros qualificados que buscam investir em um neg\u00f3cio nos Estados Unidos que ir\u00e1 beneficiar a economia local e criar ou reservar pelo menos 10 empregos de per\u00edodo integral para trabalhadores americanos.<\/li>\n<li>O montante base necess\u00e1rio para investir \u00e9 US$1 milh\u00e3o, embora tal valor possa ser reduzido para US$500.000 se o investimento for feito em uma \u00e1rea rural ou de desemprego elevada pr\u00e9-determinada pelo governo do estado em quest\u00e3o como \u00c1rea Alvo de Emprego &#8211; Target Employment Area (sigla em Ingl\u00e9s, TEA).<\/li>\n<li>Dos 10.000 EB-5 Green Cards dispon\u00edveis a cada ano, 3.000 s\u00e3o reservados para os estrangeiros que investirem atrav\u00e9s de um Centro Regional.  O Servi\u00e7o de Imigra\u00e7\u00e3o e Cidadania dos Estados Unidos (por sua sigla em Ingl\u00e9s, USCIS) estima que aproximadamente mais de 90% dos vistos EB-5 s\u00e3o baseados em investimentos atrav\u00e9s de Centro Regionais.<\/li>\n<li>O investimento estrangeiro atrav\u00e9s do programa EB-5 promove o crescimento econ\u00f4mico generalizado, al\u00e9m da cria\u00e7\u00e3o de numerosos empregos. Todos os investidores devem atender a rigorosos requisitos e aos processos de triagem exigidos pelo USCIS.<\/li>\n<\/ul>\n<h3>Benef\u00edcios a Investidores<\/h3>\n<ul>\n<li>Fam\u00edlia: O programa EB-5 permite que o investidor estrangeiro e sua fam\u00edlia imediata (c\u00f4njuge e todos os filhos solteiros menores de 21 anos de idade)  possam imigrar para os Estados Unidos e obter um Green Card,  e posteriormente proceder \u00e0 cidadania e aos benef\u00edcios de um passaporte Americano, ao mesmo tempo que investem seu dinheiro em um projeto de sua escolha.\n<\/li>\n<li>Vantagem de um Centro Regional: O Programa de Investimento por Centro Regional auxilia investidores estrangeiros dirigindo e gerindo profissionalmente o investimento dentro do neg\u00f3cio designado e do foco geogr\u00e1fico do Centro Regional.<\/li>\n<li>Conveni\u00eancia: A obten\u00e7\u00e3o de cidadania por meio de um investimento EB-5 \u00e9 consideravelmente mais r\u00e1pida do que outros m\u00e9todos tradicionais de imigra\u00e7\u00e3o, alguns dos quais podem levar at\u00e9 dez anos ou mais. Atrav\u00e9s de um investimento EB-5, os investidores podem obter resid\u00eancia permanente normalmente dentro de 3-5 anos.<\/li>\n<\/ul>\n<h3>A Economia do EB-5<\/h3>\n<ul>\n<li>Os gastos associados \u00e0 investidores EB-5 contribuiram US$3,4 bilh\u00f5es para o PIB dos EUA e promoveram mais de 42.000 postos de trabalho no ano de 2012.<\/li>\n<li>Os gastos de investidores EB-5 tamb\u00e9m contribuiram US$448.000.000 para as receitas fiscais federais e US$265 milh\u00f5es para as receitas fiscais locais e estaduais.<\/li>\n<\/ul>\n<h3>Perguntas Frequentes<\/h3>\n<div class=\"su-accordion su-u-trim\">\n<div class=\"su-spoiler su-spoiler-style-fancy su-spoiler-icon-plus su-spoiler-closed\" data-scroll-offset=\"0\" data-anchor-in-url=\"no\"><div class=\"su-spoiler-title\" tabindex=\"0\" role=\"button\"><span class=\"su-spoiler-icon\"><\/span>O que \u00e9 um Centro Regional EB-5?<\/div><div class=\"su-spoiler-content su-u-clearfix su-u-trim\">Um Centro Regional EB-5 \u00e9 uma organiza\u00e7\u00e3o, designada e regulada pelo Servi\u00e7o de Imigra\u00e7\u00e3o e Cidadania dos Estados Unidos (sigla em Ingl\u00e9s, USCIS), que facilita o investimento em projetos de desenvolvimento econ\u00f4mico de cria\u00e7\u00e3o de emprego, reunindo o capital levantado sob o programa de investidor imigrante EB-5. Centros Regionais podem ser de propriedade p\u00fablica (por exemplo, de uma cidade, estado ou ag\u00eancia de desenvolvimento econ\u00f4mico regional), de propriedade privada, ou de uma parceria p\u00fablica-privada.<\/div><\/div>\n<div class=\"su-spoiler su-spoiler-style-fancy su-spoiler-icon-plus su-spoiler-closed\" data-scroll-offset=\"0\" data-anchor-in-url=\"no\"><div class=\"su-spoiler-title\" tabindex=\"0\" role=\"button\"><span class=\"su-spoiler-icon\"><\/span>O que fazem os Centros Regionais?<\/div><div class=\"su-spoiler-content su-u-clearfix su-u-trim\">Identificam oportunidades de investimento que ir\u00e3o criar empregos nas comunidades locais, muitas vezes em parceria com ag\u00eancias de desenvolvimento econ\u00f4mico. Assistem em promover oportunidades de investimentos para investidores em todo o mundo. Certificam-se de que a oferta de investimento cumpre com as leis federais e estaduais e regulamentos da SEC, assim como, com as exig\u00eancias espec\u00edficas do programa EB-5.<\/div><\/div>\n<div class=\"su-spoiler su-spoiler-style-fancy su-spoiler-icon-plus su-spoiler-closed\" data-scroll-offset=\"0\" data-anchor-in-url=\"no\"><div class=\"su-spoiler-title\" tabindex=\"0\" role=\"button\"><span class=\"su-spoiler-icon\"><\/span>Como s\u00e3o estruturados os investimentos EB-5 afiliados \u00e0 Centros Regionais?<br \/>\n<\/div><div class=\"su-spoiler-content su-u-clearfix su-u-trim\"> Investimentos EB-5 afiliados a Centros Regionais s\u00e3o feitos atrav\u00e9s de Coloca\u00e7\u00f5es Privadas &#8211; venda de t\u00edtulos a um n\u00famero relativamente pequeno de investidores selecionados. Como todas as Coloca\u00e7\u00f5es Privadas utilizadas por empresas para levantar capital em uma s\u00e9rie de contextos, as Coloca\u00e7\u00f5es Privadas de EB-5 s\u00e3o regidas pelas leis e regulamentos federais e estaduais de Valores Mobili\u00e1rios.<\/div><\/div>\n<div class=\"su-spoiler su-spoiler-style-fancy su-spoiler-icon-plus su-spoiler-closed\" data-scroll-offset=\"0\" data-anchor-in-url=\"no\"><div class=\"su-spoiler-title\" tabindex=\"0\" role=\"button\"><span class=\"su-spoiler-icon\"><\/span>As op\u00e7\u00f5es de financiamento de Centro Regional EB-5 s\u00e3o mais baratas para as empresas do que outras fontes de capital?<\/div><div class=\"su-spoiler-content su-u-clearfix su-u-trim\">Sim. Em muitos casos, o financiamento EB-5 \u00e9 uma forma de investimento de custo de capital inferior a outras alternativas, considerando que demanda do retorno sobre o investimento \u00e9 muitas vezes inferior que outras fontes de capital. Al\u00e9m disso, garantir capital EB-5 aumenta a liquidez global de uma empresa ou de um projeto que, por sua vez, reduz o custo de aquisi\u00e7\u00e3o de  capital de outras fontes.<\/div><\/div>\n<div class=\"su-spoiler su-spoiler-style-fancy su-spoiler-icon-plus su-spoiler-closed\" data-scroll-offset=\"0\" data-anchor-in-url=\"no\"><div class=\"su-spoiler-title\" tabindex=\"0\" role=\"button\"><span class=\"su-spoiler-icon\"><\/span>Quais os riscos que os investidores enfrentam com investimentos EB-5 de Centro Regional?<\/div><div class=\"su-spoiler-content su-u-clearfix su-u-trim\"> Por lei, investimentos EB-5 devem ser &#8220;de risco&#8221; na mesma forma em que qualquer outro tipo de investimento, equidade, ou estoque implicam um risco inerente. Centros Regionais, como outras entidades que comercializam oportunidades de investimento, n\u00e3o podem garantir retorno sobre o investimento. Centros Regionais tamb\u00e9m n\u00e3o podem garantir o retorno do capital de investimento ao investidor. <\/div><\/div><div class=\"su-spoiler su-spoiler-style-fancy su-spoiler-icon-plus su-spoiler-closed\" data-scroll-offset=\"0\" data-anchor-in-url=\"no\"><div class=\"su-spoiler-title\" tabindex=\"0\" role=\"button\"><span class=\"su-spoiler-icon\"><\/span>Que tipo de compromisso financeiro fazem os investidores EB-5?<\/div><div class=\"su-spoiler-content su-u-clearfix su-u-trim\"> Por lei, um investidor EB-5 necessita investir um m\u00ednimo de US$1 milh\u00e3o, a menos que o investimento esteja localizado em uma \u00c1rea Alvo de Emprego &#8211; Target Employment Area (sigla em Ingl\u00e9s, TEA) \u2013 ou seja, em uma \u00e1rea rural ou \u00e1rea de alto desemprego designada pelo Servi\u00e7o de Imigra\u00e7\u00e3o e Cidadania dos Estados Unidos (sigla em Ingl\u00e9s, USCIS).  Projetos de financiamento de Centros Regionais em \u00c1rea Alvo de Emprego (TEA) podem aceitar um m\u00ednimo de US$500.000 de cada investidor EB-5.<\/div><\/div>\n<div class=\"su-spoiler su-spoiler-style-fancy su-spoiler-icon-plus su-spoiler-closed\" data-scroll-offset=\"0\" data-anchor-in-url=\"no\"><div class=\"su-spoiler-title\" tabindex=\"0\" role=\"button\"><span class=\"su-spoiler-icon\"><\/span>Quais os riscos que as empresas tem em aceitar investimentos EB-5?<\/div><div class=\"su-spoiler-content su-u-clearfix su-u-trim\">As empresas n\u00e3o t\u00eam qualquer risco adicional em aceitar investimentos EB-5. Elas interagem com o dinheiro como com qualquer outra fonte de financiamento ou de investimento, embora a um custo muitas vezes menor. <\/div><\/div>\n<div class=\"su-spoiler su-spoiler-style-fancy su-spoiler-icon-plus su-spoiler-closed\" data-scroll-offset=\"0\" data-anchor-in-url=\"no\"><div class=\"su-spoiler-title\" tabindex=\"0\" role=\"button\"><span class=\"su-spoiler-icon\"><\/span>Como os Centros Regionais EB-5 ajudam as comunidades?<\/div><div class=\"su-spoiler-content su-u-clearfix su-u-trim\">Centros Regionais EB-5 facilitam o investimento direto em projetos que satisfa\u00e7am a cria\u00e7\u00e3o de emprego e as exig\u00eancias de metas de desenvolvimento econ\u00f4mico das \u00e1reas geogr\u00e1ficas designadas. Centros Regionais reunem recursos de investimentos feitos por m\u00faltiplos investidores EB-5 e implantam projetos de grande escala, muitas vezes em coordena\u00e7\u00e3o com ag\u00eancias de desenvolvimento econ\u00f4mico regionais.  <\/div><\/div><\/div>\n<p style=\"text-align:center; clear:both; padding-top:30px; margin-bottom:-10px;\"><a href=\"http:\/\/www.iiusa.org\/\" target=\"_blank\"><img loading=\"lazy\" decoding=\"async\" src=\"https:\/\/gateindustries.com\/wp-content\/uploads\/2014\/12\/presidents.png\" alt=\"presidents\" width=\"150\" height=\"178\" class=\"aligncenter size-full wp-image-252\" \/><\/a><\/p>\n","protected":false},"excerpt":{"rendered":"<p>O PROGRAMA EB-5 Sinopse do Programa EB-5 O Congresso Americano criou o Programa de Imigrante Investidor (EB-5) em 1990 para estrangeiros qualificados que buscam investir em um neg\u00f3cio nos Estados Unidos que ir\u00e1 beneficiar a economia local e criar ou reservar pelo menos 10 empregos de per\u00edodo integral para trabalhadores americanos. O montante base necess\u00e1rio [&hellip;]<\/p>\n","protected":false},"author":3,"featured_media":0,"parent":0,"menu_order":0,"comment_status":"open","ping_status":"open","template":"","meta":{"footnotes":""},"class_list":["post-31","page","type-page","status-publish","hentry"],"yoast_head":"<!-- This site is optimized with the Yoast SEO plugin v17.0 - https:\/\/yoast.com\/wordpress\/plugins\/seo\/ -->\n<meta name=\"description\" content=\"General information about the EB-5 program and Frequently asked question to help your company understand the benefits of using it.\" \/>\n<meta name=\"robots\" content=\"index, follow, max-snippet:-1, max-image-preview:large, max-video-preview:-1\" \/>\n<link rel=\"canonical\" href=\"https:\/\/gateindustries.com\/por\/the-eb-5-program\/\" \/>\n<meta property=\"og:locale\" content=\"en_US\" \/>\n<meta property=\"og:type\" content=\"article\" \/>\n<meta property=\"og:title\" content=\"The EB-5 Program | Gate Industries\" \/>\n<meta property=\"og:description\" content=\"General information about the EB-5 program and Frequently asked question to help your company understand the benefits of using it.\" \/>\n<meta property=\"og:url\" content=\"https:\/\/gateindustries.com\/por\/the-eb-5-program\/\" \/>\n<meta property=\"og:site_name\" content=\"Navigation\" \/>\n<meta property=\"article:modified_time\" content=\"2016-04-05T13:16:25+00:00\" \/>\n<meta property=\"og:image\" content=\"https:\/\/gateindustries.com\/wp-content\/uploads\/2014\/12\/presidents.png\" \/>\n<meta name=\"twitter:label1\" content=\"Est. reading time\" \/>\n\t<meta name=\"twitter:data1\" content=\"5 minutes\" \/>\n<script type=\"application\/ld+json\" class=\"yoast-schema-graph\">{\"@context\":\"https:\/\/schema.org\",\"@graph\":[{\"@type\":\"WebSite\",\"@id\":\"https:\/\/gateindustries.com\/por\/#website\",\"url\":\"https:\/\/gateindustries.com\/por\/\",\"name\":\"Navigation\",\"description\":\"\",\"potentialAction\":[{\"@type\":\"SearchAction\",\"target\":{\"@type\":\"EntryPoint\",\"urlTemplate\":\"https:\/\/gateindustries.com\/por\/?s={search_term_string}\"},\"query-input\":\"required name=search_term_string\"}],\"inLanguage\":\"en-US\"},{\"@type\":\"ImageObject\",\"@id\":\"https:\/\/gateindustries.com\/por\/the-eb-5-program\/#primaryimage\",\"inLanguage\":\"en-US\",\"url\":\"https:\/\/gateindustries.com\/wp-content\/uploads\/2014\/12\/presidents.png\",\"contentUrl\":\"https:\/\/gateindustries.com\/wp-content\/uploads\/2014\/12\/presidents.png\"},{\"@type\":\"WebPage\",\"@id\":\"https:\/\/gateindustries.com\/por\/the-eb-5-program\/#webpage\",\"url\":\"https:\/\/gateindustries.com\/por\/the-eb-5-program\/\",\"name\":\"The EB-5 Program | Gate Industries\",\"isPartOf\":{\"@id\":\"https:\/\/gateindustries.com\/por\/#website\"},\"primaryImageOfPage\":{\"@id\":\"https:\/\/gateindustries.com\/por\/the-eb-5-program\/#primaryimage\"},\"datePublished\":\"2014-12-05T16:28:16+00:00\",\"dateModified\":\"2016-04-05T13:16:25+00:00\",\"description\":\"General information about the EB-5 program and Frequently asked question to help your company understand the benefits of using it.\",\"breadcrumb\":{\"@id\":\"https:\/\/gateindustries.com\/por\/the-eb-5-program\/#breadcrumb\"},\"inLanguage\":\"en-US\",\"potentialAction\":[{\"@type\":\"ReadAction\",\"target\":[\"https:\/\/gateindustries.com\/por\/the-eb-5-program\/\"]}]},{\"@type\":\"BreadcrumbList\",\"@id\":\"https:\/\/gateindustries.com\/por\/the-eb-5-program\/#breadcrumb\",\"itemListElement\":[{\"@type\":\"ListItem\",\"position\":1,\"name\":\"Home\",\"item\":\"https:\/\/gateindustries.com\/por\/\"},{\"@type\":\"ListItem\",\"position\":2,\"name\":\"The EB-5 Program\"}]}]}<\/script>\n<!-- \/ Yoast SEO plugin. -->","yoast_head_json":{"description":"General information about the EB-5 program and Frequently asked question to help your company understand the benefits of using it.","robots":{"index":"index","follow":"follow","max-snippet":"max-snippet:-1","max-image-preview":"max-image-preview:large","max-video-preview":"max-video-preview:-1"},"canonical":"https:\/\/gateindustries.com\/por\/the-eb-5-program\/","og_locale":"en_US","og_type":"article","og_title":"The EB-5 Program | Gate Industries","og_description":"General information about the EB-5 program and Frequently asked question to help your company understand the benefits of using it.","og_url":"https:\/\/gateindustries.com\/por\/the-eb-5-program\/","og_site_name":"Navigation","article_modified_time":"2016-04-05T13:16:25+00:00","og_image":[{"url":"https:\/\/gateindustries.com\/wp-content\/uploads\/2014\/12\/presidents.png"}],"twitter_misc":{"Est. reading time":"5 minutes"},"schema":{"@context":"https:\/\/schema.org","@graph":[{"@type":"WebSite","@id":"https:\/\/gateindustries.com\/por\/#website","url":"https:\/\/gateindustries.com\/por\/","name":"Navigation","description":"","potentialAction":[{"@type":"SearchAction","target":{"@type":"EntryPoint","urlTemplate":"https:\/\/gateindustries.com\/por\/?s={search_term_string}"},"query-input":"required name=search_term_string"}],"inLanguage":"en-US"},{"@type":"ImageObject","@id":"https:\/\/gateindustries.com\/por\/the-eb-5-program\/#primaryimage","inLanguage":"en-US","url":"https:\/\/gateindustries.com\/wp-content\/uploads\/2014\/12\/presidents.png","contentUrl":"https:\/\/gateindustries.com\/wp-content\/uploads\/2014\/12\/presidents.png"},{"@type":"WebPage","@id":"https:\/\/gateindustries.com\/por\/the-eb-5-program\/#webpage","url":"https:\/\/gateindustries.com\/por\/the-eb-5-program\/","name":"The EB-5 Program | Gate Industries","isPartOf":{"@id":"https:\/\/gateindustries.com\/por\/#website"},"primaryImageOfPage":{"@id":"https:\/\/gateindustries.com\/por\/the-eb-5-program\/#primaryimage"},"datePublished":"2014-12-05T16:28:16+00:00","dateModified":"2016-04-05T13:16:25+00:00","description":"General information about the EB-5 program and Frequently asked question to help your company understand the benefits of using it.","breadcrumb":{"@id":"https:\/\/gateindustries.com\/por\/the-eb-5-program\/#breadcrumb"},"inLanguage":"en-US","potentialAction":[{"@type":"ReadAction","target":["https:\/\/gateindustries.com\/por\/the-eb-5-program\/"]}]},{"@type":"BreadcrumbList","@id":"https:\/\/gateindustries.com\/por\/the-eb-5-program\/#breadcrumb","itemListElement":[{"@type":"ListItem","position":1,"name":"Home","item":"https:\/\/gateindustries.com\/por\/"},{"@type":"ListItem","position":2,"name":"The EB-5 Program"}]}]}},"_links":{"self":[{"href":"https:\/\/gateindustries.com\/por\/wp-json\/wp\/v2\/pages\/31","targetHints":{"allow":["GET"]}}],"collection":[{"href":"https:\/\/gateindustries.com\/por\/wp-json\/wp\/v2\/pages"}],"about":[{"href":"https:\/\/gateindustries.com\/por\/wp-json\/wp\/v2\/types\/page"}],"author":[{"embeddable":true,"href":"https:\/\/gateindustries.com\/por\/wp-json\/wp\/v2\/users\/3"}],"replies":[{"embeddable":true,"href":"https:\/\/gateindustries.com\/por\/wp-json\/wp\/v2\/comments?post=31"}],"version-history":[{"count":28,"href":"https:\/\/gateindustries.com\/por\/wp-json\/wp\/v2\/pages\/31\/revisions"}],"predecessor-version":[{"id":411,"href":"https:\/\/gateindustries.com\/por\/wp-json\/wp\/v2\/pages\/31\/revisions\/411"}],"wp:attachment":[{"href":"https:\/\/gateindustries.com\/por\/wp-json\/wp\/v2\/media?parent=31"}],"curies":[{"name":"wp","href":"https:\/\/api.w.org\/{rel}","templated":true}]}}