{"id":332,"date":"2015-10-28T19:55:29","date_gmt":"2015-10-28T19:55:29","guid":{"rendered":"https:\/\/gateindustries.com\/?page_id=332"},"modified":"2016-03-30T14:32:08","modified_gmt":"2016-03-30T14:32:08","slug":"concierge-services","status":"publish","type":"page","link":"https:\/\/gateindustries.com\/por\/concierge-services\/","title":{"rendered":"Concierge Services"},"content":{"rendered":"<div id=\"concie\" class=\"topbox\">\n<h1><span>SERVI\u00c7OS DE CONCIERGE<\/span><\/h1>\n<\/div>\n<p>Nossa empresa oferece uma variedade de servi\u00e7os personalizados e assist\u00eancia profissional para apoiar indiv\u00edduos de alto poder aquisitivo, investidores internacionais e empres\u00e1rios buscando imigrar para os Estados Unidos. Nossos servi\u00e7os de concierge especializados incluem, mas n\u00e3o est\u00e3o limitados a:<\/p>\n<h2>Servi\u00e7os Imobili\u00e1rios<\/h2>\n<ul>\n<li>Quer voc\u00ea esteja buscando comprar a casa de seus sonhos, renovar, ou simplesmente alugar um im\u00f3vel, Gate Industries est\u00e1 preparada para ajud\u00e1-lo com todas as suas necessidades imobili\u00e1rias. <\/li>\n<\/ul>\n<h2>Servi\u00e7os relacionados \u00e0 Educa\u00e7\u00e3o<\/h2>\n<ul>\n<li>Gate Industries est\u00e1 conectada a uma grande rede de consultores altamente qualificados para ajudar nossos clientes e suas fam\u00edlias em determinar as melhores op\u00e7\u00f5es educacionais dispon\u00edveis, incluindo informa\u00e7\u00f5es sobre escolas prim\u00e1rias p\u00fablicas e privadas, escolas secund\u00e1rias, faculdades, universidades, com foco nas melhores institui\u00e7\u00f5es de ensino.<\/li>\n<li>Gate Industries tamb\u00e9m fornece assist\u00eancia com visitas \u00e0s escolas, formul\u00e1rios de inscri\u00e7\u00e3o, op\u00e7\u00f5es de alojamento e professores particulares.<\/li>\n<\/ul>\n<h2>Ap\u00f3lices de Seguro<\/h2>\n<ul>\n<li>Quer voc\u00ea esteja buscando por seguro sa\u00fade, seguro de vida ou seguro geral, Gate Industries pode ajud\u00e1-lo a tomar a decis\u00e3o certa.<\/li>\n<\/ul>\n<h2>Servi\u00e7os Cont\u00e1veis e Tribut\u00e1rios<\/h2>\n<ul>\n<li>Servi\u00e7os Cont\u00e1veis, Contador P\u00fablico <\/li>\n<li>Servi\u00e7os Tribut\u00e1rios,  Procurador Fiscal<\/li>\n<li>Assist\u00eancia com a cria\u00e7\u00e3o de Conta Fiduci\u00e1ria<\/li>\n<\/ul>\n<h2>Consultoria Empresarial<\/h2>\n<ul>\n<li>Gate Industries serve como ponto de contato principal para ajudar seus clientes a navegar pelos canais adequados no mundo de neg\u00f3cios, facilitar o di\u00e1logo com contatos chaves dentro da comunidade empresarial e consultar sobre uma ampla gama de assuntos empresariais. Contacte-nos para melhorar a efici\u00eancia de seus neg\u00f3cios , estar em conformidade e maximizar seu rendimento.\n<\/li>\n<\/ul>\n<p style=\"text-align:center; clear:both; padding-top:30px; margin-bottom:-10px;\"><a href=\"http:\/\/www.iiusa.org\/\" target=\"_blank\"><img loading=\"lazy\" decoding=\"async\" src=\"https:\/\/gateindustries.com\/wp-content\/uploads\/2014\/12\/presidents.png\" alt=\"presidents\" width=\"150\" height=\"178\" class=\"aligncenter size-full wp-image-252\" \/><\/a><\/p>\n","protected":false},"excerpt":{"rendered":"<p>SERVI\u00c7OS DE CONCIERGE Nossa empresa oferece uma variedade de servi\u00e7os personalizados e assist\u00eancia profissional para apoiar indiv\u00edduos de alto poder aquisitivo, investidores internacionais e empres\u00e1rios buscando imigrar para os Estados Unidos. Nossos servi\u00e7os de concierge especializados incluem, mas n\u00e3o est\u00e3o limitados a: Servi\u00e7os Imobili\u00e1rios Quer voc\u00ea esteja buscando comprar a casa de seus sonhos, renovar, [&hellip;]<\/p>\n","protected":false},"author":3,"featured_media":0,"parent":0,"menu_order":0,"comment_status":"closed","ping_status":"closed","template":"","meta":{"footnotes":""},"class_list":["post-332","page","type-page","status-publish","hentry"],"yoast_head":"<!-- This site is optimized with the Yoast SEO plugin v17.0 - https:\/\/yoast.com\/wordpress\/plugins\/seo\/ -->\n<meta name=\"robots\" content=\"index, follow, max-snippet:-1, max-image-preview:large, max-video-preview:-1\" \/>\n<link rel=\"canonical\" href=\"https:\/\/gateindustries.com\/por\/concierge-services\/\" \/>\n<meta property=\"og:locale\" content=\"en_US\" \/>\n<meta property=\"og:type\" content=\"article\" \/>\n<meta property=\"og:title\" content=\"Concierge Services - Navigation\" \/>\n<meta property=\"og:description\" content=\"SERVI\u00c7OS DE CONCIERGE Nossa empresa oferece uma variedade de servi\u00e7os personalizados e assist\u00eancia profissional para apoiar indiv\u00edduos de alto poder aquisitivo, investidores internacionais e empres\u00e1rios buscando imigrar para os Estados Unidos. Nossos servi\u00e7os de concierge especializados incluem, mas n\u00e3o est\u00e3o limitados a: Servi\u00e7os Imobili\u00e1rios Quer voc\u00ea esteja buscando comprar a casa de seus sonhos, renovar, [&hellip;]\" \/>\n<meta property=\"og:url\" content=\"https:\/\/gateindustries.com\/por\/concierge-services\/\" \/>\n<meta property=\"og:site_name\" content=\"Navigation\" \/>\n<meta property=\"article:modified_time\" content=\"2016-03-30T14:32:08+00:00\" \/>\n<meta property=\"og:image\" content=\"https:\/\/gateindustries.com\/wp-content\/uploads\/2014\/12\/presidents.png\" \/>\n<meta name=\"twitter:label1\" content=\"Est. reading time\" \/>\n\t<meta name=\"twitter:data1\" content=\"1 minute\" \/>\n<script type=\"application\/ld+json\" class=\"yoast-schema-graph\">{\"@context\":\"https:\/\/schema.org\",\"@graph\":[{\"@type\":\"WebSite\",\"@id\":\"https:\/\/gateindustries.com\/por\/#website\",\"url\":\"https:\/\/gateindustries.com\/por\/\",\"name\":\"Navigation\",\"description\":\"\",\"potentialAction\":[{\"@type\":\"SearchAction\",\"target\":{\"@type\":\"EntryPoint\",\"urlTemplate\":\"https:\/\/gateindustries.com\/por\/?s={search_term_string}\"},\"query-input\":\"required name=search_term_string\"}],\"inLanguage\":\"en-US\"},{\"@type\":\"ImageObject\",\"@id\":\"https:\/\/gateindustries.com\/por\/concierge-services\/#primaryimage\",\"inLanguage\":\"en-US\",\"url\":\"https:\/\/gateindustries.com\/wp-content\/uploads\/2014\/12\/presidents.png\",\"contentUrl\":\"https:\/\/gateindustries.com\/wp-content\/uploads\/2014\/12\/presidents.png\"},{\"@type\":\"WebPage\",\"@id\":\"https:\/\/gateindustries.com\/por\/concierge-services\/#webpage\",\"url\":\"https:\/\/gateindustries.com\/por\/concierge-services\/\",\"name\":\"Concierge Services - Navigation\",\"isPartOf\":{\"@id\":\"https:\/\/gateindustries.com\/por\/#website\"},\"primaryImageOfPage\":{\"@id\":\"https:\/\/gateindustries.com\/por\/concierge-services\/#primaryimage\"},\"datePublished\":\"2015-10-28T19:55:29+00:00\",\"dateModified\":\"2016-03-30T14:32:08+00:00\",\"breadcrumb\":{\"@id\":\"https:\/\/gateindustries.com\/por\/concierge-services\/#breadcrumb\"},\"inLanguage\":\"en-US\",\"potentialAction\":[{\"@type\":\"ReadAction\",\"target\":[\"https:\/\/gateindustries.com\/por\/concierge-services\/\"]}]},{\"@type\":\"BreadcrumbList\",\"@id\":\"https:\/\/gateindustries.com\/por\/concierge-services\/#breadcrumb\",\"itemListElement\":[{\"@type\":\"ListItem\",\"position\":1,\"name\":\"Home\",\"item\":\"https:\/\/gateindustries.com\/por\/\"},{\"@type\":\"ListItem\",\"position\":2,\"name\":\"Concierge Services\"}]}]}<\/script>\n<!-- \/ Yoast SEO plugin. -->","yoast_head_json":{"robots":{"index":"index","follow":"follow","max-snippet":"max-snippet:-1","max-image-preview":"max-image-preview:large","max-video-preview":"max-video-preview:-1"},"canonical":"https:\/\/gateindustries.com\/por\/concierge-services\/","og_locale":"en_US","og_type":"article","og_title":"Concierge Services - Navigation","og_description":"SERVI\u00c7OS DE CONCIERGE Nossa empresa oferece uma variedade de servi\u00e7os personalizados e assist\u00eancia profissional para apoiar indiv\u00edduos de alto poder aquisitivo, investidores internacionais e empres\u00e1rios buscando imigrar para os Estados Unidos. Nossos servi\u00e7os de concierge especializados incluem, mas n\u00e3o est\u00e3o limitados a: Servi\u00e7os Imobili\u00e1rios Quer voc\u00ea esteja buscando comprar a casa de seus sonhos, renovar, [&hellip;]","og_url":"https:\/\/gateindustries.com\/por\/concierge-services\/","og_site_name":"Navigation","article_modified_time":"2016-03-30T14:32:08+00:00","og_image":[{"url":"https:\/\/gateindustries.com\/wp-content\/uploads\/2014\/12\/presidents.png"}],"twitter_misc":{"Est. reading time":"1 minute"},"schema":{"@context":"https:\/\/schema.org","@graph":[{"@type":"WebSite","@id":"https:\/\/gateindustries.com\/por\/#website","url":"https:\/\/gateindustries.com\/por\/","name":"Navigation","description":"","potentialAction":[{"@type":"SearchAction","target":{"@type":"EntryPoint","urlTemplate":"https:\/\/gateindustries.com\/por\/?s={search_term_string}"},"query-input":"required name=search_term_string"}],"inLanguage":"en-US"},{"@type":"ImageObject","@id":"https:\/\/gateindustries.com\/por\/concierge-services\/#primaryimage","inLanguage":"en-US","url":"https:\/\/gateindustries.com\/wp-content\/uploads\/2014\/12\/presidents.png","contentUrl":"https:\/\/gateindustries.com\/wp-content\/uploads\/2014\/12\/presidents.png"},{"@type":"WebPage","@id":"https:\/\/gateindustries.com\/por\/concierge-services\/#webpage","url":"https:\/\/gateindustries.com\/por\/concierge-services\/","name":"Concierge Services - Navigation","isPartOf":{"@id":"https:\/\/gateindustries.com\/por\/#website"},"primaryImageOfPage":{"@id":"https:\/\/gateindustries.com\/por\/concierge-services\/#primaryimage"},"datePublished":"2015-10-28T19:55:29+00:00","dateModified":"2016-03-30T14:32:08+00:00","breadcrumb":{"@id":"https:\/\/gateindustries.com\/por\/concierge-services\/#breadcrumb"},"inLanguage":"en-US","potentialAction":[{"@type":"ReadAction","target":["https:\/\/gateindustries.com\/por\/concierge-services\/"]}]},{"@type":"BreadcrumbList","@id":"https:\/\/gateindustries.com\/por\/concierge-services\/#breadcrumb","itemListElement":[{"@type":"ListItem","position":1,"name":"Home","item":"https:\/\/gateindustries.com\/por\/"},{"@type":"ListItem","position":2,"name":"Concierge Services"}]}]}},"_links":{"self":[{"href":"https:\/\/gateindustries.com\/por\/wp-json\/wp\/v2\/pages\/332","targetHints":{"allow":["GET"]}}],"collection":[{"href":"https:\/\/gateindustries.com\/por\/wp-json\/wp\/v2\/pages"}],"about":[{"href":"https:\/\/gateindustries.com\/por\/wp-json\/wp\/v2\/types\/page"}],"author":[{"embeddable":true,"href":"https:\/\/gateindustries.com\/por\/wp-json\/wp\/v2\/users\/3"}],"replies":[{"embeddable":true,"href":"https:\/\/gateindustries.com\/por\/wp-json\/wp\/v2\/comments?post=332"}],"version-history":[{"count":7,"href":"https:\/\/gateindustries.com\/por\/wp-json\/wp\/v2\/pages\/332\/revisions"}],"predecessor-version":[{"id":394,"href":"https:\/\/gateindustries.com\/por\/wp-json\/wp\/v2\/pages\/332\/revisions\/394"}],"wp:attachment":[{"href":"https:\/\/gateindustries.com\/por\/wp-json\/wp\/v2\/media?parent=332"}],"curies":[{"name":"wp","href":"https:\/\/api.w.org\/{rel}","templated":true}]}}