{"id":336,"date":"2015-10-28T20:07:16","date_gmt":"2015-10-28T20:07:16","guid":{"rendered":"https:\/\/gateindustries.com\/?page_id=336"},"modified":"2016-03-30T14:29:25","modified_gmt":"2016-03-30T14:29:25","slug":"patent-and-trademark-services","status":"publish","type":"page","link":"https:\/\/gateindustries.com\/por\/patent-and-trademark-services\/","title":{"rendered":"Patent and Trademark Services"},"content":{"rendered":"<div id=\"copyright\" class=\"topbox\">\n<h1><span>SERVI\u00c7OS DE MARCAS E PATENTES<\/span><\/h1>\n<\/div>\n<h2>Gate Industries Servi\u00e7os de Marcas e Patentes<\/h2>\n<p>Gate Industries \u00e9 dedicada a ajudar seus clientes a adquirir, proteger e manter seus direitos de propriedade intelectual atrav\u00e9s de marcas e patentes. Mantemos rela\u00e7\u00f5es estrat\u00e9gicas com escrit\u00f3rios de advocacia e agentes de patentes l\u00edderes no mercado para apoiar a satisfa\u00e7\u00e3o das necessidades de propriedade intelectual de nossos respectivos clientes, corpora\u00e7\u00f5es multinacionais e empres\u00e1rios individuais.<\/p>\n<p>Nossos especialistas em marcas e patentes tem ampla experi\u00eancia em Direito de Propriedade Intelectual e podem aconselhar em uma diversificada gama de \u00e1reas t\u00e9cnicas.<br \/>\nNossos servi\u00e7os de patentes incluem:<\/p>\n<ul>\n<li>Elabora\u00e7\u00e3o, apresenta\u00e7\u00e3o e acompanhamento de registro de patente<\/li>\n<li>Arbitragem e resolu\u00e7\u00e3o de disputas<\/li>\n<li>Aquisi\u00e7\u00e3o e cess\u00e3o de direitos de patente e desenho<\/li>\n<li>Altera\u00e7\u00f5es de estrutura societ\u00e1ria relativas aos direitos de patente e desenho<\/li>\n<li>Dilig\u00eancia relativa aos direitos de patente e desenho<\/li>\n<li>Registro de patente GCC e acompanhamento<\/li>\n<li>Infra\u00e7\u00f5es e a\u00e7\u00f5es de viola\u00e7\u00e3o e outros lit\u00edgios relativos a direitos de patente e desenho<\/li>\n<li>Investiga\u00e7\u00e3o e monitoramento <\/li>\n<li>Licenciamento de patentes e direitos de desenho<\/li>\n<li>Registro e acompanhamento de patentes e desenho <\/li>\n<\/ul>\n<p>Nossos servi\u00e7os de marcas incluem:<\/p>\n<ul>\n<li>Licensa e cess\u00e3o de direitos de marca <\/li>\n<li>A\u00e7\u00f5es de viola\u00e7\u00e3o, lit\u00edgio, e anti-falsifica\u00e7\u00e3o<\/li>\n<li>Arbitragem e resolu\u00e7\u00e3o de disputas<\/li>\n<li>Altera\u00e7\u00f5es de estrutura societ\u00e1ria relacionadas com quest\u00f5es de marcas registradas<\/li>\n<li>Disputas por nomes de dom\u00ednio relacionados com a marca registrada<\/li>\n<li>Dilig\u00eancia relativa aos direitos de registro de marca <\/li>\n<li>Quest\u00f5es de marcas relacionadas ao com\u00e9rcio electr\u00f3nico (e-commerce)<\/li>\n<li>Franchising e Licenciamento<\/li>\n<li>Gest\u00e3o de Portf\u00f3lio<\/li>\n<li>Pesquisa e busca de marcas <\/li>\n<\/ul>\n<h2>Servi\u00e7os de Registros de Patentes<\/h2>\n<p>Perguntas Frequentes:<br \/>\n<div class=\"su-accordion su-u-trim\">\n<div class=\"su-spoiler su-spoiler-style-fancy su-spoiler-icon-plus su-spoiler-closed\" data-scroll-offset=\"0\" data-anchor-in-url=\"no\"><div class=\"su-spoiler-title\" tabindex=\"0\" role=\"button\"><span class=\"su-spoiler-icon\"><\/span>O que \u00e9 uma patente? <\/div><div class=\"su-spoiler-content su-u-clearfix su-u-trim\">Uma patente \u00e9 um direito de propriedade intelectual concedido pelo United States Patent and Trademark Office (USPTO), que d\u00e1 ao inventor o direito de impedir terceiros de produzir, usar, vender ou importar a inven\u00e7\u00e3o nos EUA.<\/div><\/div>\n<div class=\"su-spoiler su-spoiler-style-fancy su-spoiler-icon-plus su-spoiler-closed\" data-scroll-offset=\"0\" data-anchor-in-url=\"no\"><div class=\"su-spoiler-title\" tabindex=\"0\" role=\"button\"><span class=\"su-spoiler-icon\"><\/span>Quais s\u00e3o os diferentes tipos de patentes? <\/div><div class=\"su-spoiler-content su-u-clearfix su-u-trim\"><b>Patente de Utilidade<\/b> cobre qualquer novo e \u00fatil processo, m\u00e1quina, artigo de fabrica\u00e7\u00e3o, ou composi\u00e7\u00e3o de mat\u00e9ria, ou qualquer melhoria nova e \u00fatil do mesmo.<br \/>\nExemplo: um aparato mec\u00e2nico tal como um cortador de grama.<\/p>\n<p><b>Patente sobre Variedade Vegetais<\/b> cobre plantas recentemente inventadas , \u00fanicas,  e capazes de reprodu\u00e7\u00e3o assexuada. Exemplo: uma nova e distinta variedade de planta como a Rose Plant Jaccart.<\/p>\n<p><b>Patente de Desenhos Industriais<\/b> abrange a apar\u00eancia ou o design ornamental de artigo de fabrica\u00e7\u00e3o<br \/>\nExemplo: um design ornamental, como um vaso de vidro decorativo.<br \/>\n<\/div><\/div>\n<div class=\"su-spoiler su-spoiler-style-fancy su-spoiler-icon-plus su-spoiler-closed\" data-scroll-offset=\"0\" data-anchor-in-url=\"no\"><div class=\"su-spoiler-title\" tabindex=\"0\" role=\"button\"><span class=\"su-spoiler-icon\"><\/span>Por quanto tempo uma patente fornece prote\u00e7\u00e3o? <\/div><div class=\"su-spoiler-content su-u-clearfix su-u-trim\">Patentes de Utilidade e  Patente sobre Variedade Vegetais expiram 20 anos ap\u00f3s a data de dep\u00f3sito do pedido de patente ou de prioridade. Patentes de Desenhos expiram 14 anos ap\u00f3s a data da concess\u00e3o da patente emitida pelo USPTO.<\/div><\/div>\n<div class=\"su-spoiler su-spoiler-style-fancy su-spoiler-icon-plus su-spoiler-closed\" data-scroll-offset=\"0\" data-anchor-in-url=\"no\"><div class=\"su-spoiler-title\" tabindex=\"0\" role=\"button\"><span class=\"su-spoiler-icon\"><\/span>Qual \u00e9 o custo de um pedido de patente?<\/div><div class=\"su-spoiler-content su-u-clearfix su-u-trim\">Taxas variam de acordo com a complexidade do invento. Entre em contato conosco para um or\u00e7amento e estipula\u00e7\u00e3o de honor\u00e1rios.<\/div><\/div>\n<div class=\"su-spoiler su-spoiler-style-fancy su-spoiler-icon-plus su-spoiler-closed\" data-scroll-offset=\"0\" data-anchor-in-url=\"no\"><div class=\"su-spoiler-title\" tabindex=\"0\" role=\"button\"><span class=\"su-spoiler-icon\"><\/span>Qual \u00e9 o processo de patente e quanto tempo leva? <\/div><div class=\"su-spoiler-content su-u-clearfix su-u-trim\">\n1. Uma pesquisa \u00e9 recomend\u00e1vel para determinar se a sua inven\u00e7\u00e3o \u00e9 patente\u00e1vel. O tempo necess\u00e1rio para completar uma pesquisa pode variar de alguns dias a algumas semanas.<br \/>\n2. O pedido de patente ser\u00e1 preparado por nossa equipe, e ap\u00f3s an\u00e1lise e aprova\u00e7\u00e3o do cliente, ser\u00e1 ent\u00e3o submetido ao USPTO. O processo de elabora\u00e7\u00e3o e aplica\u00e7\u00e3o pode levar de uma semana a um m\u00eas, dependendo da complexidade da inven\u00e7\u00e3o e a quantidade de pesquisa e desenhos necess\u00e1rias.<br \/>\n3. Uma vez apresentado, o pedido ser\u00e1 atribu\u00eddo a um examinador no USPTO.<br \/>\n4. O examinador normalmente emitir\u00e1 uma a\u00e7\u00e3o oficial para admitir ou recusar algumas ou todas as reivindica\u00e7\u00f5es do pedido. Este processo pode levar de alguns meses a dois anos.<br \/>\n5. Se as reivindica\u00e7\u00f5es do pedido forem rejeitadas, o requerente, advogado, ou agente pode responder a esta a\u00e7\u00e3o oficial atrav\u00e9s de uma altera\u00e7\u00e3o e \/ ou pode argumentar em favor das reivindica\u00e7\u00f5es.<br \/>\n6. Se as altera\u00e7\u00f5es ou argumentos n\u00e3o satisfazerem o USPTO,  a\u00e7\u00f5es oficiais adicionais podem ser emitidas pelo examinador, o que exigir\u00e1 respostas adicionais em nome do inventor.<br \/>\n7. Se as altera\u00e7\u00f5es ou argumentos em favor das reivindica\u00e7\u00f5es forem persuasivos ao examinador, a patente ser\u00e1 emitida ap\u00f3s o pagamento da taxa de emiss\u00e3o.<\/p>\n<\/div><\/div>\n<div class=\"su-spoiler su-spoiler-style-fancy su-spoiler-icon-plus su-spoiler-closed\" data-scroll-offset=\"0\" data-anchor-in-url=\"no\"><div class=\"su-spoiler-title\" tabindex=\"0\" role=\"button\"><span class=\"su-spoiler-icon\"><\/span>J\u00e1 venho vendendo minha inven\u00e7\u00e3o por dois anos; posso ainda obter uma patente? <\/div><div class=\"su-spoiler-content su-u-clearfix su-u-trim\">N\u00e3o, voc\u00ea deve apresentar uma patente para registro dentro de um ano de qualquer divulga\u00e7\u00e3o p\u00fablica ou oferta para venda.  Formas de divulga\u00e7\u00e3o p\u00fablica podem incluir feiras, apresenta\u00e7\u00f5es, websites, folhetos, etc. Se voc\u00ea est\u00e1 buscando a prote\u00e7\u00e3o de um registro de patente, \u00e9 muito importante consultar com um especialista em Propriedade Intelectual antes de qualquer divulga\u00e7\u00e3o p\u00fablica ou oferta para venda. Tais situa\u00e7\u00f5es tendem a ser baseadas em fatos espec\u00edficos, por isso, se voc\u00ea n\u00e3o tem certeza se voc\u00ea divulgou publicamente sua inven\u00e7\u00e3o, entre em contato conosco para uma an\u00e1lise preliminar de seus direitos.<\/div><\/div>\n<\/div>\n<h2>Servi\u00e7os de Registros de Marcas<\/h2>\n<p>Perguntas Frequentes<br \/>\n<div class=\"su-accordion su-u-trim\">\n<div class=\"su-spoiler su-spoiler-style-fancy su-spoiler-icon-plus su-spoiler-closed\" data-scroll-offset=\"0\" data-anchor-in-url=\"no\"><div class=\"su-spoiler-title\" tabindex=\"0\" role=\"button\"><span class=\"su-spoiler-icon\"><\/span>O que \u00e9 um registro de marca?<\/div><div class=\"su-spoiler-content su-u-clearfix su-u-trim\">Um registro de marca \u00e9 o nome da marca. O registro de marca ou servi\u00e7o de marca inclui qualquer palavra, nome, s\u00edmbolo, dispositivo ou combina\u00e7\u00e3o, utilizadas ou a serem utilizadas para identificar e distinguir  produtos \/ servi\u00e7os de um vendedor ou fornecedor a outros e para indicar a origem dos bens \/ servi\u00e7os.<\/div><\/div>\n<div class=\"su-spoiler su-spoiler-style-fancy su-spoiler-icon-plus su-spoiler-closed\" data-scroll-offset=\"0\" data-anchor-in-url=\"no\"><div class=\"su-spoiler-title\" tabindex=\"0\" role=\"button\"><span class=\"su-spoiler-icon\"><\/span>Devo registrar minha marca?<\/div><div class=\"su-spoiler-content su-u-clearfix su-u-trim\">Embora o registro federal de uma marca n\u00e3o seja obrigat\u00f3rio, este possui v\u00e1rias vantagens, incluindo aviso ao p\u00fablico da alega\u00e7\u00e3o do requerente sobre propriedade da marca, a presun\u00e7\u00e3o legal de propriedade da marca em todo o pa\u00eds, e direito exclusivo de utilizar a marca em conex\u00e3o com os bens \/ servi\u00e7os que constam do registro. Tamb\u00e9m \u00e9 poss\u00edvel receber um registro de marca estadual no estado em que voc\u00ea faz neg\u00f3cios.<\/div><\/div>\n<div class=\"su-spoiler su-spoiler-style-fancy su-spoiler-icon-plus su-spoiler-closed\" data-scroll-offset=\"0\" data-anchor-in-url=\"no\"><div class=\"su-spoiler-title\" tabindex=\"0\" role=\"button\"><span class=\"su-spoiler-icon\"><\/span>Qual \u00e9 o processo para a obten\u00e7\u00e3o de um registo de marca? <\/div><div class=\"su-spoiler-content su-u-clearfix su-u-trim\">Normalmente, recomendamos uma pesquisa de marcas como o primeiro passo no processo, a fim de se certificar de que a marca proposta n\u00e3o \u00e9 muito semelhante a outra marca comercial pendente ou registada. Se nenhuma outra marca conflitante \u00e9 identificada na pesquisa, em seguida, o pr\u00f3ximo passo \u00e9 preparar e apresentar o pedido de registro de marca ao US Patent and Trademark Office. Um examinador de marca ir\u00e1 rever o pedido e,  autorizar a publica\u00e7\u00e3o do pedido ou gerar uma a\u00e7\u00e3o oficial requerendo resposta do requerente. Pode ser necess\u00e1rio ter que apresentar argumentos de que sua marca \u00e9 diferente e distingui\u00edvel sobre a marca registrada citada pelo examinador. Este processo pode demorar entre 6 meses e um ano (ou em alguns casos, mais tempo). Voc\u00ea pode usar a marca registada durante este processo e \u00e9 incentivado a faz\u00ea-lo.<\/div><\/div>\n<div class=\"su-spoiler su-spoiler-style-fancy su-spoiler-icon-plus su-spoiler-closed\" data-scroll-offset=\"0\" data-anchor-in-url=\"no\"><div class=\"su-spoiler-title\" tabindex=\"0\" role=\"button\"><span class=\"su-spoiler-icon\"><\/span>Qual \u00e9 o custo para a obten\u00e7\u00e3o de um registo de marca? <\/div><div class=\"su-spoiler-content su-u-clearfix su-u-trim\">As taxas de dep\u00f3sito para registro de marca do US Patent and Trademark Office s\u00e3o dependentes do n\u00famero de diferentes produtos e servi\u00e7os referidos no pedido de registro de marca. As taxas legais s\u00e3o tipicamente definidas antecipadamente, durante a estipula\u00e7\u00e3o de honor\u00e1rios. N\u00f3s oferecemos descontos para o registro de v\u00e1rias marcas ao mesmo tempo.<\/div><\/div>\n<div class=\"su-spoiler su-spoiler-style-fancy su-spoiler-icon-plus su-spoiler-closed\" data-scroll-offset=\"0\" data-anchor-in-url=\"no\"><div class=\"su-spoiler-title\" tabindex=\"0\" role=\"button\"><span class=\"su-spoiler-icon\"><\/span>O que devo fazer se algu\u00e9m infringir minha marca?<\/div><div class=\"su-spoiler-content su-u-clearfix su-u-trim\">Entre em contato conosco. Estaremos contentes de ouvir a sua situa\u00e7\u00e3o e oferecer solu\u00e7\u00f5es. Muitas vezes, o envio de uma carta  de &#8220;cessar e desistir&#8221; para o ofensor pode resolver o problema. Se n\u00e3o, podemos explorar op\u00e7\u00f5es legais adicionais, a seu pedido..<\/div><\/div>\n<\/div>\n<p style=\"text-align:center; clear:both; padding-top:30px; margin-bottom:-10px;\"><a href=\"http:\/\/www.iiusa.org\/\" target=\"_blank\"><img loading=\"lazy\" decoding=\"async\" src=\"https:\/\/gateindustries.com\/wp-content\/uploads\/2014\/12\/presidents.png\" alt=\"presidents\" width=\"150\" height=\"178\" class=\"aligncenter size-full wp-image-252\" \/><\/a><\/p>\n","protected":false},"excerpt":{"rendered":"<p>SERVI\u00c7OS DE MARCAS E PATENTES Gate Industries Servi\u00e7os de Marcas e Patentes Gate Industries \u00e9 dedicada a ajudar seus clientes a adquirir, proteger e manter seus direitos de propriedade intelectual atrav\u00e9s de marcas e patentes. Mantemos rela\u00e7\u00f5es estrat\u00e9gicas com escrit\u00f3rios de advocacia e agentes de patentes l\u00edderes no mercado para apoiar a satisfa\u00e7\u00e3o das necessidades [&hellip;]<\/p>\n","protected":false},"author":3,"featured_media":0,"parent":0,"menu_order":0,"comment_status":"closed","ping_status":"closed","template":"","meta":{"footnotes":""},"class_list":["post-336","page","type-page","status-publish","hentry"],"yoast_head":"<!-- This site is optimized with the Yoast SEO plugin v17.0 - https:\/\/yoast.com\/wordpress\/plugins\/seo\/ -->\n<meta name=\"robots\" content=\"index, follow, max-snippet:-1, max-image-preview:large, max-video-preview:-1\" \/>\n<link rel=\"canonical\" href=\"https:\/\/gateindustries.com\/por\/patent-and-trademark-services\/\" \/>\n<meta property=\"og:locale\" content=\"en_US\" \/>\n<meta property=\"og:type\" content=\"article\" \/>\n<meta property=\"og:title\" content=\"Patent and Trademark Services - Navigation\" \/>\n<meta property=\"og:description\" content=\"SERVI\u00c7OS DE MARCAS E PATENTES Gate Industries Servi\u00e7os de Marcas e Patentes Gate Industries \u00e9 dedicada a ajudar seus clientes a adquirir, proteger e manter seus direitos de propriedade intelectual atrav\u00e9s de marcas e patentes. Mantemos rela\u00e7\u00f5es estrat\u00e9gicas com escrit\u00f3rios de advocacia e agentes de patentes l\u00edderes no mercado para apoiar a satisfa\u00e7\u00e3o das necessidades [&hellip;]\" \/>\n<meta property=\"og:url\" content=\"https:\/\/gateindustries.com\/por\/patent-and-trademark-services\/\" \/>\n<meta property=\"og:site_name\" content=\"Navigation\" \/>\n<meta property=\"article:modified_time\" content=\"2016-03-30T14:29:25+00:00\" \/>\n<meta property=\"og:image\" content=\"https:\/\/gateindustries.com\/wp-content\/uploads\/2014\/12\/presidents.png\" \/>\n<meta name=\"twitter:label1\" content=\"Est. reading time\" \/>\n\t<meta name=\"twitter:data1\" content=\"7 minutes\" \/>\n<script type=\"application\/ld+json\" class=\"yoast-schema-graph\">{\"@context\":\"https:\/\/schema.org\",\"@graph\":[{\"@type\":\"WebSite\",\"@id\":\"https:\/\/gateindustries.com\/por\/#website\",\"url\":\"https:\/\/gateindustries.com\/por\/\",\"name\":\"Navigation\",\"description\":\"\",\"potentialAction\":[{\"@type\":\"SearchAction\",\"target\":{\"@type\":\"EntryPoint\",\"urlTemplate\":\"https:\/\/gateindustries.com\/por\/?s={search_term_string}\"},\"query-input\":\"required name=search_term_string\"}],\"inLanguage\":\"en-US\"},{\"@type\":\"ImageObject\",\"@id\":\"https:\/\/gateindustries.com\/por\/patent-and-trademark-services\/#primaryimage\",\"inLanguage\":\"en-US\",\"url\":\"https:\/\/gateindustries.com\/wp-content\/uploads\/2014\/12\/presidents.png\",\"contentUrl\":\"https:\/\/gateindustries.com\/wp-content\/uploads\/2014\/12\/presidents.png\"},{\"@type\":\"WebPage\",\"@id\":\"https:\/\/gateindustries.com\/por\/patent-and-trademark-services\/#webpage\",\"url\":\"https:\/\/gateindustries.com\/por\/patent-and-trademark-services\/\",\"name\":\"Patent and Trademark Services - Navigation\",\"isPartOf\":{\"@id\":\"https:\/\/gateindustries.com\/por\/#website\"},\"primaryImageOfPage\":{\"@id\":\"https:\/\/gateindustries.com\/por\/patent-and-trademark-services\/#primaryimage\"},\"datePublished\":\"2015-10-28T20:07:16+00:00\",\"dateModified\":\"2016-03-30T14:29:25+00:00\",\"breadcrumb\":{\"@id\":\"https:\/\/gateindustries.com\/por\/patent-and-trademark-services\/#breadcrumb\"},\"inLanguage\":\"en-US\",\"potentialAction\":[{\"@type\":\"ReadAction\",\"target\":[\"https:\/\/gateindustries.com\/por\/patent-and-trademark-services\/\"]}]},{\"@type\":\"BreadcrumbList\",\"@id\":\"https:\/\/gateindustries.com\/por\/patent-and-trademark-services\/#breadcrumb\",\"itemListElement\":[{\"@type\":\"ListItem\",\"position\":1,\"name\":\"Home\",\"item\":\"https:\/\/gateindustries.com\/por\/\"},{\"@type\":\"ListItem\",\"position\":2,\"name\":\"Patent and Trademark Services\"}]}]}<\/script>\n<!-- \/ Yoast SEO plugin. -->","yoast_head_json":{"robots":{"index":"index","follow":"follow","max-snippet":"max-snippet:-1","max-image-preview":"max-image-preview:large","max-video-preview":"max-video-preview:-1"},"canonical":"https:\/\/gateindustries.com\/por\/patent-and-trademark-services\/","og_locale":"en_US","og_type":"article","og_title":"Patent and Trademark Services - Navigation","og_description":"SERVI\u00c7OS DE MARCAS E PATENTES Gate Industries Servi\u00e7os de Marcas e Patentes Gate Industries \u00e9 dedicada a ajudar seus clientes a adquirir, proteger e manter seus direitos de propriedade intelectual atrav\u00e9s de marcas e patentes. Mantemos rela\u00e7\u00f5es estrat\u00e9gicas com escrit\u00f3rios de advocacia e agentes de patentes l\u00edderes no mercado para apoiar a satisfa\u00e7\u00e3o das necessidades [&hellip;]","og_url":"https:\/\/gateindustries.com\/por\/patent-and-trademark-services\/","og_site_name":"Navigation","article_modified_time":"2016-03-30T14:29:25+00:00","og_image":[{"url":"https:\/\/gateindustries.com\/wp-content\/uploads\/2014\/12\/presidents.png"}],"twitter_misc":{"Est. reading time":"7 minutes"},"schema":{"@context":"https:\/\/schema.org","@graph":[{"@type":"WebSite","@id":"https:\/\/gateindustries.com\/por\/#website","url":"https:\/\/gateindustries.com\/por\/","name":"Navigation","description":"","potentialAction":[{"@type":"SearchAction","target":{"@type":"EntryPoint","urlTemplate":"https:\/\/gateindustries.com\/por\/?s={search_term_string}"},"query-input":"required name=search_term_string"}],"inLanguage":"en-US"},{"@type":"ImageObject","@id":"https:\/\/gateindustries.com\/por\/patent-and-trademark-services\/#primaryimage","inLanguage":"en-US","url":"https:\/\/gateindustries.com\/wp-content\/uploads\/2014\/12\/presidents.png","contentUrl":"https:\/\/gateindustries.com\/wp-content\/uploads\/2014\/12\/presidents.png"},{"@type":"WebPage","@id":"https:\/\/gateindustries.com\/por\/patent-and-trademark-services\/#webpage","url":"https:\/\/gateindustries.com\/por\/patent-and-trademark-services\/","name":"Patent and Trademark Services - Navigation","isPartOf":{"@id":"https:\/\/gateindustries.com\/por\/#website"},"primaryImageOfPage":{"@id":"https:\/\/gateindustries.com\/por\/patent-and-trademark-services\/#primaryimage"},"datePublished":"2015-10-28T20:07:16+00:00","dateModified":"2016-03-30T14:29:25+00:00","breadcrumb":{"@id":"https:\/\/gateindustries.com\/por\/patent-and-trademark-services\/#breadcrumb"},"inLanguage":"en-US","potentialAction":[{"@type":"ReadAction","target":["https:\/\/gateindustries.com\/por\/patent-and-trademark-services\/"]}]},{"@type":"BreadcrumbList","@id":"https:\/\/gateindustries.com\/por\/patent-and-trademark-services\/#breadcrumb","itemListElement":[{"@type":"ListItem","position":1,"name":"Home","item":"https:\/\/gateindustries.com\/por\/"},{"@type":"ListItem","position":2,"name":"Patent and Trademark Services"}]}]}},"_links":{"self":[{"href":"https:\/\/gateindustries.com\/por\/wp-json\/wp\/v2\/pages\/336","targetHints":{"allow":["GET"]}}],"collection":[{"href":"https:\/\/gateindustries.com\/por\/wp-json\/wp\/v2\/pages"}],"about":[{"href":"https:\/\/gateindustries.com\/por\/wp-json\/wp\/v2\/types\/page"}],"author":[{"embeddable":true,"href":"https:\/\/gateindustries.com\/por\/wp-json\/wp\/v2\/users\/3"}],"replies":[{"embeddable":true,"href":"https:\/\/gateindustries.com\/por\/wp-json\/wp\/v2\/comments?post=336"}],"version-history":[{"count":9,"href":"https:\/\/gateindustries.com\/por\/wp-json\/wp\/v2\/pages\/336\/revisions"}],"predecessor-version":[{"id":393,"href":"https:\/\/gateindustries.com\/por\/wp-json\/wp\/v2\/pages\/336\/revisions\/393"}],"wp:attachment":[{"href":"https:\/\/gateindustries.com\/por\/wp-json\/wp\/v2\/media?parent=336"}],"curies":[{"name":"wp","href":"https:\/\/api.w.org\/{rel}","templated":true}]}}