{"id":346,"date":"2015-11-13T15:08:49","date_gmt":"2015-11-13T15:08:49","guid":{"rendered":"https:\/\/gateindustries.com\/?page_id=346"},"modified":"2016-03-30T14:17:59","modified_gmt":"2016-03-30T14:17:59","slug":"affiliation-services","status":"publish","type":"page","link":"https:\/\/gateindustries.com\/por\/affiliation-services\/","title":{"rendered":"Affiliation Services"},"content":{"rendered":"<div id=\"affiliation\" class=\"topbox\">\n<h1><span>SERVI\u00c7OS DE AFILIA\u00c7\u00c3O<\/span><\/h1>\n<\/div>\n<p>A obten\u00e7\u00e3o de designa\u00e7\u00e3o de Centro Regional pode ser um processo dif\u00edcil, caro e imprevis\u00edvel. Para ajudar a aliviar alguns dos inconvenientes inerentes envolvidos, Gate Industries oferece servi\u00e7os de afilia\u00e7\u00e3o do Centro Regional para projetistas e profissionais EB-5, tanto atrav\u00e9s do arrendamento e compra de Centros Regionais pr\u00e9-existentes quanto atrav\u00e9s da cria\u00e7\u00e3o de novos Centros Regionais, onde necess\u00e1rio. A afilia\u00e7\u00e3o a um Centro Regional \u00e9 uma solu\u00e7\u00e3o de custo eficaz e particularmente vantajosa para aqueles que desejam iniciar um projeto imediatamente.<\/p>\n<p>Gate Industries tem uma vasta experi\u00eancia na cria\u00e7\u00e3o e gest\u00e3o de Centros Regionais EB-5 ao longo da Costa Leste e mant\u00e9m uma rede de Centros Regionais afiliados, aprovados por USCIS, em todos os EUA. Nossa cobertura expansiva nos permite estar envolvidos com uma variedade de projetos e em ampla gama de ind\u00fastrias.<\/p>\n<p><img loading=\"lazy\" decoding=\"async\" src=\"https:\/\/gateindustries.com\/por\/wp-content\/uploads\/2015\/11\/map1.png\" alt=\"map1\" width=\"766\" height=\"590\" class=\"aligncenter size-full wp-image-391\" srcset=\"https:\/\/gateindustries.com\/por\/wp-content\/uploads\/2015\/11\/map1.png 766w, https:\/\/gateindustries.com\/por\/wp-content\/uploads\/2015\/11\/map1-300x231.png 300w\" sizes=\"auto, (max-width: 766px) 100vw, 766px\" \/><\/p>\n<p>Como um dos principais consultores EB-5 de Centro Regional nos Estados Unidos, Gate Industries est\u00e1 intimamente familiarizada com as particularidades do Programa EB-5 e nossa experiente equipe ficar\u00e1 feliz em conversar com voc\u00ea sobre oportunidades de parceria.<\/p>\n<p>Por favor entre em contato conosco para come\u00e7ar um processo de afilia\u00e7\u00e3o.<\/p>\n<p style=\"text-align:center; clear:both; padding-top:30px; margin-bottom:-10px;\"><a href=\"http:\/\/www.iiusa.org\/\" target=\"_blank\"><img loading=\"lazy\" decoding=\"async\" src=\"https:\/\/gateindustries.com\/wp-content\/uploads\/2014\/12\/presidents.png\" alt=\"presidents\" width=\"150\" height=\"178\" class=\"aligncenter size-full wp-image-252\" \/><\/a><\/p>\n","protected":false},"excerpt":{"rendered":"<p>SERVI\u00c7OS DE AFILIA\u00c7\u00c3O A obten\u00e7\u00e3o de designa\u00e7\u00e3o de Centro Regional pode ser um processo dif\u00edcil, caro e imprevis\u00edvel. Para ajudar a aliviar alguns dos inconvenientes inerentes envolvidos, Gate Industries oferece servi\u00e7os de afilia\u00e7\u00e3o do Centro Regional para projetistas e profissionais EB-5, tanto atrav\u00e9s do arrendamento e compra de Centros Regionais pr\u00e9-existentes quanto atrav\u00e9s da cria\u00e7\u00e3o [&hellip;]<\/p>\n","protected":false},"author":3,"featured_media":0,"parent":0,"menu_order":0,"comment_status":"closed","ping_status":"closed","template":"","meta":{"footnotes":""},"class_list":["post-346","page","type-page","status-publish","hentry"],"yoast_head":"<!-- This site is optimized with the Yoast SEO plugin v17.0 - https:\/\/yoast.com\/wordpress\/plugins\/seo\/ -->\n<meta name=\"robots\" content=\"index, follow, max-snippet:-1, max-image-preview:large, max-video-preview:-1\" \/>\n<link rel=\"canonical\" href=\"https:\/\/gateindustries.com\/por\/affiliation-services\/\" \/>\n<meta property=\"og:locale\" content=\"en_US\" \/>\n<meta property=\"og:type\" content=\"article\" \/>\n<meta property=\"og:title\" content=\"Affiliation Services - Navigation\" \/>\n<meta property=\"og:description\" content=\"SERVI\u00c7OS DE AFILIA\u00c7\u00c3O A obten\u00e7\u00e3o de designa\u00e7\u00e3o de Centro Regional pode ser um processo dif\u00edcil, caro e imprevis\u00edvel. Para ajudar a aliviar alguns dos inconvenientes inerentes envolvidos, Gate Industries oferece servi\u00e7os de afilia\u00e7\u00e3o do Centro Regional para projetistas e profissionais EB-5, tanto atrav\u00e9s do arrendamento e compra de Centros Regionais pr\u00e9-existentes quanto atrav\u00e9s da cria\u00e7\u00e3o [&hellip;]\" \/>\n<meta property=\"og:url\" content=\"https:\/\/gateindustries.com\/por\/affiliation-services\/\" \/>\n<meta property=\"og:site_name\" content=\"Navigation\" \/>\n<meta property=\"article:modified_time\" content=\"2016-03-30T14:17:59+00:00\" \/>\n<meta property=\"og:image\" content=\"https:\/\/gateindustries.com\/por\/wp-content\/uploads\/2015\/11\/map1.png\" \/>\n<meta name=\"twitter:label1\" content=\"Est. reading time\" \/>\n\t<meta name=\"twitter:data1\" content=\"1 minute\" \/>\n<script type=\"application\/ld+json\" class=\"yoast-schema-graph\">{\"@context\":\"https:\/\/schema.org\",\"@graph\":[{\"@type\":\"WebSite\",\"@id\":\"https:\/\/gateindustries.com\/por\/#website\",\"url\":\"https:\/\/gateindustries.com\/por\/\",\"name\":\"Navigation\",\"description\":\"\",\"potentialAction\":[{\"@type\":\"SearchAction\",\"target\":{\"@type\":\"EntryPoint\",\"urlTemplate\":\"https:\/\/gateindustries.com\/por\/?s={search_term_string}\"},\"query-input\":\"required name=search_term_string\"}],\"inLanguage\":\"en-US\"},{\"@type\":\"ImageObject\",\"@id\":\"https:\/\/gateindustries.com\/por\/affiliation-services\/#primaryimage\",\"inLanguage\":\"en-US\",\"url\":\"https:\/\/gateindustries.com\/por\/wp-content\/uploads\/2015\/11\/map1.png\",\"contentUrl\":\"https:\/\/gateindustries.com\/por\/wp-content\/uploads\/2015\/11\/map1.png\",\"width\":766,\"height\":590},{\"@type\":\"WebPage\",\"@id\":\"https:\/\/gateindustries.com\/por\/affiliation-services\/#webpage\",\"url\":\"https:\/\/gateindustries.com\/por\/affiliation-services\/\",\"name\":\"Affiliation Services - Navigation\",\"isPartOf\":{\"@id\":\"https:\/\/gateindustries.com\/por\/#website\"},\"primaryImageOfPage\":{\"@id\":\"https:\/\/gateindustries.com\/por\/affiliation-services\/#primaryimage\"},\"datePublished\":\"2015-11-13T15:08:49+00:00\",\"dateModified\":\"2016-03-30T14:17:59+00:00\",\"breadcrumb\":{\"@id\":\"https:\/\/gateindustries.com\/por\/affiliation-services\/#breadcrumb\"},\"inLanguage\":\"en-US\",\"potentialAction\":[{\"@type\":\"ReadAction\",\"target\":[\"https:\/\/gateindustries.com\/por\/affiliation-services\/\"]}]},{\"@type\":\"BreadcrumbList\",\"@id\":\"https:\/\/gateindustries.com\/por\/affiliation-services\/#breadcrumb\",\"itemListElement\":[{\"@type\":\"ListItem\",\"position\":1,\"name\":\"Home\",\"item\":\"https:\/\/gateindustries.com\/por\/\"},{\"@type\":\"ListItem\",\"position\":2,\"name\":\"Affiliation Services\"}]}]}<\/script>\n<!-- \/ Yoast SEO plugin. -->","yoast_head_json":{"robots":{"index":"index","follow":"follow","max-snippet":"max-snippet:-1","max-image-preview":"max-image-preview:large","max-video-preview":"max-video-preview:-1"},"canonical":"https:\/\/gateindustries.com\/por\/affiliation-services\/","og_locale":"en_US","og_type":"article","og_title":"Affiliation Services - Navigation","og_description":"SERVI\u00c7OS DE AFILIA\u00c7\u00c3O A obten\u00e7\u00e3o de designa\u00e7\u00e3o de Centro Regional pode ser um processo dif\u00edcil, caro e imprevis\u00edvel. Para ajudar a aliviar alguns dos inconvenientes inerentes envolvidos, Gate Industries oferece servi\u00e7os de afilia\u00e7\u00e3o do Centro Regional para projetistas e profissionais EB-5, tanto atrav\u00e9s do arrendamento e compra de Centros Regionais pr\u00e9-existentes quanto atrav\u00e9s da cria\u00e7\u00e3o [&hellip;]","og_url":"https:\/\/gateindustries.com\/por\/affiliation-services\/","og_site_name":"Navigation","article_modified_time":"2016-03-30T14:17:59+00:00","og_image":[{"url":"https:\/\/gateindustries.com\/por\/wp-content\/uploads\/2015\/11\/map1.png"}],"twitter_misc":{"Est. reading time":"1 minute"},"schema":{"@context":"https:\/\/schema.org","@graph":[{"@type":"WebSite","@id":"https:\/\/gateindustries.com\/por\/#website","url":"https:\/\/gateindustries.com\/por\/","name":"Navigation","description":"","potentialAction":[{"@type":"SearchAction","target":{"@type":"EntryPoint","urlTemplate":"https:\/\/gateindustries.com\/por\/?s={search_term_string}"},"query-input":"required name=search_term_string"}],"inLanguage":"en-US"},{"@type":"ImageObject","@id":"https:\/\/gateindustries.com\/por\/affiliation-services\/#primaryimage","inLanguage":"en-US","url":"https:\/\/gateindustries.com\/por\/wp-content\/uploads\/2015\/11\/map1.png","contentUrl":"https:\/\/gateindustries.com\/por\/wp-content\/uploads\/2015\/11\/map1.png","width":766,"height":590},{"@type":"WebPage","@id":"https:\/\/gateindustries.com\/por\/affiliation-services\/#webpage","url":"https:\/\/gateindustries.com\/por\/affiliation-services\/","name":"Affiliation Services - Navigation","isPartOf":{"@id":"https:\/\/gateindustries.com\/por\/#website"},"primaryImageOfPage":{"@id":"https:\/\/gateindustries.com\/por\/affiliation-services\/#primaryimage"},"datePublished":"2015-11-13T15:08:49+00:00","dateModified":"2016-03-30T14:17:59+00:00","breadcrumb":{"@id":"https:\/\/gateindustries.com\/por\/affiliation-services\/#breadcrumb"},"inLanguage":"en-US","potentialAction":[{"@type":"ReadAction","target":["https:\/\/gateindustries.com\/por\/affiliation-services\/"]}]},{"@type":"BreadcrumbList","@id":"https:\/\/gateindustries.com\/por\/affiliation-services\/#breadcrumb","itemListElement":[{"@type":"ListItem","position":1,"name":"Home","item":"https:\/\/gateindustries.com\/por\/"},{"@type":"ListItem","position":2,"name":"Affiliation Services"}]}]}},"_links":{"self":[{"href":"https:\/\/gateindustries.com\/por\/wp-json\/wp\/v2\/pages\/346","targetHints":{"allow":["GET"]}}],"collection":[{"href":"https:\/\/gateindustries.com\/por\/wp-json\/wp\/v2\/pages"}],"about":[{"href":"https:\/\/gateindustries.com\/por\/wp-json\/wp\/v2\/types\/page"}],"author":[{"embeddable":true,"href":"https:\/\/gateindustries.com\/por\/wp-json\/wp\/v2\/users\/3"}],"replies":[{"embeddable":true,"href":"https:\/\/gateindustries.com\/por\/wp-json\/wp\/v2\/comments?post=346"}],"version-history":[{"count":8,"href":"https:\/\/gateindustries.com\/por\/wp-json\/wp\/v2\/pages\/346\/revisions"}],"predecessor-version":[{"id":392,"href":"https:\/\/gateindustries.com\/por\/wp-json\/wp\/v2\/pages\/346\/revisions\/392"}],"wp:attachment":[{"href":"https:\/\/gateindustries.com\/por\/wp-json\/wp\/v2\/media?parent=346"}],"curies":[{"name":"wp","href":"https:\/\/api.w.org\/{rel}","templated":true}]}}