{"id":375,"date":"2016-03-29T19:23:26","date_gmt":"2016-03-29T19:23:26","guid":{"rendered":"https:\/\/gateindustries.com\/?page_id=375"},"modified":"2016-04-01T13:46:14","modified_gmt":"2016-04-01T13:46:14","slug":"privacy-policy","status":"publish","type":"page","link":"https:\/\/gateindustries.com\/por\/privacy-policy\/","title":{"rendered":"Privacy Policy"},"content":{"rendered":"<h2><strong>POL\u00cdTICA DE PRIVACIDADE<\/strong><\/h2>\n<hr \/>\n<p>\u00c9 a pol\u00edtica da Gate Industries, LLC proteger a privacidade dos investidores em projetos de investimento da Gate Industries. Portanto, Gate Industries n\u00e3o ir\u00e1 divulgar os nomes dos investidores para aqueles que est\u00e3o fora do projeto de investimento em particular, a n\u00e3o ser se obrigada a faz\u00ea-lo por lei. No entanto, cada investidor tem o direito legal de acesso a nomes, informa\u00e7\u00f5es de contato e percentual de participa\u00e7\u00e3o dos outros investidores dentro de seu projeto de investimento espec\u00edfico. Al\u00e9m disso, o investidor reconhece que a informa\u00e7\u00e3o que n\u00e3o seja considerada p\u00fablica a respeito do investidor divulgada pelo investidor ao Gate Industries ou outros agentes ( &#8220;Informa\u00e7\u00e3o&#8221;) (tal como o nome do investidor, endere\u00e7o, n\u00famero de seguridade social, bens e renda) podem ser divulgadas (i) para o administrador Gate Industries, se for o caso, gestores, s\u00f3cios ou gerentes, advogados, contadores e auditores em prol dos neg\u00f3cios Gate Industries e outros prestadores de servi\u00e7os, tais como corretores, que podem ter uma necessidade de tais informa\u00e7\u00f5es em conex\u00e3o com a presta\u00e7\u00e3o de servi\u00e7os a Gate Industries, (ii) a terceiros prestadores de servi\u00e7os ou institui\u00e7\u00f5es financeiras que possam estar fornecendo servi\u00e7os de marketing para a Gate Industries desde que essas pessoas concordem em proteger a confidencialidade das informa\u00e7\u00f5es e usar as informa\u00e7\u00f5es apenas para fins de presta\u00e7\u00e3o de servi\u00e7os a Gate Industries e (iii) conforme exigido ou permitido por lei.<\/p>\n","protected":false},"excerpt":{"rendered":"<p>POL\u00cdTICA DE PRIVACIDADE \u00c9 a pol\u00edtica da Gate Industries, LLC proteger a privacidade dos investidores em projetos de investimento da Gate Industries. Portanto, Gate Industries n\u00e3o ir\u00e1 divulgar os nomes dos investidores para aqueles que est\u00e3o fora do projeto de investimento em particular, a n\u00e3o ser se obrigada a faz\u00ea-lo por lei. No entanto, cada [&hellip;]<\/p>\n","protected":false},"author":3,"featured_media":0,"parent":0,"menu_order":0,"comment_status":"closed","ping_status":"closed","template":"","meta":{"footnotes":""},"class_list":["post-375","page","type-page","status-publish","hentry"],"yoast_head":"<!-- This site is optimized with the Yoast SEO plugin v17.0 - https:\/\/yoast.com\/wordpress\/plugins\/seo\/ -->\n<meta name=\"robots\" content=\"index, follow, max-snippet:-1, max-image-preview:large, max-video-preview:-1\" \/>\n<link rel=\"canonical\" href=\"https:\/\/gateindustries.com\/por\/privacy-policy\/\" \/>\n<meta property=\"og:locale\" content=\"en_US\" \/>\n<meta property=\"og:type\" content=\"article\" \/>\n<meta property=\"og:title\" content=\"Privacy Policy - Navigation\" \/>\n<meta property=\"og:description\" content=\"POL\u00cdTICA DE PRIVACIDADE \u00c9 a pol\u00edtica da Gate Industries, LLC proteger a privacidade dos investidores em projetos de investimento da Gate Industries. Portanto, Gate Industries n\u00e3o ir\u00e1 divulgar os nomes dos investidores para aqueles que est\u00e3o fora do projeto de investimento em particular, a n\u00e3o ser se obrigada a faz\u00ea-lo por lei. No entanto, cada [&hellip;]\" \/>\n<meta property=\"og:url\" content=\"https:\/\/gateindustries.com\/por\/privacy-policy\/\" \/>\n<meta property=\"og:site_name\" content=\"Navigation\" \/>\n<meta property=\"article:modified_time\" content=\"2016-04-01T13:46:14+00:00\" \/>\n<meta name=\"twitter:label1\" content=\"Est. reading time\" \/>\n\t<meta name=\"twitter:data1\" content=\"1 minute\" \/>\n<script type=\"application\/ld+json\" class=\"yoast-schema-graph\">{\"@context\":\"https:\/\/schema.org\",\"@graph\":[{\"@type\":\"WebSite\",\"@id\":\"https:\/\/gateindustries.com\/por\/#website\",\"url\":\"https:\/\/gateindustries.com\/por\/\",\"name\":\"Navigation\",\"description\":\"\",\"potentialAction\":[{\"@type\":\"SearchAction\",\"target\":{\"@type\":\"EntryPoint\",\"urlTemplate\":\"https:\/\/gateindustries.com\/por\/?s={search_term_string}\"},\"query-input\":\"required name=search_term_string\"}],\"inLanguage\":\"en-US\"},{\"@type\":\"WebPage\",\"@id\":\"https:\/\/gateindustries.com\/por\/privacy-policy\/#webpage\",\"url\":\"https:\/\/gateindustries.com\/por\/privacy-policy\/\",\"name\":\"Privacy Policy - Navigation\",\"isPartOf\":{\"@id\":\"https:\/\/gateindustries.com\/por\/#website\"},\"datePublished\":\"2016-03-29T19:23:26+00:00\",\"dateModified\":\"2016-04-01T13:46:14+00:00\",\"breadcrumb\":{\"@id\":\"https:\/\/gateindustries.com\/por\/privacy-policy\/#breadcrumb\"},\"inLanguage\":\"en-US\",\"potentialAction\":[{\"@type\":\"ReadAction\",\"target\":[\"https:\/\/gateindustries.com\/por\/privacy-policy\/\"]}]},{\"@type\":\"BreadcrumbList\",\"@id\":\"https:\/\/gateindustries.com\/por\/privacy-policy\/#breadcrumb\",\"itemListElement\":[{\"@type\":\"ListItem\",\"position\":1,\"name\":\"Home\",\"item\":\"https:\/\/gateindustries.com\/por\/\"},{\"@type\":\"ListItem\",\"position\":2,\"name\":\"Privacy Policy\"}]}]}<\/script>\n<!-- \/ Yoast SEO plugin. -->","yoast_head_json":{"robots":{"index":"index","follow":"follow","max-snippet":"max-snippet:-1","max-image-preview":"max-image-preview:large","max-video-preview":"max-video-preview:-1"},"canonical":"https:\/\/gateindustries.com\/por\/privacy-policy\/","og_locale":"en_US","og_type":"article","og_title":"Privacy Policy - Navigation","og_description":"POL\u00cdTICA DE PRIVACIDADE \u00c9 a pol\u00edtica da Gate Industries, LLC proteger a privacidade dos investidores em projetos de investimento da Gate Industries. Portanto, Gate Industries n\u00e3o ir\u00e1 divulgar os nomes dos investidores para aqueles que est\u00e3o fora do projeto de investimento em particular, a n\u00e3o ser se obrigada a faz\u00ea-lo por lei. No entanto, cada [&hellip;]","og_url":"https:\/\/gateindustries.com\/por\/privacy-policy\/","og_site_name":"Navigation","article_modified_time":"2016-04-01T13:46:14+00:00","twitter_misc":{"Est. reading time":"1 minute"},"schema":{"@context":"https:\/\/schema.org","@graph":[{"@type":"WebSite","@id":"https:\/\/gateindustries.com\/por\/#website","url":"https:\/\/gateindustries.com\/por\/","name":"Navigation","description":"","potentialAction":[{"@type":"SearchAction","target":{"@type":"EntryPoint","urlTemplate":"https:\/\/gateindustries.com\/por\/?s={search_term_string}"},"query-input":"required name=search_term_string"}],"inLanguage":"en-US"},{"@type":"WebPage","@id":"https:\/\/gateindustries.com\/por\/privacy-policy\/#webpage","url":"https:\/\/gateindustries.com\/por\/privacy-policy\/","name":"Privacy Policy - Navigation","isPartOf":{"@id":"https:\/\/gateindustries.com\/por\/#website"},"datePublished":"2016-03-29T19:23:26+00:00","dateModified":"2016-04-01T13:46:14+00:00","breadcrumb":{"@id":"https:\/\/gateindustries.com\/por\/privacy-policy\/#breadcrumb"},"inLanguage":"en-US","potentialAction":[{"@type":"ReadAction","target":["https:\/\/gateindustries.com\/por\/privacy-policy\/"]}]},{"@type":"BreadcrumbList","@id":"https:\/\/gateindustries.com\/por\/privacy-policy\/#breadcrumb","itemListElement":[{"@type":"ListItem","position":1,"name":"Home","item":"https:\/\/gateindustries.com\/por\/"},{"@type":"ListItem","position":2,"name":"Privacy Policy"}]}]}},"_links":{"self":[{"href":"https:\/\/gateindustries.com\/por\/wp-json\/wp\/v2\/pages\/375","targetHints":{"allow":["GET"]}}],"collection":[{"href":"https:\/\/gateindustries.com\/por\/wp-json\/wp\/v2\/pages"}],"about":[{"href":"https:\/\/gateindustries.com\/por\/wp-json\/wp\/v2\/types\/page"}],"author":[{"embeddable":true,"href":"https:\/\/gateindustries.com\/por\/wp-json\/wp\/v2\/users\/3"}],"replies":[{"embeddable":true,"href":"https:\/\/gateindustries.com\/por\/wp-json\/wp\/v2\/comments?post=375"}],"version-history":[{"count":4,"href":"https:\/\/gateindustries.com\/por\/wp-json\/wp\/v2\/pages\/375\/revisions"}],"predecessor-version":[{"id":404,"href":"https:\/\/gateindustries.com\/por\/wp-json\/wp\/v2\/pages\/375\/revisions\/404"}],"wp:attachment":[{"href":"https:\/\/gateindustries.com\/por\/wp-json\/wp\/v2\/media?parent=375"}],"curies":[{"name":"wp","href":"https:\/\/api.w.org\/{rel}","templated":true}]}}