{"id":377,"date":"2016-03-29T19:24:50","date_gmt":"2016-03-29T19:24:50","guid":{"rendered":"https:\/\/gateindustries.com\/?page_id=377"},"modified":"2016-04-04T15:19:27","modified_gmt":"2016-04-04T15:19:27","slug":"disclaimers","status":"publish","type":"page","link":"https:\/\/gateindustries.com\/por\/disclaimers\/","title":{"rendered":"Disclaimers"},"content":{"rendered":"<h2>Isen\u00e7\u00e3o de Responsabilidade<\/h2>\n<hr>\n<p><strong>Gate Industries, LLC \u00a9 Todos os direitos reservados <\/br><br \/>\nPol\u00edtica de Privacidade\/Isen\u00e7\u00e3o de Responsabilidade<br \/>\n<\/strong><\/p>\n<p>As informa\u00e7\u00f5es contidas neste website n\u00e3o constituem ou fazem parte de, e n\u00e3o devem ser interpretadas como uma oferta, convite ou est\u00edmulo para comprar ou subscrever a quaisquer valores mobili\u00e1rios, t\u00edtulos ou a\u00e7\u00f5es, nem devem ser em totalidade ou em parte consideradas como base de qualquer contrato ou compromisso de qualquer esp\u00e9cie. As informa\u00e7\u00f5es contidas neste site n\u00e3o constituem qualquer aconselhamento ou recomenda\u00e7\u00e3o sobre quaisquer valores mobili\u00e1rios, t\u00edtulos ou a\u00e7\u00f5es. N\u00e3o h\u00e1 valores mobili\u00e1rios, t\u00edtulos ou a\u00e7\u00f5es, que tenham sido ou venham a ser, registrados sob o US Securities Act of 1933 ( &#8220;Securities Act&#8221;) ou com quaisquer autoridade reguladora de valores mobili\u00e1rios de qualquer estado ou jurisdi\u00e7\u00e3o dos Estados Unidos. N\u00e3o h\u00e1 valores mobili\u00e1rios que podem ser oferecidos ou vendidos sem registro ou com uma isen\u00e7\u00e3o de registro do Securities Act. Al\u00e9m disso, nem os United States Securities and Exchange Commission, nem qualquer outra entidade reguladora de valores mobili\u00e1rios de qualquer estado ou jurisdi\u00e7\u00e3o dos Estados Unidos, nem qualquer entidade reguladora de valores mobili\u00e1rios de qualquer outro pa\u00eds ou subdivis\u00e3o pol\u00edtica, atestaram sobre a exatid\u00e3o ou adequa\u00e7\u00e3o dos conte\u00fados deste site. Qualquer declara\u00e7\u00e3o em contr\u00e1rio \u00e9 ilegal.<\/p>\n<p><strong>\u00a0<\/strong><\/p>\n<p><strong>ISEN\u00c7\u00c3O DE RESPONSABILIDADE<br \/>\nNENHUMA OFERTA DE VENDA DE QUALQUER VALOR MOBILI\u00c1RIO \u00c9 FEITA POR ESTE WEBSITE  <\/strong><\/p>\n<p>Nenhuma oferta de venda de quaisquer valores mobili\u00e1rios, t\u00edtulos ou a\u00e7\u00f5es \u00e9 feita por este site. As informa\u00e7\u00f5es contidas neste site n\u00e3o s\u00e3o uma oferta de venda ou solicita\u00e7\u00e3o de oferta de compra de participa\u00e7\u00e3o em qualquer investimento ou para a presta\u00e7\u00e3o de qualquer servi\u00e7o de gest\u00e3o de investimentos ou aconselhamento de investimento. Qualquer oferta ou solicita\u00e7\u00e3o ser\u00e1 de acordo com isen\u00e7\u00f5es de exig\u00eancias de registro estabelecidas na legisla\u00e7\u00e3o de valores mobili\u00e1rios e feitas apenas por meio de entrega de memorando confidencial de oferta privada relacionado a um investimento particular aos investidores qualificados nas jurisdi\u00e7\u00f5es onde permitido por lei. Este site \u00e9 apenas um resumo de algumas quest\u00f5es importantes relacionadas com Gate Industries, LLC, qualificadas em sua totalidade pela informa\u00e7\u00e3o detalhada nos materiais de oferta de investimentos particulares. Os potenciais investidores dever\u00e3o tomar nota dos fatores de risco descritos em tais materiais de oferta.<\/p>\n<p><strong>\u00a0<\/strong><\/p>\n<p><strong>GATE INDUSTRIES N\u00c3O OFERECE ACONSELHAMENTO JUR\u00cdDICO OU SERVI\u00c7OS LEGAIS NA \u00c1REA DE IMIGRA\u00c7\u00c3O OU ACONSELHAMENTO DE INVESTIMENTO<\/strong><\/p>\n<p>Gate Industries, LLC e seus funcion\u00e1rios e membros, n\u00e3o agem como os seus advogados ou consultores jur\u00eddicos na \u00e1rea de imigra\u00e7\u00e3o e n\u00e3o tentam interpretar a lei de imigra\u00e7\u00e3o para voc\u00ea e n\u00e3o fornecem ou oferecem aconselhamento jur\u00eddico ou servi\u00e7os legais na \u00e1rea de imigra\u00e7\u00e3o. Um potencial investidor deve procurar aconselhamento jur\u00eddico de um advogado de imigra\u00e7\u00e3o particular de sua escolha. Gate Industries \u00e9 uma empresa que fornece algumas introdu\u00e7\u00f5es e servi\u00e7os para potenciais investidores estrangeiros, e como tal, n\u00e3o est\u00e1 autorizada a fornecer aconselhamentos de investimento. Gate Industries n\u00e3o \u00e9  ou ser\u00e1 respons\u00e1vel pelo sucesso ou fracasso de qualquer investimento oferecido por Gate Industries ou qualquer conseq\u00fcente lucro ou perda ou despesa que possam surgir, direta ou indiretamente, de tal investimento, seja ou n\u00e3o tal investimento usado para fins de imigra\u00e7\u00e3o, ou para o cumprimento com as exig\u00eancias do USCIS.<\/p>\n<p><strong>EM RELA\u00c7\u00c3O AOS LINKS A RELACIONADOS A ESTE SITE<\/strong><\/p>\n<p>Gate Industries n\u00e3o reviu ou analisou websites que contem links a este website e n\u00e3o \u00e9 respons\u00e1vel pelo conte\u00fado de quaisquer p\u00e1ginas fora deste website, ou por qualquer outro website vinculado, ou por links para qualquer outro website. A sua liga\u00e7\u00e3o a quaisquer p\u00e1ginas fora deste website ou outros websites ser\u00e1 por sua conta e risco. Gate Industries n\u00e3o faz quaisquer representa\u00e7\u00f5es sobre as opini\u00f5es de terceiros que aparecem em qualquer site vinculado, nem monitora regularmente, nem tem o controle sobre o conte\u00fado de tais sites, n\u00e3o endossa, e se isenta de toda e qualquer responsabilidade sobre o conte\u00fado de tais declara\u00e7\u00f5es ou websites.<\/p>\n","protected":false},"excerpt":{"rendered":"<p>Isen\u00e7\u00e3o de Responsabilidade Gate Industries, LLC \u00a9 Todos os direitos reservados Pol\u00edtica de Privacidade\/Isen\u00e7\u00e3o de Responsabilidade As informa\u00e7\u00f5es contidas neste website n\u00e3o constituem ou fazem parte de, e n\u00e3o devem ser interpretadas como uma oferta, convite ou est\u00edmulo para comprar ou subscrever a quaisquer valores mobili\u00e1rios, t\u00edtulos ou a\u00e7\u00f5es, nem devem ser em totalidade ou [&hellip;]<\/p>\n","protected":false},"author":3,"featured_media":0,"parent":0,"menu_order":0,"comment_status":"closed","ping_status":"closed","template":"","meta":{"footnotes":""},"class_list":["post-377","page","type-page","status-publish","hentry"],"yoast_head":"<!-- This site is optimized with the Yoast SEO plugin v17.0 - https:\/\/yoast.com\/wordpress\/plugins\/seo\/ -->\n<meta name=\"robots\" content=\"index, follow, max-snippet:-1, max-image-preview:large, max-video-preview:-1\" \/>\n<link rel=\"canonical\" href=\"https:\/\/gateindustries.com\/por\/disclaimers\/\" \/>\n<meta property=\"og:locale\" content=\"en_US\" \/>\n<meta property=\"og:type\" content=\"article\" \/>\n<meta property=\"og:title\" content=\"Disclaimers - Navigation\" \/>\n<meta property=\"og:description\" content=\"Isen\u00e7\u00e3o de Responsabilidade Gate Industries, LLC \u00a9 Todos os direitos reservados Pol\u00edtica de Privacidade\/Isen\u00e7\u00e3o de Responsabilidade As informa\u00e7\u00f5es contidas neste website n\u00e3o constituem ou fazem parte de, e n\u00e3o devem ser interpretadas como uma oferta, convite ou est\u00edmulo para comprar ou subscrever a quaisquer valores mobili\u00e1rios, t\u00edtulos ou a\u00e7\u00f5es, nem devem ser em totalidade ou [&hellip;]\" \/>\n<meta property=\"og:url\" content=\"https:\/\/gateindustries.com\/por\/disclaimers\/\" \/>\n<meta property=\"og:site_name\" content=\"Navigation\" \/>\n<meta property=\"article:modified_time\" content=\"2016-04-04T15:19:27+00:00\" \/>\n<meta name=\"twitter:label1\" content=\"Est. reading time\" \/>\n\t<meta name=\"twitter:data1\" content=\"4 minutes\" \/>\n<script type=\"application\/ld+json\" class=\"yoast-schema-graph\">{\"@context\":\"https:\/\/schema.org\",\"@graph\":[{\"@type\":\"WebSite\",\"@id\":\"https:\/\/gateindustries.com\/por\/#website\",\"url\":\"https:\/\/gateindustries.com\/por\/\",\"name\":\"Navigation\",\"description\":\"\",\"potentialAction\":[{\"@type\":\"SearchAction\",\"target\":{\"@type\":\"EntryPoint\",\"urlTemplate\":\"https:\/\/gateindustries.com\/por\/?s={search_term_string}\"},\"query-input\":\"required name=search_term_string\"}],\"inLanguage\":\"en-US\"},{\"@type\":\"WebPage\",\"@id\":\"https:\/\/gateindustries.com\/por\/disclaimers\/#webpage\",\"url\":\"https:\/\/gateindustries.com\/por\/disclaimers\/\",\"name\":\"Disclaimers - Navigation\",\"isPartOf\":{\"@id\":\"https:\/\/gateindustries.com\/por\/#website\"},\"datePublished\":\"2016-03-29T19:24:50+00:00\",\"dateModified\":\"2016-04-04T15:19:27+00:00\",\"breadcrumb\":{\"@id\":\"https:\/\/gateindustries.com\/por\/disclaimers\/#breadcrumb\"},\"inLanguage\":\"en-US\",\"potentialAction\":[{\"@type\":\"ReadAction\",\"target\":[\"https:\/\/gateindustries.com\/por\/disclaimers\/\"]}]},{\"@type\":\"BreadcrumbList\",\"@id\":\"https:\/\/gateindustries.com\/por\/disclaimers\/#breadcrumb\",\"itemListElement\":[{\"@type\":\"ListItem\",\"position\":1,\"name\":\"Home\",\"item\":\"https:\/\/gateindustries.com\/por\/\"},{\"@type\":\"ListItem\",\"position\":2,\"name\":\"Disclaimers\"}]}]}<\/script>\n<!-- \/ Yoast SEO plugin. -->","yoast_head_json":{"robots":{"index":"index","follow":"follow","max-snippet":"max-snippet:-1","max-image-preview":"max-image-preview:large","max-video-preview":"max-video-preview:-1"},"canonical":"https:\/\/gateindustries.com\/por\/disclaimers\/","og_locale":"en_US","og_type":"article","og_title":"Disclaimers - Navigation","og_description":"Isen\u00e7\u00e3o de Responsabilidade Gate Industries, LLC \u00a9 Todos os direitos reservados Pol\u00edtica de Privacidade\/Isen\u00e7\u00e3o de Responsabilidade As informa\u00e7\u00f5es contidas neste website n\u00e3o constituem ou fazem parte de, e n\u00e3o devem ser interpretadas como uma oferta, convite ou est\u00edmulo para comprar ou subscrever a quaisquer valores mobili\u00e1rios, t\u00edtulos ou a\u00e7\u00f5es, nem devem ser em totalidade ou [&hellip;]","og_url":"https:\/\/gateindustries.com\/por\/disclaimers\/","og_site_name":"Navigation","article_modified_time":"2016-04-04T15:19:27+00:00","twitter_misc":{"Est. reading time":"4 minutes"},"schema":{"@context":"https:\/\/schema.org","@graph":[{"@type":"WebSite","@id":"https:\/\/gateindustries.com\/por\/#website","url":"https:\/\/gateindustries.com\/por\/","name":"Navigation","description":"","potentialAction":[{"@type":"SearchAction","target":{"@type":"EntryPoint","urlTemplate":"https:\/\/gateindustries.com\/por\/?s={search_term_string}"},"query-input":"required name=search_term_string"}],"inLanguage":"en-US"},{"@type":"WebPage","@id":"https:\/\/gateindustries.com\/por\/disclaimers\/#webpage","url":"https:\/\/gateindustries.com\/por\/disclaimers\/","name":"Disclaimers - Navigation","isPartOf":{"@id":"https:\/\/gateindustries.com\/por\/#website"},"datePublished":"2016-03-29T19:24:50+00:00","dateModified":"2016-04-04T15:19:27+00:00","breadcrumb":{"@id":"https:\/\/gateindustries.com\/por\/disclaimers\/#breadcrumb"},"inLanguage":"en-US","potentialAction":[{"@type":"ReadAction","target":["https:\/\/gateindustries.com\/por\/disclaimers\/"]}]},{"@type":"BreadcrumbList","@id":"https:\/\/gateindustries.com\/por\/disclaimers\/#breadcrumb","itemListElement":[{"@type":"ListItem","position":1,"name":"Home","item":"https:\/\/gateindustries.com\/por\/"},{"@type":"ListItem","position":2,"name":"Disclaimers"}]}]}},"_links":{"self":[{"href":"https:\/\/gateindustries.com\/por\/wp-json\/wp\/v2\/pages\/377","targetHints":{"allow":["GET"]}}],"collection":[{"href":"https:\/\/gateindustries.com\/por\/wp-json\/wp\/v2\/pages"}],"about":[{"href":"https:\/\/gateindustries.com\/por\/wp-json\/wp\/v2\/types\/page"}],"author":[{"embeddable":true,"href":"https:\/\/gateindustries.com\/por\/wp-json\/wp\/v2\/users\/3"}],"replies":[{"embeddable":true,"href":"https:\/\/gateindustries.com\/por\/wp-json\/wp\/v2\/comments?post=377"}],"version-history":[{"count":4,"href":"https:\/\/gateindustries.com\/por\/wp-json\/wp\/v2\/pages\/377\/revisions"}],"predecessor-version":[{"id":409,"href":"https:\/\/gateindustries.com\/por\/wp-json\/wp\/v2\/pages\/377\/revisions\/409"}],"wp:attachment":[{"href":"https:\/\/gateindustries.com\/por\/wp-json\/wp\/v2\/media?parent=377"}],"curies":[{"name":"wp","href":"https:\/\/api.w.org\/{rel}","templated":true}]}}