{"id":38,"date":"2014-12-05T17:10:00","date_gmt":"2014-12-05T17:10:00","guid":{"rendered":"http:\/\/gi.hoamhost.com\/?page_id=38"},"modified":"2016-06-01T15:47:18","modified_gmt":"2016-06-01T15:47:18","slug":"our-eb5-projects","status":"publish","type":"page","link":"https:\/\/gateindustries.com\/por\/our-eb5-projects\/","title":{"rendered":"Projects"},"content":{"rendered":"<div class=\"topbox\" id=\"projects\">\n<h1><span>PROJETOS EB-5<\/span><\/h1>\n<\/div>\n<ul class=\"ihover-container\" style=\"margin-left:110px;\">\n<li class=\"hover_effects_li\">\n<div class=\"ih-item circle colored effect13 from_left_and_right\"><a href=\"#\"><\/p>\n<div class=\"spinner\"><\/div>\n<div class=\"img\"><img loading=\"lazy\" decoding=\"async\" src=\"\/wp-content\/uploads\/2014\/12\/bb.png\" alt=\"bb\" width=\"488\" height=\"270\" class=\"size-full wp-image-188\" srcset=\"https:\/\/gateindustries.com\/por\/wp-content\/uploads\/2014\/12\/bb.png 488w, https:\/\/gateindustries.com\/por\/wp-content\/uploads\/2014\/12\/bb-300x165.png 300w\" sizes=\"auto, (max-width: 488px) 100vw, 488px\" \/><\/p>\n<p class=\"pro-name\">Projeto: Est\u00fadio de Anima\u00e7\u00e3o<\/p>\n<\/div>\n<div class=\"info\">\n<div class=\"info-back\">\n<h3>Est\u00fadio de Anima\u00e7\u00e3o <\/h3>\n<p>O est\u00fadio \u00e9 reconhecido como l\u00edder na produ\u00e7\u00e3o de s\u00e9rie de com\u00e9dia animada do hor\u00e1rio nobre para a transmiss\u00e3o, cabo e redes digitais. O est\u00fadio est\u00e1 atualmente produzindo v\u00e1rios projetos inovadores apresentados na FOX, Hulu e YouTube.\n<\/p>\n<p>Fundos EB-5: $ 134 milh\u00f5es | Cria\u00e7\u00e3o de Empregos: 9.276 <\/p>\n<\/p><\/div>\n<\/div>\n<p><\/a><\/div>\n<\/li>\n<li class=\"hover_effects_li\">\n<div class=\"ih-item circle colored effect13 from_left_and_right\"><a href=\"#\"><\/p>\n<div class=\"spinner\"><\/div>\n<div class=\"img\"><img loading=\"lazy\" decoding=\"async\" src=\"https:\/\/gateindustries.com\/wp-content\/uploads\/2014\/12\/nj.jpg\" alt=\"jersey\" width=\"488\" height=\"270\" class=\"alignnone size-full wp-image-273\" \/><\/p>\n<p class=\"pro-name\">Projeto: Comunidade de Moradia Assistida para Idosos <\/p>\n<\/div>\n<div class=\"info\">\n<div class=\"info-back\">\n<h3>Comunidade de Moradia Assistida para Idosos<\/h3>\n<p>Comunidade de Moradia Assistida para Idosos oferecendo vida independente, vida assistida e cuidados de Alzheimer. Convenientemente localizada em Hamilton Township, Nova Jersey, a instala\u00e7\u00e3o oferece 195 unidades com amenidades incluindo sala de exerc\u00edcio, centro de fitness e bem-estar, cinema, jardim e centro comunit\u00e1rio.<\/p>\n<p>Cria\u00e7\u00e3o de Emprego: 441\n<\/p>\n<\/p><\/div>\n<\/div>\n<p><\/a><\/div>\n<\/li>\n<li class=\"hover_effects_li\">\n<div class=\"ih-item circle colored effect13 from_left_and_right\"><a href=\"#\"><\/p>\n<div class=\"spinner\"><\/div>\n<div class=\"img\"><img loading=\"lazy\" decoding=\"async\" src=\"https:\/\/gateindustries.com\/wp-content\/uploads\/2014\/12\/pharm1.jpg\" alt=\"pharm\" width=\"488\" height=\"270\" class=\"aligncenter size-full wp-image-402\" \/><\/p>\n<p class=\"pro-name\">Projeto: Unidade de Fabrica\u00e7\u00e3o Farmac\u00eautica<\/p>\n<\/div>\n<div class=\"info\">\n<div class=\"info-back\">\n<h3>Unidade de Fabrica\u00e7\u00e3o Farmac\u00eautica<\/h3>\n<p>Instala\u00e7\u00e3o de ultima gera\u00e7\u00e3o para fabrica\u00e7\u00e3o e embalagem de produtos nutrac\u00eauticos, medicamentos de venda livre (OTC), suplementos diet\u00e9ticos e bioqu\u00edmicos especiais para clientes do mundo inteiro. As expans\u00f5es atuais da instala\u00e7\u00e3o certificada pelo FDA permitir\u00e1 a empresa fornecer US $600 milh\u00f5es em capacidade de produ\u00e7\u00e3o.<\/p>\n<p>Fundos EB-5: $ 27 milh\u00f5es \/ Cria\u00e7\u00e3o de Empregos: 2.475\n<\/p>\n<\/p><\/div>\n<\/div>\n<p><\/a><\/div>\n<\/li>\n<li class=\"hover_effects_li\">\n<div class=\"ih-item circle colored effect13 from_left_and_right\"><a href=\"#\"><\/p>\n<div class=\"spinner\"><\/div>\n<div class=\"img\"><img loading=\"lazy\" decoding=\"async\" src=\"https:\/\/gateindustries.com\/wp-content\/uploads\/2014\/12\/trans.jpg\" alt=\"trans\" width=\"488\" height=\"270\" class=\"aligncenter size-full wp-image-404\" \/><\/p>\n<p class=\"pro-name\">Projeto: Linha de Transmiss\u00e3o e Distribui\u00e7\u00e3o El\u00e9trica<\/p>\n<\/div>\n<div class=\"info\">\n<div class=\"info-back\">\n<h3>Linha de Transmiss\u00e3o e Distribui\u00e7\u00e3o El\u00e9trica<\/h3>\n<p>Projeto de linha de transmiss\u00e3o concebida para modernizar a rede el\u00e9trica e distribuir os recursos de energia renov\u00e1vel para clientes e mercados em todo o deserto sudoeste dos Estados Unidos. As linhas de transmiss\u00e3o el\u00e9trica e subesta\u00e7\u00f5es v\u00e3o ajudar a atender a crescente demanda de energia n\u00e3o poluentes do pa\u00eds, reduzindo a depend\u00eancia em combust\u00edveis f\u00f3sseis. <\/p>\n<p>Fundos EB-5: $ 300 milh\u00f5es \/ Cria\u00e7\u00e3o de Empregos: 14,039\n<\/p>\n<\/p><\/div>\n<\/div>\n<p><\/a><\/div>\n<\/li>\n<li class=\"hover_effects_li\">\n<div class=\"ih-item circle colored effect13 from_left_and_right\"><a href=\"#\"><\/p>\n<div class=\"spinner\"><\/div>\n<div class=\"img\"><img loading=\"lazy\" decoding=\"async\" src=\"https:\/\/gateindustries.com\/wp-content\/uploads\/2014\/12\/bio2.jpg\" alt=\"bio\" width=\"488\" height=\"270\" class=\"aligncenter size-full wp-image-406\" \/><\/p>\n<p class=\"pro-name\">Projeto: Unidade de Fabrica\u00e7\u00e3o de Biomassa <\/p>\n<\/div>\n<div class=\"info\">\n<div class=\"info-back\">\n<h3>Unidade de Fabrica\u00e7\u00e3o de Biomassa <\/h3>\n<p>F\u00e1brica de granulados de madeira capaz de produzir mais de 480.000 toneladas de gr\u00e2nulos\/pellets de madeira industriais por ano. A instala\u00e7\u00e3o ir\u00e1 ajudar a complementar a crescente demanda da Europa por bioenergia sustent\u00e1vel e renov\u00e1vel. <\/p>\n<p>Fundos EB-5: $ 42,5 milh\u00f5es \/ Cria\u00e7\u00e3o de Empregos: 1.588\n<\/p>\n<\/p><\/div>\n<\/div>\n<p><\/a><\/div>\n<\/li>\n<li class=\"hover_effects_li\">\n<div class=\"ih-item circle colored effect13 from_left_and_right\"><a href=\"#\"><\/p>\n<div class=\"spinner\"><\/div>\n<div class=\"img\"><img loading=\"lazy\" decoding=\"async\" src=\"https:\/\/gateindustries.com\/wp-content\/uploads\/2014\/12\/new.jpg\" alt=\"new\" width=\"488\" height=\"270\" class=\"alignnone size-full wp-image-312\" srcset=\"https:\/\/gateindustries.com\/por\/wp-content\/uploads\/2014\/12\/new.jpg 488w, https:\/\/gateindustries.com\/por\/wp-content\/uploads\/2014\/12\/new-300x166.jpg 300w\" sizes=\"auto, (max-width: 488px) 100vw, 488px\" \/><\/p>\n<p class=\"pro-name\">Projeto: Comunidade de Moradia Assistida para Idosos<\/p>\n<\/div>\n<div class=\"info\">\n<div class=\"info-back\">\n<h3>Comunidade de Moradia Assistida para Idosos Blurbs <\/h3>\n<p>Localizado no Golfo da Fl\u00f3rida,  com 108 unidades, o projeto com instala\u00e7\u00f5es de moradia assistida e cuidados de mem\u00f3ria ser\u00e1 projetado para uma popula\u00e7\u00e3o de renda m\u00e9dia e oferecer\u00e1 suites compartilhadas, est\u00fadio, e unidades de um quarto e dois quartos com amenidades competitivas e atraentes. <\/p>\n<p>Cria\u00e7\u00e3o de Emprego: 324\n<\/p>\n<\/p><\/div>\n<\/div>\n<p><\/a><\/div>\n<\/li>\n<li class=\"hover_effects_li\">\n<div class=\"ih-item circle colored effect13 from_left_and_right\"><a href=\"#\"><\/p>\n<div class=\"spinner\"><\/div>\n<div class=\"img\"><img loading=\"lazy\" decoding=\"async\" src=\"\/wp-content\/uploads\/2014\/12\/power.jpg\" alt=\"power\" width=\"488\" height=\"270\" class=\"alignnone size-full wp-image-191\" srcset=\"https:\/\/gateindustries.com\/por\/wp-content\/uploads\/2014\/12\/power.jpg 488w, https:\/\/gateindustries.com\/por\/wp-content\/uploads\/2014\/12\/power-300x165.jpg 300w\" sizes=\"auto, (max-width: 488px) 100vw, 488px\" \/><\/p>\n<p class=\"pro-name\">Projeto: Usina de Energia <\/p>\n<\/div>\n<div class=\"info\">\n<div class=\"info-back\">\n<h3>Usina de Energia  <\/h3>\n<p>A instala\u00e7\u00e3o ir\u00e1 gerar 32 mega watts (MW) l\u00edquido de energia ecol\u00f3gica com a transforma\u00e7\u00e3o de biomassa lenhosa e excre\u00e7\u00e3o de aves. A instala\u00e7\u00e3o ser\u00e1  a primeira de pelo menos quatro instala\u00e7\u00f5es sob nosso supervisionamento que ser\u00e3o constru\u00eddos para usar recursos renov\u00e1veis, em oposi\u00e7\u00e3o a combust\u00edveis f\u00f3sseis como carv\u00e3o ou g\u00e1s natural.<\/p>\n<p>Fundos EB-5:$ 50 milh\u00f5es | Cria\u00e7\u00e3o de Empregos: 1.332\n<\/p>\n<\/p><\/div>\n<\/div>\n<p><\/a><\/div>\n<\/li>\n<li class=\"hover_effects_li\">\n<div class=\"ih-item circle colored effect13 from_left_and_right\"><a href=\"#\"><\/p>\n<div class=\"spinner\"><\/div>\n<div class=\"img\"><img loading=\"lazy\" decoding=\"async\" src=\"\/wp-content\/uploads\/2014\/12\/bio1.jpg\" alt=\"bio\" width=\"488\" height=\"270\" class=\"alignnone size-full wp-image-189\" srcset=\"https:\/\/gateindustries.com\/por\/wp-content\/uploads\/2014\/12\/bio1.jpg 488w, https:\/\/gateindustries.com\/por\/wp-content\/uploads\/2014\/12\/bio1-300x165.jpg 300w\" sizes=\"auto, (max-width: 488px) 100vw, 488px\" \/><\/p>\n<p class=\"pro-name\">Projeto: Unidade de Fabrica\u00e7\u00e3o de Biopl\u00e1sticos  <\/p>\n<\/div>\n<div class=\"info\">\n<div class=\"info-back\">\n<h3>Unidade de Fabrica\u00e7\u00e3o de Biopl\u00e1sticos <\/h3>\n<p>A Unidade de Fabrica\u00e7\u00e3o de Biopl\u00e1sticos possui um milh\u00e3o de p\u00e9s quadrados e fabrica biopl\u00e1sticos PHA a partir de recursos naturais renov\u00e1veis. Estes pl\u00e1sticos s\u00e3o 100% biodegrad\u00e1veis e compost\u00e1veis e com desempenho igual ou superior a produtos de pl\u00e1stico \u00e0 base de petr\u00f3leo. <\/p>\n<p>Fundos EB-5: $ 134 milh\u00f5es | Cria\u00e7\u00e3o de Empregos: 9.276\n<\/p>\n<\/p><\/div>\n<\/div>\n<p><\/a><\/div>\n<\/li>\n<li class=\"hover_effects_li\">\n<div class=\"ih-item circle colored effect13 from_left_and_right\"><a href=\"#\"><\/p>\n<div class=\"spinner\"><\/div>\n<div class=\"img\"><img loading=\"lazy\" decoding=\"async\" src=\"\/wp-content\/uploads\/2014\/12\/af.jpg\" alt=\"af\" width=\"488\" height=\"270\" class=\"alignnone size-full wp-image-187\" srcset=\"https:\/\/gateindustries.com\/por\/wp-content\/uploads\/2014\/12\/af.jpg 488w, https:\/\/gateindustries.com\/por\/wp-content\/uploads\/2014\/12\/af-300x165.jpg 300w\" sizes=\"auto, (max-width: 488px) 100vw, 488px\" \/><\/p>\n<p class=\"pro-name\">Projeto: Fazenda Aqu\u00e1tica <\/p>\n<\/div>\n<div class=\"info\">\n<div class=\"info-back\">\n<h3>Fazenda Aqu\u00e1tica <\/h3>\n<p>A fazenda aqu\u00e1tica est\u00e1 espalhada por 23 acres e \u00e9 composta por sete sistemas com distintos controles de qualidade  &#8211; cada um com aqu\u00e1rios de arte e tecnologia de filtragem de \u00faltima gera\u00e7\u00e3o que asseguram um ambiente de cultivo imaculado, especificamente calibrado para proporcionar as condi\u00e7\u00f5es ideais para numerosas esp\u00e9cies de frutos do mar em alta demanda.<\/p>\n<p>Cria\u00e7\u00e3o de Empregos: 1.200<\/p>\n<\/p><\/div>\n<\/div>\n<p><\/a><\/div>\n<\/li>\n<li class=\"hover_effects_li\">\n<div class=\"ih-item circle colored effect13 from_left_and_right\"><a href=\"#\"><\/p>\n<div class=\"spinner\"><\/div>\n<div class=\"img\"><img loading=\"lazy\" decoding=\"async\" src=\"\/wp-content\/uploads\/2014\/12\/hotel1.jpg\" alt=\"hotel\" width=\"488\" height=\"270\" class=\"alignnone size-full wp-image-190\" srcset=\"https:\/\/gateindustries.com\/por\/wp-content\/uploads\/2014\/12\/hotel1.jpg 488w, https:\/\/gateindustries.com\/por\/wp-content\/uploads\/2014\/12\/hotel1-300x165.jpg 300w\" sizes=\"auto, (max-width: 488px) 100vw, 488px\" \/><\/p>\n<p class=\"pro-name\">Projeto: Residencial  <\/p>\n<\/div>\n<div class=\"info\">\n<div class=\"info-back\">\n<h3>Hotel \/ Residencial <\/h3>\n<p>Hotel de luxo operado por marca hoteleira experiente, com 132 quartos de servi\u00e7o completo. O hotel est\u00e1 equipado com um restaurante completo e exclusivo da marca, um sagu\u00e3o, uma piscina, sala de gin\u00e1stica, business center e cerca de 4.000 p\u00e9s quadrados de espa\u00e7o para eventos.\n<\/p>\n<p>Cria\u00e7\u00e3o de Emprego: 550 postos de trabalho<\/p>\n<\/p><\/div>\n<\/div>\n<p><\/a><\/div>\n<\/li>\n<\/ul>\n<style>\n\t\t\t\t\t.ihover-container {\n\t\t\t\t\t\t\tclear: both;\n\t\t\t\t\t\t\tdisplay: inline-block;\n\t\t\t\t\t\t\tlist-style-type: none;\n\t\t\t\t\t\t\tmargin: 0;\n\t\t\t\t\t\t\tpadding: 0;\n\t\t\t\t\t\t\tposition: relative;\n\t\t\t\t\t\t\twidth: 100%;\n\t\t\t\t\t\t}\n\t\t\t\t\t\t.ihover-container li {\n\t\t\t\t\t\t\tbackground: none repeat scroll 0 0 transparent;\n\t\t\t\t\t\t\tfloat: left;\n\t\t\t\t\t\t\tlist-style: none outside none;\n\t\t\t\t\t\t\tmargin: 0 12px 50px 0;\n\t\t\t\t\t\t\tpadding: 0;\n\t\t\t\t\t\t\twidth: 488px;\n\t\t\t\t\t\t}\n\t\t\t\t\t\t.ihover-container li img {\n\t\t\t\t\t\t\tborder-radius: 0;\n\t\t\t\t\t\t\tbox-shadow: none;\n\t\t\t\t\t\t\tdisplay: block;\n\t\t\t\t\t\t\tmargin: 0;\n\t\t\t\t\t\t\tpadding: 0;\n\t\t\t\t\t\t}\n\t\t\t\t<\/style>\n<p style=\"text-align:center; clear:both; padding-top:30px; margin-bottom:-10px;\"><a href=\"http:\/\/www.iiusa.org\/\" target=\"_blank\"><img loading=\"lazy\" decoding=\"async\" src=\"https:\/\/gateindustries.com\/wp-content\/uploads\/2014\/12\/presidents.png\" alt=\"presidents\" width=\"150\" height=\"178\" class=\"aligncenter size-full wp-image-252\" \/><\/a><\/p>\n","protected":false},"excerpt":{"rendered":"<p>PROJETOS EB-5 Projeto: Est\u00fadio de Anima\u00e7\u00e3o Est\u00fadio de Anima\u00e7\u00e3o O est\u00fadio \u00e9 reconhecido como l\u00edder na produ\u00e7\u00e3o de s\u00e9rie de com\u00e9dia animada do hor\u00e1rio nobre para a transmiss\u00e3o, cabo e redes digitais. O est\u00fadio est\u00e1 atualmente produzindo v\u00e1rios projetos inovadores apresentados na FOX, Hulu e YouTube. Fundos EB-5: $ 134 milh\u00f5es | Cria\u00e7\u00e3o de Empregos: [&hellip;]<\/p>\n","protected":false},"author":3,"featured_media":0,"parent":0,"menu_order":0,"comment_status":"open","ping_status":"open","template":"","meta":{"footnotes":""},"class_list":["post-38","page","type-page","status-publish","hentry"],"yoast_head":"<!-- This site is optimized with the Yoast SEO plugin v17.0 - https:\/\/yoast.com\/wordpress\/plugins\/seo\/ -->\n<meta name=\"description\" content=\"Projects Gate Industries have helped through their knowledge of the EB-5 program. Gate Industries have helped in creating thousands on new jobs.\" \/>\n<meta name=\"robots\" content=\"index, follow, max-snippet:-1, max-image-preview:large, max-video-preview:-1\" \/>\n<link rel=\"canonical\" href=\"https:\/\/gateindustries.com\/por\/our-eb5-projects\/\" \/>\n<meta property=\"og:locale\" content=\"en_US\" \/>\n<meta property=\"og:type\" content=\"article\" \/>\n<meta property=\"og:title\" content=\"EB-5 Projects and Job Creation Numbers | Gate Industries\" \/>\n<meta property=\"og:description\" content=\"Projects Gate Industries have helped through their knowledge of the EB-5 program. Gate Industries have helped in creating thousands on new jobs.\" \/>\n<meta property=\"og:url\" content=\"https:\/\/gateindustries.com\/por\/our-eb5-projects\/\" \/>\n<meta property=\"og:site_name\" content=\"Navigation\" \/>\n<meta property=\"article:modified_time\" content=\"2016-06-01T15:47:18+00:00\" \/>\n<meta property=\"og:image\" content=\"https:\/\/gateindustries.com\/wp-content\/uploads\/2014\/12\/bb.png\" \/>\n<meta name=\"twitter:label1\" content=\"Est. reading time\" \/>\n\t<meta name=\"twitter:data1\" content=\"4 minutes\" \/>\n<script type=\"application\/ld+json\" class=\"yoast-schema-graph\">{\"@context\":\"https:\/\/schema.org\",\"@graph\":[{\"@type\":\"WebSite\",\"@id\":\"https:\/\/gateindustries.com\/por\/#website\",\"url\":\"https:\/\/gateindustries.com\/por\/\",\"name\":\"Navigation\",\"description\":\"\",\"potentialAction\":[{\"@type\":\"SearchAction\",\"target\":{\"@type\":\"EntryPoint\",\"urlTemplate\":\"https:\/\/gateindustries.com\/por\/?s={search_term_string}\"},\"query-input\":\"required name=search_term_string\"}],\"inLanguage\":\"en-US\"},{\"@type\":\"ImageObject\",\"@id\":\"https:\/\/gateindustries.com\/por\/our-eb5-projects\/#primaryimage\",\"inLanguage\":\"en-US\",\"url\":\"\/wp-content\/uploads\/2014\/12\/bb.png\",\"contentUrl\":\"\/wp-content\/uploads\/2014\/12\/bb.png\"},{\"@type\":\"WebPage\",\"@id\":\"https:\/\/gateindustries.com\/por\/our-eb5-projects\/#webpage\",\"url\":\"https:\/\/gateindustries.com\/por\/our-eb5-projects\/\",\"name\":\"EB-5 Projects and Job Creation Numbers | Gate Industries\",\"isPartOf\":{\"@id\":\"https:\/\/gateindustries.com\/por\/#website\"},\"primaryImageOfPage\":{\"@id\":\"https:\/\/gateindustries.com\/por\/our-eb5-projects\/#primaryimage\"},\"datePublished\":\"2014-12-05T17:10:00+00:00\",\"dateModified\":\"2016-06-01T15:47:18+00:00\",\"description\":\"Projects Gate Industries have helped through their knowledge of the EB-5 program. Gate Industries have helped in creating thousands on new jobs.\",\"breadcrumb\":{\"@id\":\"https:\/\/gateindustries.com\/por\/our-eb5-projects\/#breadcrumb\"},\"inLanguage\":\"en-US\",\"potentialAction\":[{\"@type\":\"ReadAction\",\"target\":[\"https:\/\/gateindustries.com\/por\/our-eb5-projects\/\"]}]},{\"@type\":\"BreadcrumbList\",\"@id\":\"https:\/\/gateindustries.com\/por\/our-eb5-projects\/#breadcrumb\",\"itemListElement\":[{\"@type\":\"ListItem\",\"position\":1,\"name\":\"Home\",\"item\":\"https:\/\/gateindustries.com\/por\/\"},{\"@type\":\"ListItem\",\"position\":2,\"name\":\"Projects\"}]}]}<\/script>\n<!-- \/ Yoast SEO plugin. -->","yoast_head_json":{"description":"Projects Gate Industries have helped through their knowledge of the EB-5 program. Gate Industries have helped in creating thousands on new jobs.","robots":{"index":"index","follow":"follow","max-snippet":"max-snippet:-1","max-image-preview":"max-image-preview:large","max-video-preview":"max-video-preview:-1"},"canonical":"https:\/\/gateindustries.com\/por\/our-eb5-projects\/","og_locale":"en_US","og_type":"article","og_title":"EB-5 Projects and Job Creation Numbers | Gate Industries","og_description":"Projects Gate Industries have helped through their knowledge of the EB-5 program. Gate Industries have helped in creating thousands on new jobs.","og_url":"https:\/\/gateindustries.com\/por\/our-eb5-projects\/","og_site_name":"Navigation","article_modified_time":"2016-06-01T15:47:18+00:00","og_image":[{"url":"https:\/\/gateindustries.com\/wp-content\/uploads\/2014\/12\/bb.png"}],"twitter_misc":{"Est. reading time":"4 minutes"},"schema":{"@context":"https:\/\/schema.org","@graph":[{"@type":"WebSite","@id":"https:\/\/gateindustries.com\/por\/#website","url":"https:\/\/gateindustries.com\/por\/","name":"Navigation","description":"","potentialAction":[{"@type":"SearchAction","target":{"@type":"EntryPoint","urlTemplate":"https:\/\/gateindustries.com\/por\/?s={search_term_string}"},"query-input":"required name=search_term_string"}],"inLanguage":"en-US"},{"@type":"ImageObject","@id":"https:\/\/gateindustries.com\/por\/our-eb5-projects\/#primaryimage","inLanguage":"en-US","url":"\/wp-content\/uploads\/2014\/12\/bb.png","contentUrl":"\/wp-content\/uploads\/2014\/12\/bb.png"},{"@type":"WebPage","@id":"https:\/\/gateindustries.com\/por\/our-eb5-projects\/#webpage","url":"https:\/\/gateindustries.com\/por\/our-eb5-projects\/","name":"EB-5 Projects and Job Creation Numbers | Gate Industries","isPartOf":{"@id":"https:\/\/gateindustries.com\/por\/#website"},"primaryImageOfPage":{"@id":"https:\/\/gateindustries.com\/por\/our-eb5-projects\/#primaryimage"},"datePublished":"2014-12-05T17:10:00+00:00","dateModified":"2016-06-01T15:47:18+00:00","description":"Projects Gate Industries have helped through their knowledge of the EB-5 program. Gate Industries have helped in creating thousands on new jobs.","breadcrumb":{"@id":"https:\/\/gateindustries.com\/por\/our-eb5-projects\/#breadcrumb"},"inLanguage":"en-US","potentialAction":[{"@type":"ReadAction","target":["https:\/\/gateindustries.com\/por\/our-eb5-projects\/"]}]},{"@type":"BreadcrumbList","@id":"https:\/\/gateindustries.com\/por\/our-eb5-projects\/#breadcrumb","itemListElement":[{"@type":"ListItem","position":1,"name":"Home","item":"https:\/\/gateindustries.com\/por\/"},{"@type":"ListItem","position":2,"name":"Projects"}]}]}},"_links":{"self":[{"href":"https:\/\/gateindustries.com\/por\/wp-json\/wp\/v2\/pages\/38","targetHints":{"allow":["GET"]}}],"collection":[{"href":"https:\/\/gateindustries.com\/por\/wp-json\/wp\/v2\/pages"}],"about":[{"href":"https:\/\/gateindustries.com\/por\/wp-json\/wp\/v2\/types\/page"}],"author":[{"embeddable":true,"href":"https:\/\/gateindustries.com\/por\/wp-json\/wp\/v2\/users\/3"}],"replies":[{"embeddable":true,"href":"https:\/\/gateindustries.com\/por\/wp-json\/wp\/v2\/comments?post=38"}],"version-history":[{"count":68,"href":"https:\/\/gateindustries.com\/por\/wp-json\/wp\/v2\/pages\/38\/revisions"}],"predecessor-version":[{"id":435,"href":"https:\/\/gateindustries.com\/por\/wp-json\/wp\/v2\/pages\/38\/revisions\/435"}],"wp:attachment":[{"href":"https:\/\/gateindustries.com\/por\/wp-json\/wp\/v2\/media?parent=38"}],"curies":[{"name":"wp","href":"https:\/\/api.w.org\/{rel}","templated":true}]}}